{"id":4392,"date":"2021-10-13T14:26:40","date_gmt":"2021-10-13T17:26:40","guid":{"rendered":"https:\/\/www.taller-palabras.com\/WordPress_04\/?post_type=product&#038;p=4392"},"modified":"2024-04-25T12:08:15","modified_gmt":"2024-04-25T15:08:15","slug":"el-puente-sobre-el-rio-kwai-pierre-boulle-ebook","status":"publish","type":"product","link":"https:\/\/www.taller-palabras.com\/WordPress_04\/producto\/el-puente-sobre-el-rio-kwai-pierre-boulle-ebook","title":{"rendered":"El puente sobre el rio Kwai &#8211; Pierre Boulle \/ebook"},"content":{"rendered":"<figure id=\"attachment_4388\" aria-describedby=\"caption-attachment-4388\" style=\"width: 150px\" class=\"wp-caption alignleft\"><img loading=\"lazy\" decoding=\"async\" class=\"wp-image-4388 size-thumbnail\" src=\"https:\/\/www.taller-palabras.com\/WordPress_04\/wp-content\/uploads\/2021\/10\/PierreBoulle-150x150.jpg\" alt=\"\" width=\"150\" height=\"150\" srcset=\"https:\/\/www.taller-palabras.com\/WordPress_04\/wp-content\/uploads\/2021\/10\/PierreBoulle-150x150.jpg 150w, https:\/\/www.taller-palabras.com\/WordPress_04\/wp-content\/uploads\/2021\/10\/PierreBoulle-100x100.jpg 100w\" sizes=\"auto, (max-width: 150px) 100vw, 150px\" \/><figcaption id=\"caption-attachment-4388\" class=\"wp-caption-text\">Autor Pierre Boulle<\/figcaption><\/figure>\n<p>Inteligente relato de aventuras, perspicaz novela psicol\u00f3gica, tragedia con iron\u00eda, El puente sobre el r\u00edo Kwai fue uno de los fen\u00f3menos literarios m\u00e1s populares a mediados del siglo xx. Escrita por Pierre Boulle, aventurero y autor entre otras obras de El planeta de los simios, fue traducida a m\u00e1s de veinte idiomas. Hollywood la consagr\u00f3 definitivamente con la versi\u00f3n cinematogr\u00e1fica de 1957, ganadora de siete Oscars. Basada en un hecho real y autobiogr\u00e1fico de la II Guerra Mundial, Boulle narra las tribulaciones de una tropa de soldados ingleses que, habiendo sido apresada por el ej\u00e9rcito japon\u00e9s, debe construir un puente sobre el r\u00edo Kwai, en mitad de la selva, destinado a unir por ferrocarril el golfo de Bengala con Bangkok y Singapur, lo que facilitar\u00e1 la presencia de los soldados japoneses en los lugares claves de la guerra. El coronel Nicholson, al mando de los prisioneros, utiliza lo mejor de s\u00ed mismo para construir el puente, mientras un comando ingl\u00e9s, entrenado especialmente para destruirlo, aguarda en la selva el momento oportuno. Como explica Javier Coma en su pr\u00f3logo a esta nueva traducci\u00f3n de la obra, Nicholson, \u00abimbuido de militarismo tradicional y de racismo, pretende demostrar su superioridad personal, nacional y racial por medio de la construcci\u00f3n de un puente que, en realidad, ha de favorecer la expansi\u00f3n del enemigo y la multiplicaci\u00f3n de muertes en las fuerzas aliadas\u00bb. Por eso Boulle construye magistralmente esta novela, con el prop\u00f3sito de efectuar un ap\u00f3logo moral sobre lo absurdo de las guerras, influido por cierta \u00e9tica oriental: \u00abla trama sugiere una estructura metaf\u00f3rica donde el hombre construye y destruye sucesivamente al tiempo que pierde de vista si act\u00faa en beneficio o en perjuicio propio\u00bb.<\/p>\n","protected":false},"excerpt":{"rendered":"<p>Inteligente relato de aventuras, perspicaz novela psicol\u00f3gica, tragedia con iron\u00eda, El puente sobre el r\u00edo Kwai fue uno de los fen\u00f3menos literarios m\u00e1s populares a mediados del siglo xx. Escrita por Pierre Boulle, aventurero y autor entre otras obras de El planeta de los simios, fue traducida a m\u00e1s de veinte idiomas. Hollywood la consagr\u00f3 [&hellip;]<\/p>\n","protected":false},"featured_media":4386,"template":"","meta":[],"product_brand":[],"product_cat":[25],"product_tag":[54,570,45,569],"class_list":{"0":"post-4392","1":"product","2":"type-product","3":"status-publish","4":"has-post-thumbnail","6":"product_cat-libros-digitales-ebooks","7":"product_tag-descargar-ebook","8":"product_tag-el-puente-sobre-el-rio-kwai","9":"product_tag-mejor-novela","10":"product_tag-pierre-boulle","12":"first","13":"instock","14":"shipping-taxable","15":"purchasable","16":"product-type-variable","17":"has-default-attributes"},"_links":{"self":[{"href":"https:\/\/www.taller-palabras.com\/WordPress_04\/wp-json\/wp\/v2\/product\/4392","targetHints":{"allow":["GET"]}}],"collection":[{"href":"https:\/\/www.taller-palabras.com\/WordPress_04\/wp-json\/wp\/v2\/product"}],"about":[{"href":"https:\/\/www.taller-palabras.com\/WordPress_04\/wp-json\/wp\/v2\/types\/product"}],"wp:featuredmedia":[{"embeddable":true,"href":"https:\/\/www.taller-palabras.com\/WordPress_04\/wp-json\/wp\/v2\/media\/4386"}],"wp:attachment":[{"href":"https:\/\/www.taller-palabras.com\/WordPress_04\/wp-json\/wp\/v2\/media?parent=4392"}],"wp:term":[{"taxonomy":"product_brand","embeddable":true,"href":"https:\/\/www.taller-palabras.com\/WordPress_04\/wp-json\/wp\/v2\/product_brand?post=4392"},{"taxonomy":"product_cat","embeddable":true,"href":"https:\/\/www.taller-palabras.com\/WordPress_04\/wp-json\/wp\/v2\/product_cat?post=4392"},{"taxonomy":"product_tag","embeddable":true,"href":"https:\/\/www.taller-palabras.com\/WordPress_04\/wp-json\/wp\/v2\/product_tag?post=4392"}],"curies":[{"name":"wp","href":"https:\/\/api.w.org\/{rel}","templated":true}]}}