{"id":4446,"date":"2021-10-21T10:10:27","date_gmt":"2021-10-21T13:10:27","guid":{"rendered":"https:\/\/www.taller-palabras.com\/WordPress_04\/?post_type=product&#038;p=4446"},"modified":"2024-04-25T13:42:49","modified_gmt":"2024-04-25T16:42:49","slug":"a-la-caza-del-amor-nancy-mitford-ebook","status":"publish","type":"product","link":"https:\/\/www.taller-palabras.com\/WordPress_04\/producto\/a-la-caza-del-amor-nancy-mitford-ebook","title":{"rendered":"A la caza del amor &#8211; Nancy Mitford \/ebook"},"content":{"rendered":"<figure id=\"attachment_4411\" aria-describedby=\"caption-attachment-4411\" style=\"width: 150px\" class=\"wp-caption alignleft\"><img loading=\"lazy\" decoding=\"async\" class=\"wp-image-4411 size-thumbnail\" src=\"https:\/\/www.taller-palabras.com\/WordPress_04\/wp-content\/uploads\/2021\/10\/Nancy-Mitford-150x150.jpg\" alt=\"\" width=\"150\" height=\"150\" srcset=\"https:\/\/www.taller-palabras.com\/WordPress_04\/wp-content\/uploads\/2021\/10\/Nancy-Mitford-150x150.jpg 150w, https:\/\/www.taller-palabras.com\/WordPress_04\/wp-content\/uploads\/2021\/10\/Nancy-Mitford-100x100.jpg 100w, https:\/\/www.taller-palabras.com\/WordPress_04\/wp-content\/uploads\/2021\/10\/Nancy-Mitford.jpg 250w\" sizes=\"auto, (max-width: 150px) 100vw, 150px\" \/><figcaption id=\"caption-attachment-4411\" class=\"wp-caption-text\">Autora Nancy Mitford<\/figcaption><\/figure>\n<p>En A la caza del amor, su novela de mayor \u00e9xito, Nancy Mitford utiliza elementos reales de su extravagante y famosa familia para construir el relato. La acci\u00f3n se abre en el sal\u00f3n de Alconleigh, la casa de campo de los Radlett. Ante nuestros ojos van desfilando los distintos miembros de la familia: el malhumorado padre, t\u00edo Matthew, con sus violentos y c\u00f3micos estallidos de c\u00f3lera y sus curiosos pasatiempos, como organizar cacer\u00edas en las que las piezas son alguno de sus hijos\u2026; la ausente y devota madre, Sadie; y los siete hijos que junto a su prima Fanny forman una estrafalaria y divertid\u00edsima familia. Pero realmente es la joven Linda Radlett y su permanente b\u00fasqueda del amor el aut\u00e9ntico centro de esta historia. A trav\u00e9s de sus p\u00e1ginas la acompa\u00f1aremos en su azarosa conquista y conoceremos a los distintos hombres en los que crey\u00f3 encontrarlo. El texto despliega el famoso ingenio sat\u00edrico y la extraordinaria capacidad de la autora para reconstruir el ambiente, la vida y las personas en los c\u00edrculos aristocr\u00e1ticos ingleses de entreguerras. Un libro inteligente y divertido, que, aunque pudiera gustar simplemente por lo que es: una novela vibrante y mordaz, es tambi\u00e9n un verdadero trozo de vida.<\/p>\n","protected":false},"excerpt":{"rendered":"<p>En A la caza del amor, su novela de mayor \u00e9xito, Nancy Mitford utiliza elementos reales de su extravagante y famosa familia para construir el relato. La acci\u00f3n se abre en el sal\u00f3n de Alconleigh, la casa de campo de los Radlett. Ante nuestros ojos van desfilando los distintos miembros de la familia: el malhumorado [&hellip;]<\/p>\n","protected":false},"featured_media":4415,"template":"","meta":[],"product_brand":[],"product_cat":[25],"product_tag":[574,54,45,573],"class_list":{"0":"post-4446","1":"product","2":"type-product","3":"status-publish","4":"has-post-thumbnail","6":"product_cat-libros-digitales-ebooks","7":"product_tag-a-la-caza-del-amor","8":"product_tag-descargar-ebook","9":"product_tag-mejor-novela","10":"product_tag-nancy-mitford","12":"first","13":"instock","14":"shipping-taxable","15":"purchasable","16":"product-type-variable","17":"has-default-attributes"},"_links":{"self":[{"href":"https:\/\/www.taller-palabras.com\/WordPress_04\/wp-json\/wp\/v2\/product\/4446","targetHints":{"allow":["GET"]}}],"collection":[{"href":"https:\/\/www.taller-palabras.com\/WordPress_04\/wp-json\/wp\/v2\/product"}],"about":[{"href":"https:\/\/www.taller-palabras.com\/WordPress_04\/wp-json\/wp\/v2\/types\/product"}],"wp:featuredmedia":[{"embeddable":true,"href":"https:\/\/www.taller-palabras.com\/WordPress_04\/wp-json\/wp\/v2\/media\/4415"}],"wp:attachment":[{"href":"https:\/\/www.taller-palabras.com\/WordPress_04\/wp-json\/wp\/v2\/media?parent=4446"}],"wp:term":[{"taxonomy":"product_brand","embeddable":true,"href":"https:\/\/www.taller-palabras.com\/WordPress_04\/wp-json\/wp\/v2\/product_brand?post=4446"},{"taxonomy":"product_cat","embeddable":true,"href":"https:\/\/www.taller-palabras.com\/WordPress_04\/wp-json\/wp\/v2\/product_cat?post=4446"},{"taxonomy":"product_tag","embeddable":true,"href":"https:\/\/www.taller-palabras.com\/WordPress_04\/wp-json\/wp\/v2\/product_tag?post=4446"}],"curies":[{"name":"wp","href":"https:\/\/api.w.org\/{rel}","templated":true}]}}