{"id":4454,"date":"2021-10-21T10:18:25","date_gmt":"2021-10-21T13:18:25","guid":{"rendered":"https:\/\/www.taller-palabras.com\/WordPress_04\/?post_type=product&#038;p=4454"},"modified":"2024-04-30T16:43:46","modified_gmt":"2024-04-30T19:43:46","slug":"expiacion-ian-mcewan-ebook","status":"publish","type":"product","link":"https:\/\/www.taller-palabras.com\/WordPress_04\/producto\/expiacion-ian-mcewan-ebook","title":{"rendered":"Expiaci\u00f3n &#8211; Ian McEwan \/ebook"},"content":{"rendered":"<figure id=\"attachment_4409\" aria-describedby=\"caption-attachment-4409\" style=\"width: 150px\" class=\"wp-caption alignleft\"><img loading=\"lazy\" decoding=\"async\" class=\"wp-image-4409 size-thumbnail\" src=\"https:\/\/www.taller-palabras.com\/WordPress_04\/wp-content\/uploads\/2021\/10\/Ian-McEwan-150x150.jpg\" alt=\"\" width=\"150\" height=\"150\" srcset=\"https:\/\/www.taller-palabras.com\/WordPress_04\/wp-content\/uploads\/2021\/10\/Ian-McEwan-150x150.jpg 150w, https:\/\/www.taller-palabras.com\/WordPress_04\/wp-content\/uploads\/2021\/10\/Ian-McEwan-100x100.jpg 100w, https:\/\/www.taller-palabras.com\/WordPress_04\/wp-content\/uploads\/2021\/10\/Ian-McEwan.jpg 200w\" sizes=\"auto, (max-width: 150px) 100vw, 150px\" \/><figcaption id=\"caption-attachment-4409\" class=\"wp-caption-text\">Autor Ian McEwan<\/figcaption><\/figure>\n<p>En la gran casa de campo de la familia Tallis todo parece fluir con apacible elegancia en el dia m\u00e1s caluroso del verano de 1935. Pero si el lector ha agudizado el o\u00eddo, ya habr\u00e1 percibido unas sutiles notas disonantes, y comienza a esperar el instante en que el gusano que habita en la deliciosa manzana asome la cabeza. La tensi\u00f3n estallar\u00e1 despu\u00e9s de que Cecilia, la hija mayor de los Tallis, salga empapada de una fuente, vestida solamente con su ropa interior, mientras Robbie, el brillante hijo de la criada y protegido de la familia Tallis, la contempla&#8230;<br \/>\nUn libro prodigioso, que va abri\u00e9ndose como un juego de cajas chinas y que contiene muchas novelas: una rom\u00e1ntica historia de amor imposible, una dur\u00edsima narraci\u00f3n de guerra y la novela que dentro de la novela escribe uno de los personajes.<br \/>\nMcEwan ha escrito su obra maestra.<\/p>\n","protected":false},"excerpt":{"rendered":"<p>En la gran casa de campo de la familia Tallis todo parece fluir con apacible elegancia en el dia m\u00e1s caluroso del verano de 1935. Pero si el lector ha agudizado el o\u00eddo, ya habr\u00e1 percibido unas sutiles notas disonantes, y comienza a esperar el instante en que el gusano que habita en la deliciosa [&hellip;]<\/p>\n","protected":false},"featured_media":4416,"template":"","meta":[],"product_brand":[],"product_cat":[25],"product_tag":[54,578,577,45],"class_list":{"0":"post-4454","1":"product","2":"type-product","3":"status-publish","4":"has-post-thumbnail","6":"product_cat-libros-digitales-ebooks","7":"product_tag-descargar-ebook","8":"product_tag-expiacion","9":"product_tag-ian-mcewan","10":"product_tag-mejor-novela","12":"first","13":"instock","14":"shipping-taxable","15":"purchasable","16":"product-type-variable","17":"has-default-attributes"},"_links":{"self":[{"href":"https:\/\/www.taller-palabras.com\/WordPress_04\/wp-json\/wp\/v2\/product\/4454","targetHints":{"allow":["GET"]}}],"collection":[{"href":"https:\/\/www.taller-palabras.com\/WordPress_04\/wp-json\/wp\/v2\/product"}],"about":[{"href":"https:\/\/www.taller-palabras.com\/WordPress_04\/wp-json\/wp\/v2\/types\/product"}],"wp:featuredmedia":[{"embeddable":true,"href":"https:\/\/www.taller-palabras.com\/WordPress_04\/wp-json\/wp\/v2\/media\/4416"}],"wp:attachment":[{"href":"https:\/\/www.taller-palabras.com\/WordPress_04\/wp-json\/wp\/v2\/media?parent=4454"}],"wp:term":[{"taxonomy":"product_brand","embeddable":true,"href":"https:\/\/www.taller-palabras.com\/WordPress_04\/wp-json\/wp\/v2\/product_brand?post=4454"},{"taxonomy":"product_cat","embeddable":true,"href":"https:\/\/www.taller-palabras.com\/WordPress_04\/wp-json\/wp\/v2\/product_cat?post=4454"},{"taxonomy":"product_tag","embeddable":true,"href":"https:\/\/www.taller-palabras.com\/WordPress_04\/wp-json\/wp\/v2\/product_tag?post=4454"}],"curies":[{"name":"wp","href":"https:\/\/api.w.org\/{rel}","templated":true}]}}