{"id":4458,"date":"2021-10-21T10:26:52","date_gmt":"2021-10-21T13:26:52","guid":{"rendered":"https:\/\/www.taller-palabras.com\/WordPress_04\/?post_type=product&#038;p=4458"},"modified":"2024-05-05T14:46:53","modified_gmt":"2024-05-05T17:46:53","slug":"la-vida-instrucciones-de-uso-georges-perec-ebook","status":"publish","type":"product","link":"https:\/\/www.taller-palabras.com\/WordPress_04\/producto\/la-vida-instrucciones-de-uso-georges-perec-ebook","title":{"rendered":"La vida, instrucciones de uso &#8211; Georges Perec \/ebook"},"content":{"rendered":"<figure id=\"attachment_4408\" aria-describedby=\"caption-attachment-4408\" style=\"width: 150px\" class=\"wp-caption alignleft\"><img loading=\"lazy\" decoding=\"async\" class=\"wp-image-4408 size-thumbnail\" src=\"https:\/\/www.taller-palabras.com\/WordPress_04\/wp-content\/uploads\/2021\/10\/Georges-Perec-150x150.jpg\" alt=\"\" width=\"150\" height=\"150\" srcset=\"https:\/\/www.taller-palabras.com\/WordPress_04\/wp-content\/uploads\/2021\/10\/Georges-Perec-150x150.jpg 150w, https:\/\/www.taller-palabras.com\/WordPress_04\/wp-content\/uploads\/2021\/10\/Georges-Perec-100x100.jpg 100w\" sizes=\"auto, (max-width: 150px) 100vw, 150px\" \/><figcaption id=\"caption-attachment-4408\" class=\"wp-caption-text\">Autor Georges Perec<\/figcaption><\/figure>\n<p>Georges Perec nos ofrece un juego narrativo de puzzles en el que cada cap\u00edtulo es una de las piezas que conforman la vida de un edificio de una calle parisina. Escrita con af\u00e1n enciclop\u00e9dico, La vida instrucciones de uso rompe con todos los g\u00e9neros y crea un universo propio en el que todas las piezas encajan con una prodigiosa exactitud.<\/p>\n","protected":false},"excerpt":{"rendered":"<p>Georges Perec nos ofrece un juego narrativo de puzzles en el que cada cap\u00edtulo es una de las piezas que conforman la vida de un edificio de una calle parisina. Escrita con af\u00e1n enciclop\u00e9dico, La vida instrucciones de uso rompe con todos los g\u00e9neros y crea un universo propio en el que todas las piezas [&hellip;]<\/p>\n","protected":false},"featured_media":4417,"template":"","meta":[],"product_brand":[],"product_cat":[25],"product_tag":[54,579,580,45],"class_list":{"0":"post-4458","1":"product","2":"type-product","3":"status-publish","4":"has-post-thumbnail","6":"product_cat-libros-digitales-ebooks","7":"product_tag-descargar-ebook","8":"product_tag-georges-perec","9":"product_tag-la-vida-instrucciones-de-uso","10":"product_tag-mejor-novela","12":"first","13":"instock","14":"shipping-taxable","15":"purchasable","16":"product-type-variable","17":"has-default-attributes"},"_links":{"self":[{"href":"https:\/\/www.taller-palabras.com\/WordPress_04\/wp-json\/wp\/v2\/product\/4458","targetHints":{"allow":["GET"]}}],"collection":[{"href":"https:\/\/www.taller-palabras.com\/WordPress_04\/wp-json\/wp\/v2\/product"}],"about":[{"href":"https:\/\/www.taller-palabras.com\/WordPress_04\/wp-json\/wp\/v2\/types\/product"}],"wp:featuredmedia":[{"embeddable":true,"href":"https:\/\/www.taller-palabras.com\/WordPress_04\/wp-json\/wp\/v2\/media\/4417"}],"wp:attachment":[{"href":"https:\/\/www.taller-palabras.com\/WordPress_04\/wp-json\/wp\/v2\/media?parent=4458"}],"wp:term":[{"taxonomy":"product_brand","embeddable":true,"href":"https:\/\/www.taller-palabras.com\/WordPress_04\/wp-json\/wp\/v2\/product_brand?post=4458"},{"taxonomy":"product_cat","embeddable":true,"href":"https:\/\/www.taller-palabras.com\/WordPress_04\/wp-json\/wp\/v2\/product_cat?post=4458"},{"taxonomy":"product_tag","embeddable":true,"href":"https:\/\/www.taller-palabras.com\/WordPress_04\/wp-json\/wp\/v2\/product_tag?post=4458"}],"curies":[{"name":"wp","href":"https:\/\/api.w.org\/{rel}","templated":true}]}}