{"id":4462,"date":"2021-10-21T10:31:15","date_gmt":"2021-10-21T13:31:15","guid":{"rendered":"https:\/\/www.taller-palabras.com\/WordPress_04\/?post_type=product&#038;p=4462"},"modified":"2024-05-06T13:24:26","modified_gmt":"2024-05-06T16:24:26","slug":"ruido-de-fondo-don-delillo-ebook","status":"publish","type":"product","link":"https:\/\/www.taller-palabras.com\/WordPress_04\/producto\/ruido-de-fondo-don-delillo-ebook","title":{"rendered":"Ruido de fondo &#8211; Don DeLillo \/ebook"},"content":{"rendered":"<figure id=\"attachment_4407\" aria-describedby=\"caption-attachment-4407\" style=\"width: 150px\" class=\"wp-caption alignleft\"><img loading=\"lazy\" decoding=\"async\" class=\"wp-image-4407 size-thumbnail\" src=\"https:\/\/www.taller-palabras.com\/WordPress_04\/wp-content\/uploads\/2021\/10\/Don-DeLillo-150x150.jpg\" alt=\"\" width=\"150\" height=\"150\" srcset=\"https:\/\/www.taller-palabras.com\/WordPress_04\/wp-content\/uploads\/2021\/10\/Don-DeLillo-150x150.jpg 150w, https:\/\/www.taller-palabras.com\/WordPress_04\/wp-content\/uploads\/2021\/10\/Don-DeLillo.jpg 300w, https:\/\/www.taller-palabras.com\/WordPress_04\/wp-content\/uploads\/2021\/10\/Don-DeLillo-100x100.jpg 100w\" sizes=\"auto, (max-width: 150px) 100vw, 150px\" \/><figcaption id=\"caption-attachment-4407\" class=\"wp-caption-text\">Autor Don DeLillo<\/figcaption><\/figure>\n<p>Jack Gladney, un profesor universitario especializado en estudios sobre Hitler, vive en una peque\u00f1a ciudad americana con Babette, su cuarta esposa, y los hijos que ambos han tenido de anteriores matrimonios. Marcados por el consumismo y el miedo a la muerte, los Gladney tratan de llevar una vida familiar tranquila cuando un terrible accidente industrial provoca un \u00abescape t\u00f3xico a la atm\u00f3sfera\u00bb, una nube de gases letales que amenaza su ciudad. Don DeLillo capta toda la extra\u00f1eza de la existencia humana en el mundo contempor\u00e1neo. La nube t\u00f3xica es una versi\u00f3n m\u00e1s visible y apremiante de ese ruido de fondo que rodea a los Gladney y a todos nosotros: el murmullo incesante de la televisi\u00f3n, las transmisiones de radio, las sirenas, las ondas ultras\u00f3nicas y electr\u00f3nicas, todas esas se\u00f1ales omnipresentes que nos hechizan y nos paralizan. En palabras de DeLillo: \u00abUna historia sobre el miedo, la muerte y la tecnolog\u00eda. Una comedia, por supuesto\u00bb. Ganadora del National Book Award en 1985, \u00abRuido de fondo\u00bb es un cl\u00e1sico de la novela americana y, junto a \u00abSubmundo\u00bb, la obra m\u00e1s representativa de uno de los m\u00e1s aclamados narradores contempor\u00e1neos.<\/p>\n","protected":false},"excerpt":{"rendered":"<p>Jack Gladney, un profesor universitario especializado en estudios sobre Hitler, vive en una peque\u00f1a ciudad americana con Babette, su cuarta esposa, y los hijos que ambos han tenido de anteriores matrimonios. Marcados por el consumismo y el miedo a la muerte, los Gladney tratan de llevar una vida familiar tranquila cuando un terrible accidente industrial [&hellip;]<\/p>\n","protected":false},"featured_media":4419,"template":"","meta":[],"product_brand":[],"product_cat":[25],"product_tag":[54,581,45,582],"class_list":{"0":"post-4462","1":"product","2":"type-product","3":"status-publish","4":"has-post-thumbnail","6":"product_cat-libros-digitales-ebooks","7":"product_tag-descargar-ebook","8":"product_tag-don-delillo","9":"product_tag-mejor-novela","10":"product_tag-ruido-de-fondo","12":"first","13":"instock","14":"shipping-taxable","15":"purchasable","16":"product-type-variable","17":"has-default-attributes"},"_links":{"self":[{"href":"https:\/\/www.taller-palabras.com\/WordPress_04\/wp-json\/wp\/v2\/product\/4462","targetHints":{"allow":["GET"]}}],"collection":[{"href":"https:\/\/www.taller-palabras.com\/WordPress_04\/wp-json\/wp\/v2\/product"}],"about":[{"href":"https:\/\/www.taller-palabras.com\/WordPress_04\/wp-json\/wp\/v2\/types\/product"}],"wp:featuredmedia":[{"embeddable":true,"href":"https:\/\/www.taller-palabras.com\/WordPress_04\/wp-json\/wp\/v2\/media\/4419"}],"wp:attachment":[{"href":"https:\/\/www.taller-palabras.com\/WordPress_04\/wp-json\/wp\/v2\/media?parent=4462"}],"wp:term":[{"taxonomy":"product_brand","embeddable":true,"href":"https:\/\/www.taller-palabras.com\/WordPress_04\/wp-json\/wp\/v2\/product_brand?post=4462"},{"taxonomy":"product_cat","embeddable":true,"href":"https:\/\/www.taller-palabras.com\/WordPress_04\/wp-json\/wp\/v2\/product_cat?post=4462"},{"taxonomy":"product_tag","embeddable":true,"href":"https:\/\/www.taller-palabras.com\/WordPress_04\/wp-json\/wp\/v2\/product_tag?post=4462"}],"curies":[{"name":"wp","href":"https:\/\/api.w.org\/{rel}","templated":true}]}}