{"id":447,"date":"2019-03-24T15:46:36","date_gmt":"2019-03-24T18:46:36","guid":{"rendered":"https:\/\/www.taller-palabras.com\/WordPress_04\/?post_type=product&#038;p=447"},"modified":"2023-10-06T11:30:40","modified_gmt":"2023-10-06T14:30:40","slug":"el-jinete-de-bronce-paullina-simons-saga-1-ebook","status":"publish","type":"product","link":"https:\/\/www.taller-palabras.com\/WordPress_04\/producto\/el-jinete-de-bronce-paullina-simons-saga-1-ebook","title":{"rendered":"Saga: El jinete de bronce (1) &#8211; Paullina Simons  \/ebook"},"content":{"rendered":"<figure id=\"attachment_192\" aria-describedby=\"caption-attachment-192\" style=\"width: 150px\" class=\"wp-caption alignleft\"><img loading=\"lazy\" decoding=\"async\" class=\"wp-image-192 size-thumbnail\" src=\"https:\/\/www.taller-palabras.com\/WordPress_04\/wp-content\/uploads\/2018\/10\/Paullina-150x150.jpg\" alt=\"\" width=\"150\" height=\"150\" srcset=\"https:\/\/www.taller-palabras.com\/WordPress_04\/wp-content\/uploads\/2018\/10\/Paullina-150x150.jpg 150w, https:\/\/www.taller-palabras.com\/WordPress_04\/wp-content\/uploads\/2018\/10\/Paullina-324x324.jpg 324w, https:\/\/www.taller-palabras.com\/WordPress_04\/wp-content\/uploads\/2018\/10\/Paullina-100x100.jpg 100w\" sizes=\"auto, (max-width: 150px) 100vw, 150px\" \/><figcaption id=\"caption-attachment-192\" class=\"wp-caption-text\">Autora Paullina Simons<\/figcaption><\/figure>\n<p>Leningrado, 1941: la guerra parece lejana en esta ciudad de antigua grandeza, donde espl\u00e9ndidos palacios y avenidas se\u00f1oriales hablan de otra \u00e9poca, cuando la ciudad era conocida como San Petersburgo. Dos hermanas, Tatiana y Dasha Metanov, comparten un min\u00fasculo apartamento con su familia. La vida es dura, pero todav\u00eda hay cabida para so\u00f1ar y amar. Todo cambia cuando un comunicado de la radio informa que Alemania ha invadido la URSS. Ese d\u00eda Tatiana conoce a Alexandr, un joven oficial del Ej\u00e9rcito Rojo de misterioso y turbulento pasado. Tatiana siente que se embarca en un camino de amor tortuoso, de sacrificio y negaci\u00f3n, pues Dasha tambi\u00e9n est\u00e1 enamorada de Alexandr. Cuando el ej\u00e9rcito alem\u00e1n bloquea la ciudad en el duro invierno, los amantes se encontrar\u00e1n atrapados en los vaivenes de la historia, y deber\u00e1n entablar una ind\u00f3mita lucha para realizar su amor y lograr la libertad.<br \/>\nComo inaugurando la vida misma, como arrastr\u00e1ndonos irremediablemente a vivirla, Paullina Simons inaugura con esta historia su trilog\u00eda de El jinete de bronce.<\/p>\n","protected":false},"excerpt":{"rendered":"<p>Leningrado, 1941: la guerra parece lejana en esta ciudad de antigua grandeza, donde espl\u00e9ndidos palacios y avenidas se\u00f1oriales hablan de otra \u00e9poca, cuando la ciudad era conocida como San Petersburgo. Dos hermanas, Tatiana y Dasha Metanov, comparten un min\u00fasculo apartamento con su familia. La vida es dura, pero todav\u00eda hay cabida para so\u00f1ar y amar. [&hellip;]<\/p>\n","protected":false},"featured_media":449,"template":"","meta":[],"product_brand":[],"product_cat":[25,47],"product_tag":[136,1160,55,74],"class_list":{"0":"post-447","1":"product","2":"type-product","3":"status-publish","4":"has-post-thumbnail","6":"product_cat-libros-digitales-ebooks","7":"product_cat-libros-digitales-sagas","8":"product_tag-decargar-ebook","9":"product_tag-el-jinete-de-bronce","10":"product_tag-novelas","11":"product_tag-paullina-simons","13":"first","14":"instock","15":"shipping-taxable","16":"purchasable","17":"product-type-variable","18":"has-default-attributes"},"_links":{"self":[{"href":"https:\/\/www.taller-palabras.com\/WordPress_04\/wp-json\/wp\/v2\/product\/447","targetHints":{"allow":["GET"]}}],"collection":[{"href":"https:\/\/www.taller-palabras.com\/WordPress_04\/wp-json\/wp\/v2\/product"}],"about":[{"href":"https:\/\/www.taller-palabras.com\/WordPress_04\/wp-json\/wp\/v2\/types\/product"}],"wp:featuredmedia":[{"embeddable":true,"href":"https:\/\/www.taller-palabras.com\/WordPress_04\/wp-json\/wp\/v2\/media\/449"}],"wp:attachment":[{"href":"https:\/\/www.taller-palabras.com\/WordPress_04\/wp-json\/wp\/v2\/media?parent=447"}],"wp:term":[{"taxonomy":"product_brand","embeddable":true,"href":"https:\/\/www.taller-palabras.com\/WordPress_04\/wp-json\/wp\/v2\/product_brand?post=447"},{"taxonomy":"product_cat","embeddable":true,"href":"https:\/\/www.taller-palabras.com\/WordPress_04\/wp-json\/wp\/v2\/product_cat?post=447"},{"taxonomy":"product_tag","embeddable":true,"href":"https:\/\/www.taller-palabras.com\/WordPress_04\/wp-json\/wp\/v2\/product_tag?post=447"}],"curies":[{"name":"wp","href":"https:\/\/api.w.org\/{rel}","templated":true}]}}