{"id":4470,"date":"2021-10-21T10:39:36","date_gmt":"2021-10-21T13:39:36","guid":{"rendered":"https:\/\/www.taller-palabras.com\/WordPress_04\/?post_type=product&#038;p=4470"},"modified":"2024-05-08T11:33:00","modified_gmt":"2024-05-08T14:33:00","slug":"yo-claudio-robert-graves-ebook","status":"publish","type":"product","link":"https:\/\/www.taller-palabras.com\/WordPress_04\/producto\/yo-claudio-robert-graves-ebook","title":{"rendered":"Yo, Claudio &#8211; Robert Graves \/ebook"},"content":{"rendered":"<figure id=\"attachment_928\" aria-describedby=\"caption-attachment-928\" style=\"width: 150px\" class=\"wp-caption alignleft\"><img loading=\"lazy\" decoding=\"async\" class=\"wp-image-928 size-thumbnail\" src=\"https:\/\/www.taller-palabras.com\/WordPress_04\/wp-content\/uploads\/2020\/01\/robertgraves-150x150.jpg\" alt=\"\" width=\"150\" height=\"150\" srcset=\"https:\/\/www.taller-palabras.com\/WordPress_04\/wp-content\/uploads\/2020\/01\/robertgraves-150x150.jpg 150w, https:\/\/www.taller-palabras.com\/WordPress_04\/wp-content\/uploads\/2020\/01\/robertgraves-100x100.jpg 100w\" sizes=\"auto, (max-width: 150px) 100vw, 150px\" \/><figcaption id=\"caption-attachment-928\" class=\"wp-caption-text\">Autor Robert Graves<\/figcaption><\/figure>\n<p>Yo, Claudio es la novela m\u00e1s conocida de Robert Graves. La historia narra la vida de Claudio, cuarto emperador romano, desde su nacimiento hasta que se convierte en emperador. El relato novela la vida de la familia real de los C\u00e9sares y expone c\u00f3mo se fueron sucediendo los emperadores. Se centra en los asesinatos y en c\u00f3mo el aparentemente m\u00e1s inofensivo, el tartamudo y el que no contaba para nadie se convirti\u00f3 en uno de los mejores gobernantes que ha tenido la antigua Roma. En Yo, Claudio se pueden apreciar claramente muchas de las costumbres de la \u00e9poca y de su cultura, como los dioses, las conquistas de Roma en Breta\u00f1a, Germania y Siria, y muchos personajes importantes de la antig\u00fcedad, como Herodes y Jesucristo. La obra fue continuada a\u00f1os despu\u00e9s por el propio Graves con la novela Claudio el dios, y su esposa Mesalina<\/p>\n","protected":false},"excerpt":{"rendered":"<p>Yo, Claudio es la novela m\u00e1s conocida de Robert Graves. La historia narra la vida de Claudio, cuarto emperador romano, desde su nacimiento hasta que se convierte en emperador. El relato novela la vida de la familia real de los C\u00e9sares y expone c\u00f3mo se fueron sucediendo los emperadores. Se centra en los asesinatos y [&hellip;]<\/p>\n","protected":false},"featured_media":4421,"template":"","meta":[],"product_brand":[],"product_cat":[25],"product_tag":[54,45,212,1302],"class_list":{"0":"post-4470","1":"product","2":"type-product","3":"status-publish","4":"has-post-thumbnail","6":"product_cat-libros-digitales-ebooks","7":"product_tag-descargar-ebook","8":"product_tag-mejor-novela","9":"product_tag-robert-graves","10":"product_tag-yo-claudio","12":"first","13":"instock","14":"shipping-taxable","15":"purchasable","16":"product-type-variable","17":"has-default-attributes"},"_links":{"self":[{"href":"https:\/\/www.taller-palabras.com\/WordPress_04\/wp-json\/wp\/v2\/product\/4470","targetHints":{"allow":["GET"]}}],"collection":[{"href":"https:\/\/www.taller-palabras.com\/WordPress_04\/wp-json\/wp\/v2\/product"}],"about":[{"href":"https:\/\/www.taller-palabras.com\/WordPress_04\/wp-json\/wp\/v2\/types\/product"}],"wp:featuredmedia":[{"embeddable":true,"href":"https:\/\/www.taller-palabras.com\/WordPress_04\/wp-json\/wp\/v2\/media\/4421"}],"wp:attachment":[{"href":"https:\/\/www.taller-palabras.com\/WordPress_04\/wp-json\/wp\/v2\/media?parent=4470"}],"wp:term":[{"taxonomy":"product_brand","embeddable":true,"href":"https:\/\/www.taller-palabras.com\/WordPress_04\/wp-json\/wp\/v2\/product_brand?post=4470"},{"taxonomy":"product_cat","embeddable":true,"href":"https:\/\/www.taller-palabras.com\/WordPress_04\/wp-json\/wp\/v2\/product_cat?post=4470"},{"taxonomy":"product_tag","embeddable":true,"href":"https:\/\/www.taller-palabras.com\/WordPress_04\/wp-json\/wp\/v2\/product_tag?post=4470"}],"curies":[{"name":"wp","href":"https:\/\/api.w.org\/{rel}","templated":true}]}}