{"id":4474,"date":"2021-10-21T10:44:30","date_gmt":"2021-10-21T13:44:30","guid":{"rendered":"https:\/\/www.taller-palabras.com\/WordPress_04\/?post_type=product&#038;p=4474"},"modified":"2024-05-08T12:25:57","modified_gmt":"2024-05-08T15:25:57","slug":"el-ano-de-la-liebre-arto-paasilinna-ebook","status":"publish","type":"product","link":"https:\/\/www.taller-palabras.com\/WordPress_04\/producto\/el-ano-de-la-liebre-arto-paasilinna-ebook","title":{"rendered":"El a\u00f1o de la liebre &#8211; Arto Paasilinna \/ebook"},"content":{"rendered":"<figure id=\"attachment_4406\" aria-describedby=\"caption-attachment-4406\" style=\"width: 150px\" class=\"wp-caption alignleft\"><img loading=\"lazy\" decoding=\"async\" class=\"wp-image-4406 size-thumbnail\" src=\"https:\/\/www.taller-palabras.com\/WordPress_04\/wp-content\/uploads\/2021\/10\/Arto-Paasilinna-150x150.jpg\" alt=\"\" width=\"150\" height=\"150\" srcset=\"https:\/\/www.taller-palabras.com\/WordPress_04\/wp-content\/uploads\/2021\/10\/Arto-Paasilinna-150x150.jpg 150w, https:\/\/www.taller-palabras.com\/WordPress_04\/wp-content\/uploads\/2021\/10\/Arto-Paasilinna-100x100.jpg 100w\" sizes=\"auto, (max-width: 150px) 100vw, 150px\" \/><figcaption id=\"caption-attachment-4406\" class=\"wp-caption-text\">Autor Arto Paasilinna<\/figcaption><\/figure>\n<p>Vatanen, un periodista en viaje de trabajo, est\u00e1 harto de su mujer, su modo de vida y sus compromisos. Una tarde de junio, al volver del campo con un amigo, atropellan a una liebre. El periodista logra atrapar al animal herido y entablillarlo. Esto cambiar\u00e1 su vida, pues acompa\u00f1ado de la liebre, Vatanen se adentra en el bosque iniciando con ello un largo trayecto que va desde el estr\u00e9s, al tedio y la desesperanza al encuentro con la naturaleza, con la gente y consigo mismo. Esta novela, de culto en los pa\u00edses n\u00f3rdicos, nos relata las extravagantes aventuras de Vatanen, con su liebre fetiche. Con un sentido verdaderamente genial de lo c\u00f3mico de las situaciones, Paasilinna inventa un g\u00e9nero: la novela de humor ecol\u00f3gico.<\/p>\n","protected":false},"excerpt":{"rendered":"<p>Vatanen, un periodista en viaje de trabajo, est\u00e1 harto de su mujer, su modo de vida y sus compromisos. Una tarde de junio, al volver del campo con un amigo, atropellan a una liebre. El periodista logra atrapar al animal herido y entablillarlo. Esto cambiar\u00e1 su vida, pues acompa\u00f1ado de la liebre, Vatanen se adentra [&hellip;]<\/p>\n","protected":false},"featured_media":4418,"template":"","meta":[],"product_brand":[],"product_cat":[25],"product_tag":[587,54,588,45],"class_list":{"0":"post-4474","1":"product","2":"type-product","3":"status-publish","4":"has-post-thumbnail","6":"product_cat-libros-digitales-ebooks","7":"product_tag-arto-paasilinna","8":"product_tag-descargar-ebook","9":"product_tag-el-ano-de-la-liebre","10":"product_tag-mejor-novela","12":"first","13":"instock","14":"shipping-taxable","15":"purchasable","16":"product-type-variable","17":"has-default-attributes"},"_links":{"self":[{"href":"https:\/\/www.taller-palabras.com\/WordPress_04\/wp-json\/wp\/v2\/product\/4474","targetHints":{"allow":["GET"]}}],"collection":[{"href":"https:\/\/www.taller-palabras.com\/WordPress_04\/wp-json\/wp\/v2\/product"}],"about":[{"href":"https:\/\/www.taller-palabras.com\/WordPress_04\/wp-json\/wp\/v2\/types\/product"}],"wp:featuredmedia":[{"embeddable":true,"href":"https:\/\/www.taller-palabras.com\/WordPress_04\/wp-json\/wp\/v2\/media\/4418"}],"wp:attachment":[{"href":"https:\/\/www.taller-palabras.com\/WordPress_04\/wp-json\/wp\/v2\/media?parent=4474"}],"wp:term":[{"taxonomy":"product_brand","embeddable":true,"href":"https:\/\/www.taller-palabras.com\/WordPress_04\/wp-json\/wp\/v2\/product_brand?post=4474"},{"taxonomy":"product_cat","embeddable":true,"href":"https:\/\/www.taller-palabras.com\/WordPress_04\/wp-json\/wp\/v2\/product_cat?post=4474"},{"taxonomy":"product_tag","embeddable":true,"href":"https:\/\/www.taller-palabras.com\/WordPress_04\/wp-json\/wp\/v2\/product_tag?post=4474"}],"curies":[{"name":"wp","href":"https:\/\/api.w.org\/{rel}","templated":true}]}}