{"id":4480,"date":"2021-10-21T11:50:40","date_gmt":"2021-10-21T14:50:40","guid":{"rendered":"https:\/\/www.taller-palabras.com\/WordPress_04\/?post_type=product&#038;p=4480"},"modified":"2024-05-08T14:00:22","modified_gmt":"2024-05-08T17:00:22","slug":"manual-de-remedios-literarios-berthoud-elderkin-ebook","status":"publish","type":"product","link":"https:\/\/www.taller-palabras.com\/WordPress_04\/producto\/manual-de-remedios-literarios-berthoud-elderkin-ebook","title":{"rendered":"Manual de remedios literarios &#8211; Berthoud \/ Elderkin \/ebook"},"content":{"rendered":"<figure id=\"attachment_4485\" aria-describedby=\"caption-attachment-4485\" style=\"width: 150px\" class=\"wp-caption alignleft\"><img loading=\"lazy\" decoding=\"async\" class=\"wp-image-4485 size-thumbnail\" src=\"https:\/\/www.taller-palabras.com\/WordPress_04\/wp-content\/uploads\/2021\/10\/Berthoud_-Elderkin-150x150.jpg\" alt=\"\" width=\"150\" height=\"150\" srcset=\"https:\/\/www.taller-palabras.com\/WordPress_04\/wp-content\/uploads\/2021\/10\/Berthoud_-Elderkin-150x150.jpg 150w, https:\/\/www.taller-palabras.com\/WordPress_04\/wp-content\/uploads\/2021\/10\/Berthoud_-Elderkin-324x324.jpg 324w, https:\/\/www.taller-palabras.com\/WordPress_04\/wp-content\/uploads\/2021\/10\/Berthoud_-Elderkin-100x100.jpg 100w\" sizes=\"auto, (max-width: 150px) 100vw, 150px\" \/><figcaption id=\"caption-attachment-4485\" class=\"wp-caption-text\">Autoras Berthoud \/ Elderkin<\/figcaption><\/figure>\n<p>Ella Berthoud y Susan Elderkin, ambas biblioterapeutas, han conseguido crear una lista de lecturas para cualquier mal que se te pueda presentar en la vida. Y digo cualquiera porque hay de todo: resaca, dolor de muelas, crisis econ\u00f3mica, cumplea\u00f1os, miedo a la vida, no s\u00e9, incluso te recomiendan libros por si se te ha quemado la cena. Y todo desde un punto de vista, desde un trato, que ojal\u00e1 tuvi\u00e9ramos en las consultas de nuestros centros m\u00e9dicos. \u00bfAlguna vez te has re\u00eddo con un doctor? Enumerar cada una de las lecturas o cada uno de los males que presentan ser\u00eda in\u00fatil por inalcanzable, pero ya os digo que merecen mucho la pena. Pasan por todo, lecturas para ni\u00f1os, para adolescentes, para adultos que quieren volver a ser ni\u00f1os, para ni\u00f1os que ya quieren ser adultos, para adultos que quieren sentirse como tal, para aquellos que no quieren llegar a ancianos, etc. Desde cl\u00e1sicos hasta novedades que han salido en el \u00faltimo a\u00f1o. Deporte, nutrici\u00f3n, estudios, trabajo, vida social, aficiones, todo tratado a modo de diccionario de la A a la Z y dividido en dolencias, en males.<\/p>\n","protected":false},"excerpt":{"rendered":"<p>Ella Berthoud y Susan Elderkin, ambas biblioterapeutas, han conseguido crear una lista de lecturas para cualquier mal que se te pueda presentar en la vida. Y digo cualquiera porque hay de todo: resaca, dolor de muelas, crisis econ\u00f3mica, cumplea\u00f1os, miedo a la vida, no s\u00e9, incluso te recomiendan libros por si se te ha quemado [&hellip;]<\/p>\n","protected":false},"featured_media":4486,"template":"","meta":[],"product_brand":[],"product_cat":[25],"product_tag":[590,54,589,591,45],"class_list":{"0":"post-4480","1":"product","2":"type-product","3":"status-publish","4":"has-post-thumbnail","6":"product_cat-libros-digitales-ebooks","7":"product_tag-berthoud","8":"product_tag-descargar-ebook","9":"product_tag-elderkin","10":"product_tag-manual-de-remedios-literarios","11":"product_tag-mejor-novela","13":"first","14":"instock","15":"shipping-taxable","16":"purchasable","17":"product-type-variable","18":"has-default-attributes"},"_links":{"self":[{"href":"https:\/\/www.taller-palabras.com\/WordPress_04\/wp-json\/wp\/v2\/product\/4480","targetHints":{"allow":["GET"]}}],"collection":[{"href":"https:\/\/www.taller-palabras.com\/WordPress_04\/wp-json\/wp\/v2\/product"}],"about":[{"href":"https:\/\/www.taller-palabras.com\/WordPress_04\/wp-json\/wp\/v2\/types\/product"}],"wp:featuredmedia":[{"embeddable":true,"href":"https:\/\/www.taller-palabras.com\/WordPress_04\/wp-json\/wp\/v2\/media\/4486"}],"wp:attachment":[{"href":"https:\/\/www.taller-palabras.com\/WordPress_04\/wp-json\/wp\/v2\/media?parent=4480"}],"wp:term":[{"taxonomy":"product_brand","embeddable":true,"href":"https:\/\/www.taller-palabras.com\/WordPress_04\/wp-json\/wp\/v2\/product_brand?post=4480"},{"taxonomy":"product_cat","embeddable":true,"href":"https:\/\/www.taller-palabras.com\/WordPress_04\/wp-json\/wp\/v2\/product_cat?post=4480"},{"taxonomy":"product_tag","embeddable":true,"href":"https:\/\/www.taller-palabras.com\/WordPress_04\/wp-json\/wp\/v2\/product_tag?post=4480"}],"curies":[{"name":"wp","href":"https:\/\/api.w.org\/{rel}","templated":true}]}}