{"id":4524,"date":"2021-10-28T11:23:02","date_gmt":"2021-10-28T14:23:02","guid":{"rendered":"https:\/\/www.taller-palabras.com\/WordPress_04\/?post_type=product&#038;p=4524"},"modified":"2024-01-20T11:28:36","modified_gmt":"2024-01-20T14:28:36","slug":"el-asesinato-de-rogelio-ackroyd-agatha-christie-ebook","status":"publish","type":"product","link":"https:\/\/www.taller-palabras.com\/WordPress_04\/producto\/el-asesinato-de-rogelio-ackroyd-agatha-christie-ebook","title":{"rendered":"El asesinato de Rogelio Ackroyd &#8211; Agatha Christie \/ebook"},"content":{"rendered":"<figure id=\"attachment_2855\" aria-describedby=\"caption-attachment-2855\" style=\"width: 150px\" class=\"wp-caption alignleft\"><img loading=\"lazy\" decoding=\"async\" class=\"wp-image-2855 size-thumbnail\" src=\"https:\/\/www.taller-palabras.com\/WordPress_04\/wp-content\/uploads\/2020\/12\/Aghata_Christie-150x150.jpg\" alt=\"\" width=\"150\" height=\"150\" srcset=\"https:\/\/www.taller-palabras.com\/WordPress_04\/wp-content\/uploads\/2020\/12\/Aghata_Christie-150x150.jpg 150w, https:\/\/www.taller-palabras.com\/WordPress_04\/wp-content\/uploads\/2020\/12\/Aghata_Christie-100x100.jpg 100w\" sizes=\"auto, (max-width: 150px) 100vw, 150px\" \/><figcaption id=\"caption-attachment-2855\" class=\"wp-caption-text\">Autora Agatha Christie<\/figcaption><\/figure>\n<p>Mrs. Ferrari ha muerto v\u00edctima de una sobredosis de somn\u00edferos. Hace un a\u00f1o, su marido muri\u00f3 al parecer de una gastritis aguda. Carolina Sheppard, la hermana del m\u00e9dico del pueblo, sospecha que fue envenenado. Poco despu\u00e9s, Roger Ackroyd, el terrateniente de la villa, aparece muerto con una daga tunecina clavada en la espalda. \u00bfEstar\u00e1n las tres muertes relacionadas?. \u00bfTendr\u00e1 Caroline razones para sospechar?. Afortunadamente al pueblo ha llegado un nuevo vecino, un hombre bajito de grandes bigotes, que se ha retirado a descansar y a cultivar calabacines.<\/p>\n","protected":false},"excerpt":{"rendered":"<p>Mrs. Ferrari ha muerto v\u00edctima de una sobredosis de somn\u00edferos. Hace un a\u00f1o, su marido muri\u00f3 al parecer de una gastritis aguda. Carolina Sheppard, la hermana del m\u00e9dico del pueblo, sospecha que fue envenenado. Poco despu\u00e9s, Roger Ackroyd, el terrateniente de la villa, aparece muerto con una daga tunecina clavada en la espalda. \u00bfEstar\u00e1n las [&hellip;]<\/p>\n","protected":false},"featured_media":4496,"template":"","meta":[],"product_brand":[],"product_cat":[25],"product_tag":[345,54,596,45],"class_list":{"0":"post-4524","1":"product","2":"type-product","3":"status-publish","4":"has-post-thumbnail","6":"product_cat-libros-digitales-ebooks","7":"product_tag-agatha-christie","8":"product_tag-descargar-ebook","9":"product_tag-el-asesinato-de-rogelio-ackroyd","10":"product_tag-mejor-novela","12":"first","13":"instock","14":"shipping-taxable","15":"purchasable","16":"product-type-variable","17":"has-default-attributes"},"_links":{"self":[{"href":"https:\/\/www.taller-palabras.com\/WordPress_04\/wp-json\/wp\/v2\/product\/4524","targetHints":{"allow":["GET"]}}],"collection":[{"href":"https:\/\/www.taller-palabras.com\/WordPress_04\/wp-json\/wp\/v2\/product"}],"about":[{"href":"https:\/\/www.taller-palabras.com\/WordPress_04\/wp-json\/wp\/v2\/types\/product"}],"wp:featuredmedia":[{"embeddable":true,"href":"https:\/\/www.taller-palabras.com\/WordPress_04\/wp-json\/wp\/v2\/media\/4496"}],"wp:attachment":[{"href":"https:\/\/www.taller-palabras.com\/WordPress_04\/wp-json\/wp\/v2\/media?parent=4524"}],"wp:term":[{"taxonomy":"product_brand","embeddable":true,"href":"https:\/\/www.taller-palabras.com\/WordPress_04\/wp-json\/wp\/v2\/product_brand?post=4524"},{"taxonomy":"product_cat","embeddable":true,"href":"https:\/\/www.taller-palabras.com\/WordPress_04\/wp-json\/wp\/v2\/product_cat?post=4524"},{"taxonomy":"product_tag","embeddable":true,"href":"https:\/\/www.taller-palabras.com\/WordPress_04\/wp-json\/wp\/v2\/product_tag?post=4524"}],"curies":[{"name":"wp","href":"https:\/\/api.w.org\/{rel}","templated":true}]}}