{"id":4532,"date":"2021-10-28T11:32:33","date_gmt":"2021-10-28T14:32:33","guid":{"rendered":"https:\/\/www.taller-palabras.com\/WordPress_04\/?post_type=product&#038;p=4532"},"modified":"2024-05-09T13:59:55","modified_gmt":"2024-05-09T16:59:55","slug":"manhattan-transfer-john-dos-passos-ebook","status":"publish","type":"product","link":"https:\/\/www.taller-palabras.com\/WordPress_04\/producto\/manhattan-transfer-john-dos-passos-ebook","title":{"rendered":"Manhattan Transfer &#8211; John Dos Passos \/ebook"},"content":{"rendered":"<figure id=\"attachment_4504\" aria-describedby=\"caption-attachment-4504\" style=\"width: 150px\" class=\"wp-caption alignleft\"><img loading=\"lazy\" decoding=\"async\" class=\"wp-image-4504 size-thumbnail\" src=\"https:\/\/www.taller-palabras.com\/WordPress_04\/wp-content\/uploads\/2021\/10\/JohnDosPassos-150x150.jpg\" alt=\"\" width=\"150\" height=\"150\" srcset=\"https:\/\/www.taller-palabras.com\/WordPress_04\/wp-content\/uploads\/2021\/10\/JohnDosPassos-150x150.jpg 150w, https:\/\/www.taller-palabras.com\/WordPress_04\/wp-content\/uploads\/2021\/10\/JohnDosPassos-100x100.jpg 100w\" sizes=\"auto, (max-width: 150px) 100vw, 150px\" \/><figcaption id=\"caption-attachment-4504\" class=\"wp-caption-text\">Autor John Dos Passos<\/figcaption><\/figure>\n<p>Manhattan Transfer ha pasado a la historia como el primer gran \u00e9xito de la influencia del montaje cinematogr\u00e1fico sobre la narrativa literaria y como el mejor y m\u00e1s vivido retrato de la convulsa ciudad de Nueva York en los a\u00f1os veinte. Una impresionante galer\u00eda de personajes, con sus ilusiones y frustraciones, pasan ante los ojos del lector; cada uno protagoniza una escena, cada marioneta hace su cabriola y desaparece, en ocasiones para no volver, como un fogonazo que ilustra un aspecto de la realidad rica, compleja y cambiante que es la Gran Manzana; en otras ocasiones reaparecen, se relacionan entre ellos, y los diversos episodios, sometidos a un montaje heredero de las t\u00e9cnicas cinematogr\u00e1ficas, componen un lenguaje fresco, cotidiano, en el que confluyen muy diversos acentos y que logra transmitir con extraordinaria fuerza la simultaneidad de acciones. Probablemente, nunca antes ni despu\u00e9s nadie haya reflejado de un modo tan vivo y completo la agitada vida de Nueva York en una novela. Manhattan Transfer es la novela total sobre la ciudad fragmentaria por excelencia.<\/p>\n","protected":false},"excerpt":{"rendered":"<p>Manhattan Transfer ha pasado a la historia como el primer gran \u00e9xito de la influencia del montaje cinematogr\u00e1fico sobre la narrativa literaria y como el mejor y m\u00e1s vivido retrato de la convulsa ciudad de Nueva York en los a\u00f1os veinte. Una impresionante galer\u00eda de personajes, con sus ilusiones y frustraciones, pasan ante los ojos [&hellip;]<\/p>\n","protected":false},"featured_media":4497,"template":"","meta":[],"product_brand":[],"product_cat":[25],"product_tag":[54,599,600,45],"class_list":{"0":"post-4532","1":"product","2":"type-product","3":"status-publish","4":"has-post-thumbnail","6":"product_cat-libros-digitales-ebooks","7":"product_tag-descargar-ebook","8":"product_tag-john-dos-passos","9":"product_tag-manhattan-transfer","10":"product_tag-mejor-novela","12":"first","13":"instock","14":"shipping-taxable","15":"purchasable","16":"product-type-variable","17":"has-default-attributes"},"_links":{"self":[{"href":"https:\/\/www.taller-palabras.com\/WordPress_04\/wp-json\/wp\/v2\/product\/4532","targetHints":{"allow":["GET"]}}],"collection":[{"href":"https:\/\/www.taller-palabras.com\/WordPress_04\/wp-json\/wp\/v2\/product"}],"about":[{"href":"https:\/\/www.taller-palabras.com\/WordPress_04\/wp-json\/wp\/v2\/types\/product"}],"wp:featuredmedia":[{"embeddable":true,"href":"https:\/\/www.taller-palabras.com\/WordPress_04\/wp-json\/wp\/v2\/media\/4497"}],"wp:attachment":[{"href":"https:\/\/www.taller-palabras.com\/WordPress_04\/wp-json\/wp\/v2\/media?parent=4532"}],"wp:term":[{"taxonomy":"product_brand","embeddable":true,"href":"https:\/\/www.taller-palabras.com\/WordPress_04\/wp-json\/wp\/v2\/product_brand?post=4532"},{"taxonomy":"product_cat","embeddable":true,"href":"https:\/\/www.taller-palabras.com\/WordPress_04\/wp-json\/wp\/v2\/product_cat?post=4532"},{"taxonomy":"product_tag","embeddable":true,"href":"https:\/\/www.taller-palabras.com\/WordPress_04\/wp-json\/wp\/v2\/product_tag?post=4532"}],"curies":[{"name":"wp","href":"https:\/\/api.w.org\/{rel}","templated":true}]}}