{"id":4536,"date":"2021-10-28T11:36:29","date_gmt":"2021-10-28T14:36:29","guid":{"rendered":"https:\/\/www.taller-palabras.com\/WordPress_04\/?post_type=product&#038;p=4536"},"modified":"2024-05-09T16:50:19","modified_gmt":"2024-05-09T19:50:19","slug":"moby-dick-herman-melville-ebook","status":"publish","type":"product","link":"https:\/\/www.taller-palabras.com\/WordPress_04\/producto\/moby-dick-herman-melville-ebook","title":{"rendered":"Moby Dick &#8211; Herman Melville \/ebook"},"content":{"rendered":"<figure id=\"attachment_4503\" aria-describedby=\"caption-attachment-4503\" style=\"width: 150px\" class=\"wp-caption alignleft\"><img loading=\"lazy\" decoding=\"async\" class=\"wp-image-4503 size-thumbnail\" src=\"https:\/\/www.taller-palabras.com\/WordPress_04\/wp-content\/uploads\/2021\/10\/HermanMelville-150x150.jpg\" alt=\"\" width=\"150\" height=\"150\" srcset=\"https:\/\/www.taller-palabras.com\/WordPress_04\/wp-content\/uploads\/2021\/10\/HermanMelville-150x150.jpg 150w, https:\/\/www.taller-palabras.com\/WordPress_04\/wp-content\/uploads\/2021\/10\/HermanMelville-100x100.jpg 100w\" sizes=\"auto, (max-width: 150px) 100vw, 150px\" \/><figcaption id=\"caption-attachment-4503\" class=\"wp-caption-text\">Autor Herman Melville<\/figcaption><\/figure>\n<p>Moby Dick, la novela que William Faulkner hubiera querido escribir, ha alcanzado el reconocimiento y el elogio constante que merece una construcci\u00f3n narrativa impecable. La lucha del capit\u00e1n Ahab, su terrible obsesi\u00f3n y la m\u00edtica persecuci\u00f3n de la enorme ballena han traspasado fronteras, consiguiendo as\u00ed la indiscutible categor\u00eda de obra maestra de la literatura universal. \u00abMoby Dick es el paradigma novel\u00edstico de lo sublime: un logro fuera de lo com\u00fan\u00bb.<\/p>\n","protected":false},"excerpt":{"rendered":"<p>Moby Dick, la novela que William Faulkner hubiera querido escribir, ha alcanzado el reconocimiento y el elogio constante que merece una construcci\u00f3n narrativa impecable. La lucha del capit\u00e1n Ahab, su terrible obsesi\u00f3n y la m\u00edtica persecuci\u00f3n de la enorme ballena han traspasado fronteras, consiguiendo as\u00ed la indiscutible categor\u00eda de obra maestra de la literatura universal. [&hellip;]<\/p>\n","protected":false},"featured_media":4498,"template":"","meta":[],"product_brand":[],"product_cat":[25],"product_tag":[54,601,45,602],"class_list":{"0":"post-4536","1":"product","2":"type-product","3":"status-publish","4":"has-post-thumbnail","6":"product_cat-libros-digitales-ebooks","7":"product_tag-descargar-ebook","8":"product_tag-herman-melville","9":"product_tag-mejor-novela","10":"product_tag-moby-dick","12":"first","13":"instock","14":"shipping-taxable","15":"purchasable","16":"product-type-variable","17":"has-default-attributes"},"_links":{"self":[{"href":"https:\/\/www.taller-palabras.com\/WordPress_04\/wp-json\/wp\/v2\/product\/4536","targetHints":{"allow":["GET"]}}],"collection":[{"href":"https:\/\/www.taller-palabras.com\/WordPress_04\/wp-json\/wp\/v2\/product"}],"about":[{"href":"https:\/\/www.taller-palabras.com\/WordPress_04\/wp-json\/wp\/v2\/types\/product"}],"wp:featuredmedia":[{"embeddable":true,"href":"https:\/\/www.taller-palabras.com\/WordPress_04\/wp-json\/wp\/v2\/media\/4498"}],"wp:attachment":[{"href":"https:\/\/www.taller-palabras.com\/WordPress_04\/wp-json\/wp\/v2\/media?parent=4536"}],"wp:term":[{"taxonomy":"product_brand","embeddable":true,"href":"https:\/\/www.taller-palabras.com\/WordPress_04\/wp-json\/wp\/v2\/product_brand?post=4536"},{"taxonomy":"product_cat","embeddable":true,"href":"https:\/\/www.taller-palabras.com\/WordPress_04\/wp-json\/wp\/v2\/product_cat?post=4536"},{"taxonomy":"product_tag","embeddable":true,"href":"https:\/\/www.taller-palabras.com\/WordPress_04\/wp-json\/wp\/v2\/product_tag?post=4536"}],"curies":[{"name":"wp","href":"https:\/\/api.w.org\/{rel}","templated":true}]}}