{"id":4552,"date":"2021-10-31T10:47:24","date_gmt":"2021-10-31T13:47:24","guid":{"rendered":"https:\/\/www.taller-palabras.com\/WordPress_04\/?post_type=product&#038;p=4552"},"modified":"2024-05-11T16:38:12","modified_gmt":"2024-05-11T19:38:12","slug":"el-caligrafo-de-voltaire-pablo-de-santis-ebook","status":"publish","type":"product","link":"https:\/\/www.taller-palabras.com\/WordPress_04\/producto\/el-caligrafo-de-voltaire-pablo-de-santis-ebook","title":{"rendered":"El cal\u00edgrafo de Voltaire &#8211; Pablo de Santis \/ebook"},"content":{"rendered":"<figure id=\"attachment_4551\" aria-describedby=\"caption-attachment-4551\" style=\"width: 150px\" class=\"wp-caption alignleft\"><img loading=\"lazy\" decoding=\"async\" class=\"wp-image-4551 size-thumbnail\" src=\"https:\/\/www.taller-palabras.com\/WordPress_04\/wp-content\/uploads\/2021\/10\/PablodeSantis-150x150.jpg\" alt=\"\" width=\"150\" height=\"150\" srcset=\"https:\/\/www.taller-palabras.com\/WordPress_04\/wp-content\/uploads\/2021\/10\/PablodeSantis-150x150.jpg 150w, https:\/\/www.taller-palabras.com\/WordPress_04\/wp-content\/uploads\/2021\/10\/PablodeSantis-100x100.jpg 100w\" sizes=\"auto, (max-width: 150px) 100vw, 150px\" \/><figcaption id=\"caption-attachment-4551\" class=\"wp-caption-text\">Autor Pablo De Santis<\/figcaption><\/figure>\n<p>Un forastero llamado Dalessius llega a un puerto con el coraz\u00f3n de Voltaire en un frasco y la obsesi\u00f3n no menos terrible por una mujer. Con estos elementos iniciales y el trasfondo de las ruinas del Antiguo R\u00e9gimen, ocasionadas por la Revoluci\u00f3n Francesa, la novela consigue colocar a Voltaire y al arte de la caligraf\u00eda en un clima m\u00e1s misterioso, que real. En la b\u00fasqueda de la renovaci\u00f3n de ese arte, Dalessius descubre palabras que desaparecen, letras que brillan en la oscuridad o tintas que envenenan. Recostado entre los ata\u00fades de un servicio nocturno de entregas de cad\u00e1veres, y bajo las \u00f3rdenes de Voltaire, viaja primero a Toulouse y luego a Par\u00eds, donde debe investigar un plan de fan\u00e1ticos religiosos que luchan por acabar con la Ilustraci\u00f3n y devolver a Francia la fe perdida. Dalessius sigue los pasos de un fabricante de aut\u00f3matas, pinta mensajes secretos sobre mujeres desnudas y deja que el amor lo distraiga de su misi\u00f3n. A cada paso lo acecha la sombra del legendario cal\u00edgrafo Silas Darel y una certeza \u00faltima sobre su oficio: todo lo que sirve para escribir, tambi\u00e9n sirve para matar.<\/p>\n","protected":false},"excerpt":{"rendered":"<p>Un forastero llamado Dalessius llega a un puerto con el coraz\u00f3n de Voltaire en un frasco y la obsesi\u00f3n no menos terrible por una mujer. Con estos elementos iniciales y el trasfondo de las ruinas del Antiguo R\u00e9gimen, ocasionadas por la Revoluci\u00f3n Francesa, la novela consigue colocar a Voltaire y al arte de la caligraf\u00eda [&hellip;]<\/p>\n","protected":false},"featured_media":4549,"template":"","meta":[],"product_brand":[],"product_cat":[25],"product_tag":[54,605,45,604],"class_list":{"0":"post-4552","1":"product","2":"type-product","3":"status-publish","4":"has-post-thumbnail","6":"product_cat-libros-digitales-ebooks","7":"product_tag-descargar-ebook","8":"product_tag-el-caligrafo-de-voltaire","9":"product_tag-mejor-novela","10":"product_tag-pablo-de-santis","12":"first","13":"instock","14":"shipping-taxable","15":"purchasable","16":"product-type-variable","17":"has-default-attributes"},"_links":{"self":[{"href":"https:\/\/www.taller-palabras.com\/WordPress_04\/wp-json\/wp\/v2\/product\/4552","targetHints":{"allow":["GET"]}}],"collection":[{"href":"https:\/\/www.taller-palabras.com\/WordPress_04\/wp-json\/wp\/v2\/product"}],"about":[{"href":"https:\/\/www.taller-palabras.com\/WordPress_04\/wp-json\/wp\/v2\/types\/product"}],"wp:featuredmedia":[{"embeddable":true,"href":"https:\/\/www.taller-palabras.com\/WordPress_04\/wp-json\/wp\/v2\/media\/4549"}],"wp:attachment":[{"href":"https:\/\/www.taller-palabras.com\/WordPress_04\/wp-json\/wp\/v2\/media?parent=4552"}],"wp:term":[{"taxonomy":"product_brand","embeddable":true,"href":"https:\/\/www.taller-palabras.com\/WordPress_04\/wp-json\/wp\/v2\/product_brand?post=4552"},{"taxonomy":"product_cat","embeddable":true,"href":"https:\/\/www.taller-palabras.com\/WordPress_04\/wp-json\/wp\/v2\/product_cat?post=4552"},{"taxonomy":"product_tag","embeddable":true,"href":"https:\/\/www.taller-palabras.com\/WordPress_04\/wp-json\/wp\/v2\/product_tag?post=4552"}],"curies":[{"name":"wp","href":"https:\/\/api.w.org\/{rel}","templated":true}]}}