{"id":456,"date":"2019-03-22T16:58:23","date_gmt":"2019-03-22T19:58:23","guid":{"rendered":"https:\/\/www.taller-palabras.com\/WordPress_04\/?post_type=product&#038;p=456"},"modified":"2023-10-04T13:03:06","modified_gmt":"2023-10-04T16:03:06","slug":"las-tres-bodas-de-manolita-almudena-grandes","status":"publish","type":"product","link":"https:\/\/www.taller-palabras.com\/WordPress_04\/producto\/las-tres-bodas-de-manolita-almudena-grandes","title":{"rendered":"Las tres bodas de Manolita (3) \u2013 Almudena Grandes \/ebook"},"content":{"rendered":"<figure id=\"attachment_457\" aria-describedby=\"caption-attachment-457\" style=\"width: 150px\" class=\"wp-caption alignleft\"><img loading=\"lazy\" decoding=\"async\" class=\"wp-image-457 size-thumbnail\" src=\"https:\/\/www.taller-palabras.com\/WordPress_04\/wp-content\/uploads\/2019\/03\/almudenagrandes-150x150.jpg\" alt=\"\" width=\"150\" height=\"150\" srcset=\"https:\/\/www.taller-palabras.com\/WordPress_04\/wp-content\/uploads\/2019\/03\/almudenagrandes-150x150.jpg 150w, https:\/\/www.taller-palabras.com\/WordPress_04\/wp-content\/uploads\/2019\/03\/almudenagrandes-300x300.jpg 300w, https:\/\/www.taller-palabras.com\/WordPress_04\/wp-content\/uploads\/2019\/03\/almudenagrandes-324x324.jpg 324w, https:\/\/www.taller-palabras.com\/WordPress_04\/wp-content\/uploads\/2019\/03\/almudenagrandes-100x100.jpg 100w, https:\/\/www.taller-palabras.com\/WordPress_04\/wp-content\/uploads\/2019\/03\/almudenagrandes.jpg 400w\" sizes=\"auto, (max-width: 150px) 100vw, 150px\" \/><figcaption id=\"caption-attachment-457\" class=\"wp-caption-text\">Autora Almudena Grandes<\/figcaption><\/figure>\n<p>En los buenos tiempos, las chicas se casan por amor. En los malos, no siempre pueden elegir. En un Madrid devastado, reci\u00e9n salido de la guerra civil, sobrevivir es un duro oficio cotidiano. Especialmente para Manolita, una joven de dieciocho a\u00f1os que, con su padre y su madrastra encarcelados, y su hermano Antonio escondido en un tablao flamenco, tiene que hacerse cargo de su hermana Isabel y de otros tres m\u00e1s peque\u00f1os. A Antonio se le ocurrir\u00e1 una manera desesperada de prolongar la resistencia en los a\u00f1os m\u00e1s terribles de la represi\u00f3n: utilizar unas multicopistas que nadie sabe poner en marcha para la propaganda clandestina. Y querr\u00e1 que sea su hermana Manolita, la se\u00f1orita Conmigo No Cont\u00e9is, quien visite a un preso que puede darles la clave de su funcionamiento. Manolita no sabe que ese muchacho t\u00edmido y sin aparente atractivo va a ser en realidad un hombre determinante en su vida, y querr\u00e1 visitarlo de nuevo, despu\u00e9s de varios periplos, en el destacamento penitenciario de El Valle de los Ca\u00eddos. Pero antes tiene que saber qui\u00e9n es el delator que merodea por el barrio. Las tres bodas de Manolita es una emotiva historia coral sobre los a\u00f1os de pobreza y desolaci\u00f3n en la inmediata posguerra, y un tapiz inolvidable de vidas y destinos, de personajes reales e imaginados. Una novela memorable sobre la red de solidaridad que tejen muchas personas, desde los artistas de un tablao flamenco hasta las mujeres que hacen cola en la c\u00e1rcel para visitar a los presos, o los antiguos amigos de colegio de su hermano, para proteger a una joven con coraje.<\/p>\n<p>Luego de \u00abIn\u00e9s de la alegr\u00eda\u00bb y \u00abEl lector de Julio Verne\u00bb, llega el tercer libro que, por ahora, forma parte de lo que Almudena ha dado en llamar Episodios de una guerra interminable.<br \/>\nComo en cada novela, como en todas las historias de esta maestra de la palabra, es imposible en Las tres bodas de Manolita no sucumbir ante el inacabable desfile de personajes que nos acompa\u00f1an desde la primera p\u00e1gina.<\/p>\n<p>Estos formatos digitales los puedes leer en cualquier \u00abLector digital\u00bb o en los celulares y\/o tablets con una aplicaci\u00f3n que puedes bajar\u00a0<a href=\"https:\/\/play.google.com\/store\/search?q=ebook&amp;c=apps&amp;hl=es\" target=\"_blank\" rel=\"noopener noreferrer\">AQU\u00cd<\/a> (Recomendamos Aldiko). O si lo quieres leer en tu PC y\/o Laptop puedes bajarte el programa que recomendamos Adobe Digital Edition\u00a0 <a href=\"https:\/\/www.adobe.com\/es\/solutions\/ebook\/digital-editions\/download.html\" target=\"_blank\" rel=\"noopener noreferrer\">AQU\u00cd <\/a>\u00a0.<br \/>\nTambi\u00e9n puedes bajar una Aplicaci\u00f3n de tu Store preferido \ud83d\ude09<\/p>\n","protected":false},"excerpt":{"rendered":"<p>En los buenos tiempos, las chicas se casan por amor. En los malos, no siempre pueden elegir. En un Madrid devastado, reci\u00e9n salido de la guerra civil, sobrevivir es un duro oficio cotidiano. Especialmente para Manolita, una joven de dieciocho a\u00f1os que, con su padre y su madrastra encarcelados, y su hermano Antonio escondido en [&hellip;]<\/p>\n","protected":false},"featured_media":462,"template":"","meta":[],"product_brand":[],"product_cat":[25],"product_tag":[148,136,147,55],"class_list":{"0":"post-456","1":"product","2":"type-product","3":"status-publish","4":"has-post-thumbnail","6":"product_cat-libros-digitales-ebooks","7":"product_tag-almudena-grandes","8":"product_tag-decargar-ebook","9":"product_tag-las-tres-bodas-de-manolita","10":"product_tag-novelas","12":"first","13":"instock","14":"shipping-taxable","15":"purchasable","16":"product-type-variable","17":"has-default-attributes"},"_links":{"self":[{"href":"https:\/\/www.taller-palabras.com\/WordPress_04\/wp-json\/wp\/v2\/product\/456","targetHints":{"allow":["GET"]}}],"collection":[{"href":"https:\/\/www.taller-palabras.com\/WordPress_04\/wp-json\/wp\/v2\/product"}],"about":[{"href":"https:\/\/www.taller-palabras.com\/WordPress_04\/wp-json\/wp\/v2\/types\/product"}],"wp:featuredmedia":[{"embeddable":true,"href":"https:\/\/www.taller-palabras.com\/WordPress_04\/wp-json\/wp\/v2\/media\/462"}],"wp:attachment":[{"href":"https:\/\/www.taller-palabras.com\/WordPress_04\/wp-json\/wp\/v2\/media?parent=456"}],"wp:term":[{"taxonomy":"product_brand","embeddable":true,"href":"https:\/\/www.taller-palabras.com\/WordPress_04\/wp-json\/wp\/v2\/product_brand?post=456"},{"taxonomy":"product_cat","embeddable":true,"href":"https:\/\/www.taller-palabras.com\/WordPress_04\/wp-json\/wp\/v2\/product_cat?post=456"},{"taxonomy":"product_tag","embeddable":true,"href":"https:\/\/www.taller-palabras.com\/WordPress_04\/wp-json\/wp\/v2\/product_tag?post=456"}],"curies":[{"name":"wp","href":"https:\/\/api.w.org\/{rel}","templated":true}]}}