{"id":4566,"date":"2021-10-31T10:56:20","date_gmt":"2021-10-31T13:56:20","guid":{"rendered":"https:\/\/www.taller-palabras.com\/WordPress_04\/?post_type=product&#038;p=4566"},"modified":"2024-05-11T16:46:58","modified_gmt":"2024-05-11T19:46:58","slug":"el-enigma-de-paris-pablo-de-santis-ebook","status":"publish","type":"product","link":"https:\/\/www.taller-palabras.com\/WordPress_04\/producto\/el-enigma-de-paris-pablo-de-santis-ebook","title":{"rendered":"El enigma de Par\u00eds &#8211; Pablo de Santis \/ebook"},"content":{"rendered":"<figure id=\"attachment_4551\" aria-describedby=\"caption-attachment-4551\" style=\"width: 150px\" class=\"wp-caption alignleft\"><img loading=\"lazy\" decoding=\"async\" class=\"wp-image-4551 size-thumbnail\" src=\"https:\/\/www.taller-palabras.com\/WordPress_04\/wp-content\/uploads\/2021\/10\/PablodeSantis-150x150.jpg\" alt=\"\" width=\"150\" height=\"150\" srcset=\"https:\/\/www.taller-palabras.com\/WordPress_04\/wp-content\/uploads\/2021\/10\/PablodeSantis-150x150.jpg 150w, https:\/\/www.taller-palabras.com\/WordPress_04\/wp-content\/uploads\/2021\/10\/PablodeSantis-100x100.jpg 100w\" sizes=\"auto, (max-width: 150px) 100vw, 150px\" \/><figcaption id=\"caption-attachment-4551\" class=\"wp-caption-text\">Autor Pablo De Santis<\/figcaption><\/figure>\n<p>Par\u00eds, 1889. Los Doce Detectives, los investigadores m\u00e1s famosos del mundo, se re\u00fanen con motivo de la Exposici\u00f3n Universal. El selecto club tiene la misi\u00f3n de revelar al p\u00fablico sus casos m\u00e1s c\u00e9lebres, los m\u00e9todos secretos, la filosof\u00eda de cada investigaci\u00f3n y su concepci\u00f3n del crimen. La extra\u00f1a muerte de uno de los Doce, despe\u00f1ado misteriosamente desde una torre Eiffel en construcci\u00f3n, dar\u00e1 un giro a la reuni\u00f3n y les obligar\u00e1 a afinar sus habilidades para tratar de resolver lo que parece, a priori, la actuaci\u00f3n de un asesino en serie. El lector quedar\u00e1 fascinado por la belleza del enigma en esta novela cargada de magnetismo.<\/p>\n","protected":false},"excerpt":{"rendered":"<p>Par\u00eds, 1889. Los Doce Detectives, los investigadores m\u00e1s famosos del mundo, se re\u00fanen con motivo de la Exposici\u00f3n Universal. El selecto club tiene la misi\u00f3n de revelar al p\u00fablico sus casos m\u00e1s c\u00e9lebres, los m\u00e9todos secretos, la filosof\u00eda de cada investigaci\u00f3n y su concepci\u00f3n del crimen. La extra\u00f1a muerte de uno de los Doce, despe\u00f1ado [&hellip;]<\/p>\n","protected":false},"featured_media":4550,"template":"","meta":[],"product_brand":[],"product_cat":[25],"product_tag":[54,606,45,604],"class_list":{"0":"post-4566","1":"product","2":"type-product","3":"status-publish","4":"has-post-thumbnail","6":"product_cat-libros-digitales-ebooks","7":"product_tag-descargar-ebook","8":"product_tag-el-enigma-de-paris","9":"product_tag-mejor-novela","10":"product_tag-pablo-de-santis","12":"first","13":"instock","14":"shipping-taxable","15":"purchasable","16":"product-type-variable","17":"has-default-attributes"},"_links":{"self":[{"href":"https:\/\/www.taller-palabras.com\/WordPress_04\/wp-json\/wp\/v2\/product\/4566","targetHints":{"allow":["GET"]}}],"collection":[{"href":"https:\/\/www.taller-palabras.com\/WordPress_04\/wp-json\/wp\/v2\/product"}],"about":[{"href":"https:\/\/www.taller-palabras.com\/WordPress_04\/wp-json\/wp\/v2\/types\/product"}],"wp:featuredmedia":[{"embeddable":true,"href":"https:\/\/www.taller-palabras.com\/WordPress_04\/wp-json\/wp\/v2\/media\/4550"}],"wp:attachment":[{"href":"https:\/\/www.taller-palabras.com\/WordPress_04\/wp-json\/wp\/v2\/media?parent=4566"}],"wp:term":[{"taxonomy":"product_brand","embeddable":true,"href":"https:\/\/www.taller-palabras.com\/WordPress_04\/wp-json\/wp\/v2\/product_brand?post=4566"},{"taxonomy":"product_cat","embeddable":true,"href":"https:\/\/www.taller-palabras.com\/WordPress_04\/wp-json\/wp\/v2\/product_cat?post=4566"},{"taxonomy":"product_tag","embeddable":true,"href":"https:\/\/www.taller-palabras.com\/WordPress_04\/wp-json\/wp\/v2\/product_tag?post=4566"}],"curies":[{"name":"wp","href":"https:\/\/api.w.org\/{rel}","templated":true}]}}