{"id":4574,"date":"2021-11-04T11:46:04","date_gmt":"2021-11-04T14:46:04","guid":{"rendered":"https:\/\/www.taller-palabras.com\/WordPress_04\/?post_type=product&#038;p=4574"},"modified":"2024-05-12T11:11:04","modified_gmt":"2024-05-12T14:11:04","slug":"dracula-ilustrado-bram-stoker-ebook","status":"publish","type":"product","link":"https:\/\/www.taller-palabras.com\/WordPress_04\/producto\/dracula-ilustrado-bram-stoker-ebook","title":{"rendered":"Dr\u00e1cula (Ilustrado) &#8211; Bram Stoker \/ebook"},"content":{"rendered":"<figure id=\"attachment_4578\" aria-describedby=\"caption-attachment-4578\" style=\"width: 150px\" class=\"wp-caption alignleft\"><img loading=\"lazy\" decoding=\"async\" class=\"wp-image-4578 size-thumbnail\" src=\"https:\/\/www.taller-palabras.com\/WordPress_04\/wp-content\/uploads\/2021\/11\/Bram-Stoker-150x150.jpg\" alt=\"\" width=\"150\" height=\"150\" srcset=\"https:\/\/www.taller-palabras.com\/WordPress_04\/wp-content\/uploads\/2021\/11\/Bram-Stoker-150x150.jpg 150w, https:\/\/www.taller-palabras.com\/WordPress_04\/wp-content\/uploads\/2021\/11\/Bram-Stoker-100x100.jpg 100w, https:\/\/www.taller-palabras.com\/WordPress_04\/wp-content\/uploads\/2021\/11\/Bram-Stoker.jpg 283w\" sizes=\"auto, (max-width: 150px) 100vw, 150px\" \/><figcaption id=\"caption-attachment-4578\" class=\"wp-caption-text\">Autor Bram Stoker<\/figcaption><\/figure>\n<p>Dr\u00e1cula, publicada en 1897, sigue siendo hoy d\u00eda una de las m\u00e1s aclamadas y conocidas novelas de terror. Su autor, el irland\u00e9s Bram Stoker, se inspir\u00f3 en antiguas leyendas para crear el inolvidable personaje del conde Dr\u00e1cula, un despiadado vampiro con gran poder de seducci\u00f3n sobre sus v\u00edctimas, en muchas ocasiones mujeres j\u00f3venes y hermosas. El conde y su historia seducen tambi\u00e9n de forma irremediable a los lectores: el miedo, la sangre, la inmortalidad, la noche, la sensualidad o lo prohibido son ingredientes que no dejan indiferente a nadie.<\/p>\n","protected":false},"excerpt":{"rendered":"<p>Dr\u00e1cula, publicada en 1897, sigue siendo hoy d\u00eda una de las m\u00e1s aclamadas y conocidas novelas de terror. Su autor, el irland\u00e9s Bram Stoker, se inspir\u00f3 en antiguas leyendas para crear el inolvidable personaje del conde Dr\u00e1cula, un despiadado vampiro con gran poder de seducci\u00f3n sobre sus v\u00edctimas, en muchas ocasiones mujeres j\u00f3venes y hermosas. [&hellip;]<\/p>\n","protected":false},"featured_media":4579,"template":"","meta":[],"product_brand":[],"product_cat":[25],"product_tag":[608,54,609,45],"class_list":{"0":"post-4574","1":"product","2":"type-product","3":"status-publish","4":"has-post-thumbnail","6":"product_cat-libros-digitales-ebooks","7":"product_tag-bram-stoker","8":"product_tag-descargar-ebook","9":"product_tag-dracula","10":"product_tag-mejor-novela","12":"first","13":"instock","14":"shipping-taxable","15":"purchasable","16":"product-type-variable","17":"has-default-attributes"},"_links":{"self":[{"href":"https:\/\/www.taller-palabras.com\/WordPress_04\/wp-json\/wp\/v2\/product\/4574","targetHints":{"allow":["GET"]}}],"collection":[{"href":"https:\/\/www.taller-palabras.com\/WordPress_04\/wp-json\/wp\/v2\/product"}],"about":[{"href":"https:\/\/www.taller-palabras.com\/WordPress_04\/wp-json\/wp\/v2\/types\/product"}],"wp:featuredmedia":[{"embeddable":true,"href":"https:\/\/www.taller-palabras.com\/WordPress_04\/wp-json\/wp\/v2\/media\/4579"}],"wp:attachment":[{"href":"https:\/\/www.taller-palabras.com\/WordPress_04\/wp-json\/wp\/v2\/media?parent=4574"}],"wp:term":[{"taxonomy":"product_brand","embeddable":true,"href":"https:\/\/www.taller-palabras.com\/WordPress_04\/wp-json\/wp\/v2\/product_brand?post=4574"},{"taxonomy":"product_cat","embeddable":true,"href":"https:\/\/www.taller-palabras.com\/WordPress_04\/wp-json\/wp\/v2\/product_cat?post=4574"},{"taxonomy":"product_tag","embeddable":true,"href":"https:\/\/www.taller-palabras.com\/WordPress_04\/wp-json\/wp\/v2\/product_tag?post=4574"}],"curies":[{"name":"wp","href":"https:\/\/api.w.org\/{rel}","templated":true}]}}