{"id":4605,"date":"2021-11-07T12:22:44","date_gmt":"2021-11-07T15:22:44","guid":{"rendered":"https:\/\/www.taller-palabras.com\/WordPress_04\/?post_type=product&#038;p=4605"},"modified":"2024-05-12T12:08:58","modified_gmt":"2024-05-12T15:08:58","slug":"el-ano-del-pensamiento-magico-joan-didion-ebook","status":"publish","type":"product","link":"https:\/\/www.taller-palabras.com\/WordPress_04\/producto\/el-ano-del-pensamiento-magico-joan-didion-ebook","title":{"rendered":"El a\u00f1o del pensamiento m\u00e1gico &#8211; Joan Didion \/ebook"},"content":{"rendered":"<figure id=\"attachment_4585\" aria-describedby=\"caption-attachment-4585\" style=\"width: 150px\" class=\"wp-caption alignleft\"><img loading=\"lazy\" decoding=\"async\" class=\"wp-image-4585 size-thumbnail\" src=\"https:\/\/www.taller-palabras.com\/WordPress_04\/wp-content\/uploads\/2021\/11\/JoanDidion-150x150.jpg\" alt=\"\" width=\"150\" height=\"150\" srcset=\"https:\/\/www.taller-palabras.com\/WordPress_04\/wp-content\/uploads\/2021\/11\/JoanDidion-150x150.jpg 150w, https:\/\/www.taller-palabras.com\/WordPress_04\/wp-content\/uploads\/2021\/11\/JoanDidion-100x100.jpg 100w, https:\/\/www.taller-palabras.com\/WordPress_04\/wp-content\/uploads\/2021\/11\/JoanDidion.jpg 283w\" sizes=\"auto, (max-width: 150px) 100vw, 150px\" \/><figcaption id=\"caption-attachment-4585\" class=\"wp-caption-text\">Autora Joan Didion<\/figcaption><\/figure>\n<p>Unas memorias conmovedoras sobre la enfermedad y la muerte a trav\u00e9s de la experiencia personal de la periodista y escritora Joan Didion. Este libro memorable ha cautivado a millones de lectores en todo el mundo. En \u00e9l, la escritora Joan Didion, una de las autoras norteamericanas m\u00e1s reputadas de finales del siglo XX, narra con una fascinante distancia emocional la muerte repentina de su marido, el tambi\u00e9n escritor John Gregory Dunne. Este libro tan breve como intenso es, por consiguiente, una reflexi\u00f3n sobre el duelo y la cr\u00f3nica de una supervivencia.<br \/>\nEl a\u00f1o del pensamiento m\u00e1gico obtuvo el National Book Award en 2005.<\/p>\n","protected":false},"excerpt":{"rendered":"<p>Unas memorias conmovedoras sobre la enfermedad y la muerte a trav\u00e9s de la experiencia personal de la periodista y escritora Joan Didion. Este libro memorable ha cautivado a millones de lectores en todo el mundo. En \u00e9l, la escritora Joan Didion, una de las autoras norteamericanas m\u00e1s reputadas de finales del siglo XX, narra con [&hellip;]<\/p>\n","protected":false},"featured_media":4587,"template":"","meta":[],"product_brand":[],"product_cat":[25],"product_tag":[54,613,612,45],"class_list":{"0":"post-4605","1":"product","2":"type-product","3":"status-publish","4":"has-post-thumbnail","6":"product_cat-libros-digitales-ebooks","7":"product_tag-descargar-ebook","8":"product_tag-el-ano-del-pensamiento-magico","9":"product_tag-joan-didion","10":"product_tag-mejor-novela","12":"first","13":"instock","14":"shipping-taxable","15":"purchasable","16":"product-type-variable","17":"has-default-attributes"},"_links":{"self":[{"href":"https:\/\/www.taller-palabras.com\/WordPress_04\/wp-json\/wp\/v2\/product\/4605","targetHints":{"allow":["GET"]}}],"collection":[{"href":"https:\/\/www.taller-palabras.com\/WordPress_04\/wp-json\/wp\/v2\/product"}],"about":[{"href":"https:\/\/www.taller-palabras.com\/WordPress_04\/wp-json\/wp\/v2\/types\/product"}],"wp:featuredmedia":[{"embeddable":true,"href":"https:\/\/www.taller-palabras.com\/WordPress_04\/wp-json\/wp\/v2\/media\/4587"}],"wp:attachment":[{"href":"https:\/\/www.taller-palabras.com\/WordPress_04\/wp-json\/wp\/v2\/media?parent=4605"}],"wp:term":[{"taxonomy":"product_brand","embeddable":true,"href":"https:\/\/www.taller-palabras.com\/WordPress_04\/wp-json\/wp\/v2\/product_brand?post=4605"},{"taxonomy":"product_cat","embeddable":true,"href":"https:\/\/www.taller-palabras.com\/WordPress_04\/wp-json\/wp\/v2\/product_cat?post=4605"},{"taxonomy":"product_tag","embeddable":true,"href":"https:\/\/www.taller-palabras.com\/WordPress_04\/wp-json\/wp\/v2\/product_tag?post=4605"}],"curies":[{"name":"wp","href":"https:\/\/api.w.org\/{rel}","templated":true}]}}