{"id":4610,"date":"2021-11-07T12:41:31","date_gmt":"2021-11-07T15:41:31","guid":{"rendered":"https:\/\/www.taller-palabras.com\/WordPress_04\/?post_type=product&#038;p=4610"},"modified":"2024-02-16T12:52:25","modified_gmt":"2024-02-16T15:52:25","slug":"las-pequenas-virtudes-natalia-ginzburg-ebook","status":"publish","type":"product","link":"https:\/\/www.taller-palabras.com\/WordPress_04\/producto\/las-pequenas-virtudes-natalia-ginzburg-ebook","title":{"rendered":"Las peque\u00f1as virtudes &#8211; Natalia Ginzburg \/ebook"},"content":{"rendered":"<figure id=\"attachment_3552\" aria-describedby=\"caption-attachment-3552\" style=\"width: 150px\" class=\"wp-caption alignleft\"><img loading=\"lazy\" decoding=\"async\" class=\"wp-image-3552 size-thumbnail\" src=\"https:\/\/www.taller-palabras.com\/WordPress_04\/wp-content\/uploads\/2021\/05\/NataliaGinzburg-150x150.jpg\" alt=\"\" width=\"150\" height=\"150\" srcset=\"https:\/\/www.taller-palabras.com\/WordPress_04\/wp-content\/uploads\/2021\/05\/NataliaGinzburg-150x150.jpg 150w, https:\/\/www.taller-palabras.com\/WordPress_04\/wp-content\/uploads\/2021\/05\/NataliaGinzburg-100x100.jpg 100w\" sizes=\"auto, (max-width: 150px) 100vw, 150px\" \/><figcaption id=\"caption-attachment-3552\" class=\"wp-caption-text\">Autora Natalia Ginzburg<\/figcaption><\/figure>\n<p>A medio camino entre el ensayo y la autobiograf\u00eda, Las peque\u00f1as virtudes re\u00fane once textos de tema diverso que comparten una escritura instintiva, radical, una mirada comprometida llana y conclusivamente humana. La guerra y su mordedura atroz de miedo y pobreza, el recuerdo estremecedor y bellamente sostenido de Cesare Pavese y la experiencia intrincada de ser mujer y madre son algunas de las historias de una historia \u2014personal y colectiva\u2014 que Natalia Ginzburg ensambla magistralmente, en estas p\u00e1ginas de turbadora belleza, con una reflexi\u00f3n sagaz siempre atenta al otro, arco vital y testimonio del oficio \u2014vocaci\u00f3n irrenunciable, org\u00e1nica\u2014 de escribir.<\/p>\n","protected":false},"excerpt":{"rendered":"<p>A medio camino entre el ensayo y la autobiograf\u00eda, Las peque\u00f1as virtudes re\u00fane once textos de tema diverso que comparten una escritura instintiva, radical, una mirada comprometida llana y conclusivamente humana. La guerra y su mordedura atroz de miedo y pobreza, el recuerdo estremecedor y bellamente sostenido de Cesare Pavese y la experiencia intrincada de [&hellip;]<\/p>\n","protected":false},"featured_media":4588,"template":"","meta":[],"product_brand":[],"product_cat":[25],"product_tag":[54,614,45,437],"class_list":{"0":"post-4610","1":"product","2":"type-product","3":"status-publish","4":"has-post-thumbnail","6":"product_cat-libros-digitales-ebooks","7":"product_tag-descargar-ebook","8":"product_tag-las-pequenas-virtudes","9":"product_tag-mejor-novela","10":"product_tag-natalia-ginzburg","12":"first","13":"instock","14":"shipping-taxable","15":"purchasable","16":"product-type-variable","17":"has-default-attributes"},"_links":{"self":[{"href":"https:\/\/www.taller-palabras.com\/WordPress_04\/wp-json\/wp\/v2\/product\/4610","targetHints":{"allow":["GET"]}}],"collection":[{"href":"https:\/\/www.taller-palabras.com\/WordPress_04\/wp-json\/wp\/v2\/product"}],"about":[{"href":"https:\/\/www.taller-palabras.com\/WordPress_04\/wp-json\/wp\/v2\/types\/product"}],"wp:featuredmedia":[{"embeddable":true,"href":"https:\/\/www.taller-palabras.com\/WordPress_04\/wp-json\/wp\/v2\/media\/4588"}],"wp:attachment":[{"href":"https:\/\/www.taller-palabras.com\/WordPress_04\/wp-json\/wp\/v2\/media?parent=4610"}],"wp:term":[{"taxonomy":"product_brand","embeddable":true,"href":"https:\/\/www.taller-palabras.com\/WordPress_04\/wp-json\/wp\/v2\/product_brand?post=4610"},{"taxonomy":"product_cat","embeddable":true,"href":"https:\/\/www.taller-palabras.com\/WordPress_04\/wp-json\/wp\/v2\/product_cat?post=4610"},{"taxonomy":"product_tag","embeddable":true,"href":"https:\/\/www.taller-palabras.com\/WordPress_04\/wp-json\/wp\/v2\/product_tag?post=4610"}],"curies":[{"name":"wp","href":"https:\/\/api.w.org\/{rel}","templated":true}]}}