{"id":4636,"date":"2021-11-18T14:13:35","date_gmt":"2021-11-18T17:13:35","guid":{"rendered":"https:\/\/www.taller-palabras.com\/WordPress_04\/?post_type=product&#038;p=4636"},"modified":"2024-03-23T12:41:28","modified_gmt":"2024-03-23T15:41:28","slug":"el-viejo-y-el-mar-ernest-hemingway-ebook","status":"publish","type":"product","link":"https:\/\/www.taller-palabras.com\/WordPress_04\/producto\/el-viejo-y-el-mar-ernest-hemingway-ebook","title":{"rendered":"El viejo y el mar &#8211; Ernest Hemingway \/ebook)"},"content":{"rendered":"<figure id=\"attachment_3959\" aria-describedby=\"caption-attachment-3959\" style=\"width: 150px\" class=\"wp-caption alignleft\"><img loading=\"lazy\" decoding=\"async\" class=\"wp-image-3959 size-thumbnail\" src=\"https:\/\/www.taller-palabras.com\/WordPress_04\/wp-content\/uploads\/2021\/07\/Ernest_Hemingway-150x150.jpg\" alt=\"\" width=\"150\" height=\"150\" srcset=\"https:\/\/www.taller-palabras.com\/WordPress_04\/wp-content\/uploads\/2021\/07\/Ernest_Hemingway-150x150.jpg 150w, https:\/\/www.taller-palabras.com\/WordPress_04\/wp-content\/uploads\/2021\/07\/Ernest_Hemingway-300x300.jpg 300w, https:\/\/www.taller-palabras.com\/WordPress_04\/wp-content\/uploads\/2021\/07\/Ernest_Hemingway-324x324.jpg 324w, https:\/\/www.taller-palabras.com\/WordPress_04\/wp-content\/uploads\/2021\/07\/Ernest_Hemingway-100x100.jpg 100w, https:\/\/www.taller-palabras.com\/WordPress_04\/wp-content\/uploads\/2021\/07\/Ernest_Hemingway.jpg 329w\" sizes=\"auto, (max-width: 150px) 100vw, 150px\" \/><figcaption id=\"caption-attachment-3959\" class=\"wp-caption-text\">Autor Ernest Hemingway<\/figcaption><\/figure>\n<p>\u00abEl viejo y el mar\u00bb es uno de los relatos m\u00e1s bellos jam\u00e1s escritos. Un viejo pescador emprende su \u00faltima traves\u00eda de pesca y logra dar con una gran pieza contra la que tendr\u00e1 que luchar duramente. Cuando por fin consiga matarla, se ver\u00e1 obligado, por su desmesurado tama\u00f1o, a atarla a un costado de la barca, y de regreso a la costa tendr\u00e1 que afrontar los ataques de los tiburones a su pieza. La vejez, el mar, la lucha del hombre con la naturaleza, el esfuerzo f\u00edsico, la derrota y la victoria, el sol del tr\u00f3pico o el destino son algunos de los elementos con que Hemingway teje esta verdadera historia inmortal.<\/p>\n","protected":false},"excerpt":{"rendered":"<p>\u00abEl viejo y el mar\u00bb es uno de los relatos m\u00e1s bellos jam\u00e1s escritos. Un viejo pescador emprende su \u00faltima traves\u00eda de pesca y logra dar con una gran pieza contra la que tendr\u00e1 que luchar duramente. Cuando por fin consiga matarla, se ver\u00e1 obligado, por su desmesurado tama\u00f1o, a atarla a un costado de [&hellip;]<\/p>\n","protected":false},"featured_media":4640,"template":"","meta":[],"product_brand":[],"product_cat":[25],"product_tag":[54,619,508,225],"class_list":{"0":"post-4636","1":"product","2":"type-product","3":"status-publish","4":"has-post-thumbnail","6":"product_cat-libros-digitales-ebooks","7":"product_tag-descargar-ebook","8":"product_tag-el-viejo-y-el-mar","9":"product_tag-ernest-hemingway","10":"product_tag-mejores-novelas","12":"first","13":"instock","14":"shipping-taxable","15":"purchasable","16":"product-type-variable","17":"has-default-attributes"},"_links":{"self":[{"href":"https:\/\/www.taller-palabras.com\/WordPress_04\/wp-json\/wp\/v2\/product\/4636","targetHints":{"allow":["GET"]}}],"collection":[{"href":"https:\/\/www.taller-palabras.com\/WordPress_04\/wp-json\/wp\/v2\/product"}],"about":[{"href":"https:\/\/www.taller-palabras.com\/WordPress_04\/wp-json\/wp\/v2\/types\/product"}],"wp:featuredmedia":[{"embeddable":true,"href":"https:\/\/www.taller-palabras.com\/WordPress_04\/wp-json\/wp\/v2\/media\/4640"}],"wp:attachment":[{"href":"https:\/\/www.taller-palabras.com\/WordPress_04\/wp-json\/wp\/v2\/media?parent=4636"}],"wp:term":[{"taxonomy":"product_brand","embeddable":true,"href":"https:\/\/www.taller-palabras.com\/WordPress_04\/wp-json\/wp\/v2\/product_brand?post=4636"},{"taxonomy":"product_cat","embeddable":true,"href":"https:\/\/www.taller-palabras.com\/WordPress_04\/wp-json\/wp\/v2\/product_cat?post=4636"},{"taxonomy":"product_tag","embeddable":true,"href":"https:\/\/www.taller-palabras.com\/WordPress_04\/wp-json\/wp\/v2\/product_tag?post=4636"}],"curies":[{"name":"wp","href":"https:\/\/api.w.org\/{rel}","templated":true}]}}