{"id":4680,"date":"2021-11-22T10:32:45","date_gmt":"2021-11-22T13:32:45","guid":{"rendered":"https:\/\/www.taller-palabras.com\/WordPress_04\/?post_type=product&#038;p=4680"},"modified":"2024-05-13T12:23:35","modified_gmt":"2024-05-13T15:23:35","slug":"el-retrato-de-dorian-gray-oscar-wilde-ebook","status":"publish","type":"product","link":"https:\/\/www.taller-palabras.com\/WordPress_04\/producto\/el-retrato-de-dorian-gray-oscar-wilde-ebook","title":{"rendered":"El retrato de Dorian Gray &#8211; Oscar Wilde \/ebook)"},"content":{"rendered":"<figure id=\"attachment_4685\" aria-describedby=\"caption-attachment-4685\" style=\"width: 150px\" class=\"wp-caption alignleft\"><img loading=\"lazy\" decoding=\"async\" class=\"wp-image-4685 size-thumbnail\" src=\"https:\/\/www.taller-palabras.com\/WordPress_04\/wp-content\/uploads\/2021\/11\/Oscar-Wilde-150x150.jpg\" alt=\"\" width=\"150\" height=\"150\" srcset=\"https:\/\/www.taller-palabras.com\/WordPress_04\/wp-content\/uploads\/2021\/11\/Oscar-Wilde-150x150.jpg 150w, https:\/\/www.taller-palabras.com\/WordPress_04\/wp-content\/uploads\/2021\/11\/Oscar-Wilde-100x100.jpg 100w\" sizes=\"auto, (max-width: 150px) 100vw, 150px\" \/><figcaption id=\"caption-attachment-4685\" class=\"wp-caption-text\">Autor Oscar Wilde<\/figcaption><\/figure>\n<p>Cuando se public\u00f3 \u00abEl retrato de Dorian Gray\u00bb, los cr\u00edticos reaccionaron como de costumbre acusando a su autor de inmoralidad. Wilde se defendi\u00f3 diciendo que su novela era \u00abuna verdadera obra de arte\u00bb, de la que se desprend\u00eda una importante lecci\u00f3n \u00e9tica. (En realidad estaba parafraseando su propio pr\u00f3logo, donde se contiene la c\u00e9lebre frase: No hay obras moralmente buenas o malas, sino bien escritas o mal escritas). El tema de la consecuci\u00f3n de la eterna juventud a cambio del alma era antiguo, y Goethe lo hab\u00eda resucitado a principios de siglo con su \u00abFausto\u00bb. Pero Wilde supo darle tal tono de melancol\u00eda y desasosiego, que un siglo despu\u00e9s sigue fascin\u00e1ndonos.<\/p>\n","protected":false},"excerpt":{"rendered":"<p>Cuando se public\u00f3 \u00abEl retrato de Dorian Gray\u00bb, los cr\u00edticos reaccionaron como de costumbre acusando a su autor de inmoralidad. Wilde se defendi\u00f3 diciendo que su novela era \u00abuna verdadera obra de arte\u00bb, de la que se desprend\u00eda una importante lecci\u00f3n \u00e9tica. (En realidad estaba parafraseando su propio pr\u00f3logo, donde se contiene la c\u00e9lebre frase: [&hellip;]<\/p>\n","protected":false},"featured_media":4684,"template":"","meta":[],"product_brand":[],"product_cat":[25],"product_tag":[54,624,225,623],"class_list":{"0":"post-4680","1":"product","2":"type-product","3":"status-publish","4":"has-post-thumbnail","6":"product_cat-libros-digitales-ebooks","7":"product_tag-descargar-ebook","8":"product_tag-el-retrato-de-dorian-gray","9":"product_tag-mejores-novelas","10":"product_tag-oscar-wilde","12":"first","13":"instock","14":"shipping-taxable","15":"purchasable","16":"product-type-variable","17":"has-default-attributes"},"_links":{"self":[{"href":"https:\/\/www.taller-palabras.com\/WordPress_04\/wp-json\/wp\/v2\/product\/4680","targetHints":{"allow":["GET"]}}],"collection":[{"href":"https:\/\/www.taller-palabras.com\/WordPress_04\/wp-json\/wp\/v2\/product"}],"about":[{"href":"https:\/\/www.taller-palabras.com\/WordPress_04\/wp-json\/wp\/v2\/types\/product"}],"wp:featuredmedia":[{"embeddable":true,"href":"https:\/\/www.taller-palabras.com\/WordPress_04\/wp-json\/wp\/v2\/media\/4684"}],"wp:attachment":[{"href":"https:\/\/www.taller-palabras.com\/WordPress_04\/wp-json\/wp\/v2\/media?parent=4680"}],"wp:term":[{"taxonomy":"product_brand","embeddable":true,"href":"https:\/\/www.taller-palabras.com\/WordPress_04\/wp-json\/wp\/v2\/product_brand?post=4680"},{"taxonomy":"product_cat","embeddable":true,"href":"https:\/\/www.taller-palabras.com\/WordPress_04\/wp-json\/wp\/v2\/product_cat?post=4680"},{"taxonomy":"product_tag","embeddable":true,"href":"https:\/\/www.taller-palabras.com\/WordPress_04\/wp-json\/wp\/v2\/product_tag?post=4680"}],"curies":[{"name":"wp","href":"https:\/\/api.w.org\/{rel}","templated":true}]}}