{"id":4716,"date":"2021-11-22T12:45:45","date_gmt":"2021-11-22T15:45:45","guid":{"rendered":"https:\/\/www.taller-palabras.com\/WordPress_04\/?post_type=product&#038;p=4716"},"modified":"2026-03-31T12:15:43","modified_gmt":"2026-03-31T15:15:43","slug":"fervor-de-buenos-aires-jorge-luis-borges-ebook","status":"publish","type":"product","link":"https:\/\/www.taller-palabras.com\/WordPress_04\/producto\/fervor-de-buenos-aires-jorge-luis-borges-ebook","title":{"rendered":"Fervor de Buenos Aires &#8211; Jorge Luis Borges \/ebook)"},"content":{"rendered":"<figure id=\"attachment_2902\" aria-describedby=\"caption-attachment-2902\" style=\"width: 150px\" class=\"wp-caption alignleft\"><img loading=\"lazy\" decoding=\"async\" class=\"wp-image-2902 size-thumbnail\" src=\"https:\/\/www.taller-palabras.com\/WordPress_04\/wp-content\/uploads\/2020\/12\/JorgeLuisBorges-150x150.jpg\" alt=\"\" width=\"150\" height=\"150\" srcset=\"https:\/\/www.taller-palabras.com\/WordPress_04\/wp-content\/uploads\/2020\/12\/JorgeLuisBorges-150x150.jpg 150w, https:\/\/www.taller-palabras.com\/WordPress_04\/wp-content\/uploads\/2020\/12\/JorgeLuisBorges-100x100.jpg 100w\" sizes=\"auto, (max-width: 150px) 100vw, 150px\" \/><figcaption id=\"caption-attachment-2902\" class=\"wp-caption-text\">Autor Jorge Luis Borges<\/figcaption><\/figure>\n<p>Escrito con alg\u00fan resabio ultra\u00edsta y bajo el influjo de su regreso a Argentina tras los a\u00f1os vividos en Europa, este libro anticipa con nitidez la obra futura de Borges. En sus p\u00e1ginas ya est\u00e1n las met\u00e1foras cl\u00e1sicas, la adjetivaci\u00f3n asombrosa, el incipiente planteo metaf\u00edsico, la precisi\u00f3n verbal, la peculiar inflexi\u00f3n vacilante que esconde un remate perfecto. El tema central son los suburbios de la ciudad, el linde misterioso donde el barrio se desdibuja en el campo. Esa tensi\u00f3n entre lo particular y lo universal funda en nuestras letras un nuevo modo de observar la realidad cotidiana, una exquisita po\u00e9tica de lo inestable.<\/p>\n","protected":false},"excerpt":{"rendered":"<p>Escrito con alg\u00fan resabio ultra\u00edsta y bajo el influjo de su regreso a Argentina tras los a\u00f1os vividos en Europa, este libro anticipa con nitidez la obra futura de Borges. En sus p\u00e1ginas ya est\u00e1n las met\u00e1foras cl\u00e1sicas, la adjetivaci\u00f3n asombrosa, el incipiente planteo metaf\u00edsico, la precisi\u00f3n verbal, la peculiar inflexi\u00f3n vacilante que esconde un [&hellip;]<\/p>\n","protected":false},"featured_media":4720,"template":"","meta":[],"product_brand":[1706],"product_cat":[25],"product_tag":[54,631,346,225],"class_list":{"0":"post-4716","1":"product","2":"type-product","3":"status-publish","4":"has-post-thumbnail","6":"product_brand-grupo1","7":"product_cat-libros-digitales-ebooks","8":"product_tag-descargar-ebook","9":"product_tag-fervor-de-buenos-aires","10":"product_tag-jorge-luis-borges","11":"product_tag-mejores-novelas","13":"first","14":"instock","15":"shipping-taxable","16":"purchasable","17":"product-type-variable","18":"has-default-attributes"},"_links":{"self":[{"href":"https:\/\/www.taller-palabras.com\/WordPress_04\/wp-json\/wp\/v2\/product\/4716","targetHints":{"allow":["GET"]}}],"collection":[{"href":"https:\/\/www.taller-palabras.com\/WordPress_04\/wp-json\/wp\/v2\/product"}],"about":[{"href":"https:\/\/www.taller-palabras.com\/WordPress_04\/wp-json\/wp\/v2\/types\/product"}],"wp:featuredmedia":[{"embeddable":true,"href":"https:\/\/www.taller-palabras.com\/WordPress_04\/wp-json\/wp\/v2\/media\/4720"}],"wp:attachment":[{"href":"https:\/\/www.taller-palabras.com\/WordPress_04\/wp-json\/wp\/v2\/media?parent=4716"}],"wp:term":[{"taxonomy":"product_brand","embeddable":true,"href":"https:\/\/www.taller-palabras.com\/WordPress_04\/wp-json\/wp\/v2\/product_brand?post=4716"},{"taxonomy":"product_cat","embeddable":true,"href":"https:\/\/www.taller-palabras.com\/WordPress_04\/wp-json\/wp\/v2\/product_cat?post=4716"},{"taxonomy":"product_tag","embeddable":true,"href":"https:\/\/www.taller-palabras.com\/WordPress_04\/wp-json\/wp\/v2\/product_tag?post=4716"}],"curies":[{"name":"wp","href":"https:\/\/api.w.org\/{rel}","templated":true}]}}