{"id":4742,"date":"2021-11-23T15:59:10","date_gmt":"2021-11-23T18:59:10","guid":{"rendered":"https:\/\/www.taller-palabras.com\/WordPress_04\/?post_type=product&#038;p=4742"},"modified":"2024-01-14T11:39:35","modified_gmt":"2024-01-14T14:39:35","slug":"la-educacion-sentimental-gustave-flaubert-ebook","status":"publish","type":"product","link":"https:\/\/www.taller-palabras.com\/WordPress_04\/producto\/la-educacion-sentimental-gustave-flaubert-ebook","title":{"rendered":"La educaci\u00f3n sentimental &#8211; Gustave Flaubert \/ebook)"},"content":{"rendered":"<figure id=\"attachment_2679\" aria-describedby=\"caption-attachment-2679\" style=\"width: 150px\" class=\"wp-caption alignleft\"><img loading=\"lazy\" decoding=\"async\" class=\"wp-image-2679 size-thumbnail\" src=\"https:\/\/www.taller-palabras.com\/WordPress_04\/wp-content\/uploads\/2020\/11\/GustaveFlaubert-150x150.jpg\" alt=\"\" width=\"150\" height=\"150\" srcset=\"https:\/\/www.taller-palabras.com\/WordPress_04\/wp-content\/uploads\/2020\/11\/GustaveFlaubert-150x150.jpg 150w, https:\/\/www.taller-palabras.com\/WordPress_04\/wp-content\/uploads\/2020\/11\/GustaveFlaubert-100x100.jpg 100w\" sizes=\"auto, (max-width: 150px) 100vw, 150px\" \/><figcaption id=\"caption-attachment-2679\" class=\"wp-caption-text\">Autor Gustave Flaubert<\/figcaption><\/figure>\n<p>\u00abNo le\u00e1is \u00abLa educaci\u00f3n sentimental\u00bb como los ni\u00f1os: por diversi\u00f3n; ni por instrucci\u00f3n, como los ambiciosos. Leedla para vivir\u00bb. Gustave Flaubert La historia de un ambicioso joven de provincias que se enamora de una mujer casada sirvi\u00f3 a Flaubert para crear uno de los hitos estil\u00edsticos de la literatura universal, \u00abLa educaci\u00f3n sentimental\u00bb (1869), quiz\u00e1 su obra maestra, sin duda una de las novelas m\u00e1s perdurables de todos los tiempos. En la cubierta del barco que le lleva de Par\u00eds a su ciudad natal, Fr\u00e9d\u00e9ric Moreau se quedar\u00e1 prendado de la belleza de la se\u00f1ora Arnoux. Este ser\u00e1 el punto de arranque de las tribulaciones de un joven que sue\u00f1a con alcanzar fama y fortuna y que, de regreso a Par\u00eds, frecuentar\u00e1 al se\u00f1or Arnoux para estar cerca de su secreto amor. Todo ello tendr\u00e1 lugar en un escenario esplendoroso, el Par\u00eds de mediados del siglo XIX, la capital de la burgues\u00eda emergente, donde la intensidad del placer se mezcla con el inevitable tedio y el resplandor de uno de los periodos cruciales de la historia europea: la revoluci\u00f3n de 1848. Esta edici\u00f3n, que presentamos en una traducci\u00f3n coet\u00e1nea \u2014modernizada\u2014 que conserva todo el vigor del original, se abre con un estudio de Pierre-Marc de Biasi, reconocido experto en la obra de Flaubert. A modo de ap\u00e9ndice se facilita una cronolog\u00eda de la redacci\u00f3n de la novela, campo recurrente, el de la gen\u00e9tica textual, para comprender las cotas de perfecci\u00f3n que alcanz\u00f3 el autor. \u00abTodas las calles conduc\u00edan a su casa; los coches se estacionaban en las plazas, \u00fanicamente para ir all\u00e1 m\u00e1s deprisa\u00bb.<\/p>\n","protected":false},"excerpt":{"rendered":"<p>\u00abNo le\u00e1is \u00abLa educaci\u00f3n sentimental\u00bb como los ni\u00f1os: por diversi\u00f3n; ni por instrucci\u00f3n, como los ambiciosos. Leedla para vivir\u00bb. Gustave Flaubert La historia de un ambicioso joven de provincias que se enamora de una mujer casada sirvi\u00f3 a Flaubert para crear uno de los hitos estil\u00edsticos de la literatura universal, \u00abLa educaci\u00f3n sentimental\u00bb (1869), quiz\u00e1 [&hellip;]<\/p>\n","protected":false},"featured_media":4746,"template":"","meta":[],"product_brand":[],"product_cat":[25],"product_tag":[54,312,636,225],"class_list":{"0":"post-4742","1":"product","2":"type-product","3":"status-publish","4":"has-post-thumbnail","6":"product_cat-libros-digitales-ebooks","7":"product_tag-descargar-ebook","8":"product_tag-gustave-flaubert","9":"product_tag-la-educacion-sentimental","10":"product_tag-mejores-novelas","12":"first","13":"instock","14":"shipping-taxable","15":"purchasable","16":"product-type-variable","17":"has-default-attributes"},"_links":{"self":[{"href":"https:\/\/www.taller-palabras.com\/WordPress_04\/wp-json\/wp\/v2\/product\/4742","targetHints":{"allow":["GET"]}}],"collection":[{"href":"https:\/\/www.taller-palabras.com\/WordPress_04\/wp-json\/wp\/v2\/product"}],"about":[{"href":"https:\/\/www.taller-palabras.com\/WordPress_04\/wp-json\/wp\/v2\/types\/product"}],"wp:featuredmedia":[{"embeddable":true,"href":"https:\/\/www.taller-palabras.com\/WordPress_04\/wp-json\/wp\/v2\/media\/4746"}],"wp:attachment":[{"href":"https:\/\/www.taller-palabras.com\/WordPress_04\/wp-json\/wp\/v2\/media?parent=4742"}],"wp:term":[{"taxonomy":"product_brand","embeddable":true,"href":"https:\/\/www.taller-palabras.com\/WordPress_04\/wp-json\/wp\/v2\/product_brand?post=4742"},{"taxonomy":"product_cat","embeddable":true,"href":"https:\/\/www.taller-palabras.com\/WordPress_04\/wp-json\/wp\/v2\/product_cat?post=4742"},{"taxonomy":"product_tag","embeddable":true,"href":"https:\/\/www.taller-palabras.com\/WordPress_04\/wp-json\/wp\/v2\/product_tag?post=4742"}],"curies":[{"name":"wp","href":"https:\/\/api.w.org\/{rel}","templated":true}]}}