{"id":4760,"date":"2021-11-24T16:46:47","date_gmt":"2021-11-24T19:46:47","guid":{"rendered":"https:\/\/www.taller-palabras.com\/WordPress_04\/?post_type=product&#038;p=4760"},"modified":"2024-05-22T16:10:14","modified_gmt":"2024-05-22T19:10:14","slug":"las-mil-y-una-noches-edicion-ilustrada-anonimo-ebook","status":"publish","type":"product","link":"https:\/\/www.taller-palabras.com\/WordPress_04\/producto\/las-mil-y-una-noches-edicion-ilustrada-anonimo-ebook","title":{"rendered":"Las mil y una noches &#8211; Edici\u00f3n ilustrada &#8211; An\u00f3nimo \/ebook)"},"content":{"rendered":"<figure id=\"attachment_9810\" aria-describedby=\"caption-attachment-9810\" style=\"width: 150px\" class=\"wp-caption alignleft\"><img loading=\"lazy\" decoding=\"async\" class=\"wp-image-9810 size-thumbnail\" src=\"https:\/\/www.taller-palabras.com\/WordPress_04\/wp-content\/uploads\/2024\/05\/anonimo-150x150.jpg\" alt=\"\" width=\"150\" height=\"150\" srcset=\"https:\/\/www.taller-palabras.com\/WordPress_04\/wp-content\/uploads\/2024\/05\/anonimo-150x150.jpg 150w, https:\/\/www.taller-palabras.com\/WordPress_04\/wp-content\/uploads\/2024\/05\/anonimo-100x100.jpg 100w, https:\/\/www.taller-palabras.com\/WordPress_04\/wp-content\/uploads\/2024\/05\/anonimo.jpg 285w\" sizes=\"auto, (max-width: 150px) 100vw, 150px\" \/><figcaption id=\"caption-attachment-9810\" class=\"wp-caption-text\">Autor An\u00f3nimo<\/figcaption><\/figure>\n<p>Las mil y una noches, uno de los grandes tesoros de la literatura mundial, recopila otros tantos cuentos orientales poblados de personajes tan m\u00edticos como Simbad, Al\u00ed Bab\u00e1 o Aladino. La historia arranca cuando, tras conocer y castigar cruelmente el adulterio de su esposa, el Sult\u00e1n decide desposar cada d\u00eda a una virgen, ala que har\u00e1 decapitar a la ma\u00f1ana siguiente. Para detenerlo, la princesa Scheznarda se casa con \u00e9l, pero urde una treta: Cada noche le cuenta una historia, cuyo final pospone para la noche siguiente, en que inicia una nueva\u2026 As\u00ed lograr\u00e1 mantener durante mil y una noches el inter\u00e9s de su enamorado esposo. Al final, el Sult\u00e1n exclama: \u00ab\u00a1Oh!, Scheznarda [\u2026] haberte escuchado durante estas mil y una noches ha transformado mi \u00e1nimo, sumergi\u00e9ndome en la dicha de vivir\u00bb. No hay duda de que, como \u00e9l, usted, lector, tambi\u00e9n caer\u00e1 hechizado por estos mil y un ex\u00f3ticos y aleccionadores cuentos. \u00a1Que los disfrute!<\/p>\n","protected":false},"excerpt":{"rendered":"<p>Las mil y una noches, uno de los grandes tesoros de la literatura mundial, recopila otros tantos cuentos orientales poblados de personajes tan m\u00edticos como Simbad, Al\u00ed Bab\u00e1 o Aladino. La historia arranca cuando, tras conocer y castigar cruelmente el adulterio de su esposa, el Sult\u00e1n decide desposar cada d\u00eda a una virgen, ala que [&hellip;]<\/p>\n","protected":false},"featured_media":4764,"template":"","meta":[],"product_brand":[],"product_cat":[25],"product_tag":[54,639,225],"class_list":{"0":"post-4760","1":"product","2":"type-product","3":"status-publish","4":"has-post-thumbnail","6":"product_cat-libros-digitales-ebooks","7":"product_tag-descargar-ebook","8":"product_tag-las-mil-y-una-noches","9":"product_tag-mejores-novelas","11":"first","12":"instock","13":"shipping-taxable","14":"purchasable","15":"product-type-variable","16":"has-default-attributes"},"_links":{"self":[{"href":"https:\/\/www.taller-palabras.com\/WordPress_04\/wp-json\/wp\/v2\/product\/4760","targetHints":{"allow":["GET"]}}],"collection":[{"href":"https:\/\/www.taller-palabras.com\/WordPress_04\/wp-json\/wp\/v2\/product"}],"about":[{"href":"https:\/\/www.taller-palabras.com\/WordPress_04\/wp-json\/wp\/v2\/types\/product"}],"wp:featuredmedia":[{"embeddable":true,"href":"https:\/\/www.taller-palabras.com\/WordPress_04\/wp-json\/wp\/v2\/media\/4764"}],"wp:attachment":[{"href":"https:\/\/www.taller-palabras.com\/WordPress_04\/wp-json\/wp\/v2\/media?parent=4760"}],"wp:term":[{"taxonomy":"product_brand","embeddable":true,"href":"https:\/\/www.taller-palabras.com\/WordPress_04\/wp-json\/wp\/v2\/product_brand?post=4760"},{"taxonomy":"product_cat","embeddable":true,"href":"https:\/\/www.taller-palabras.com\/WordPress_04\/wp-json\/wp\/v2\/product_cat?post=4760"},{"taxonomy":"product_tag","embeddable":true,"href":"https:\/\/www.taller-palabras.com\/WordPress_04\/wp-json\/wp\/v2\/product_tag?post=4760"}],"curies":[{"name":"wp","href":"https:\/\/api.w.org\/{rel}","templated":true}]}}