{"id":4778,"date":"2021-11-25T12:56:06","date_gmt":"2021-11-25T15:56:06","guid":{"rendered":"https:\/\/www.taller-palabras.com\/WordPress_04\/?post_type=product&#038;p=4778"},"modified":"2024-01-14T10:38:22","modified_gmt":"2024-01-14T13:38:22","slug":"las-aventuras-de-huckleberry-finn-mark-twain-ebook","status":"publish","type":"product","link":"https:\/\/www.taller-palabras.com\/WordPress_04\/producto\/las-aventuras-de-huckleberry-finn-mark-twain-ebook","title":{"rendered":"Las aventuras de Huckleberry Finn &#8211; Mark Twain \/ebook"},"content":{"rendered":"<figure id=\"attachment_2653\" aria-describedby=\"caption-attachment-2653\" style=\"width: 150px\" class=\"wp-caption alignleft\"><img loading=\"lazy\" decoding=\"async\" class=\"wp-image-2653 size-thumbnail\" src=\"https:\/\/www.taller-palabras.com\/WordPress_04\/wp-content\/uploads\/2020\/11\/MarkTwain-150x150.jpg\" alt=\"\" width=\"150\" height=\"150\" srcset=\"https:\/\/www.taller-palabras.com\/WordPress_04\/wp-content\/uploads\/2020\/11\/MarkTwain-150x150.jpg 150w, https:\/\/www.taller-palabras.com\/WordPress_04\/wp-content\/uploads\/2020\/11\/MarkTwain-100x100.jpg 100w\" sizes=\"auto, (max-width: 150px) 100vw, 150px\" \/><figcaption id=\"caption-attachment-2653\" class=\"wp-caption-text\">Autor Mark Twain<\/figcaption><\/figure>\n<p>Criticada y elogiada por igual, esta novela no solo constituye la culminaci\u00f3n de la narrativa de Mark Twain, sino tambi\u00e9n el cl\u00e1sico por excelencia de la literatura estadounidense. Mark Twain, con su ir\u00f3nico sentido del humor y su prosa \u00e1gil y precisa, nos lleva por el Mississippi de la mano del inolvidable Huck Finn y su fiel amigo Jim, quien huye de la esclavitud. Novela sobre el racismo, la violencia, la amistad y la libertad en unos a\u00f1os turbulentos, \u00abLas aventuras de Huckleberry Finn\u00bb es una lectura imprescindible a cualquier edad. La presente edici\u00f3n, en una traducci\u00f3n de Jos\u00e9 A. de Larrinaga, incluye el \u00abEpisodio de la balsa\u00bb, un pasaje que Mark Twain decidi\u00f3 excluir persuadido por el editor de la primera publicaci\u00f3n. Completa el volumen una esclarecedora introducci\u00f3n de R. Kent Rasmussen, uno de los m\u00e1ximos expertos en la obra de Twain. Roberto Bola\u00f1o dijo sobre Las aventuras de Huckleberry Finn&#8230; \u00abSobrevivir. Esa es una de las magias que el lector encuentra en esta novela. Capacidad para sobrevivir.\u00bb<\/p>\n","protected":false},"excerpt":{"rendered":"<p>Criticada y elogiada por igual, esta novela no solo constituye la culminaci\u00f3n de la narrativa de Mark Twain, sino tambi\u00e9n el cl\u00e1sico por excelencia de la literatura estadounidense. Mark Twain, con su ir\u00f3nico sentido del humor y su prosa \u00e1gil y precisa, nos lleva por el Mississippi de la mano del inolvidable Huck Finn y [&hellip;]<\/p>\n","protected":false},"featured_media":4777,"template":"","meta":[],"product_brand":[],"product_cat":[25],"product_tag":[54,642,309,308],"class_list":{"0":"post-4778","1":"product","2":"type-product","3":"status-publish","4":"has-post-thumbnail","6":"product_cat-libros-digitales-ebooks","7":"product_tag-descargar-ebook","8":"product_tag-las-aventuras-de-huckleberry-finn","9":"product_tag-mark-twain","10":"product_tag-mejores-novela","12":"first","13":"instock","14":"shipping-taxable","15":"purchasable","16":"product-type-variable","17":"has-default-attributes"},"_links":{"self":[{"href":"https:\/\/www.taller-palabras.com\/WordPress_04\/wp-json\/wp\/v2\/product\/4778","targetHints":{"allow":["GET"]}}],"collection":[{"href":"https:\/\/www.taller-palabras.com\/WordPress_04\/wp-json\/wp\/v2\/product"}],"about":[{"href":"https:\/\/www.taller-palabras.com\/WordPress_04\/wp-json\/wp\/v2\/types\/product"}],"wp:featuredmedia":[{"embeddable":true,"href":"https:\/\/www.taller-palabras.com\/WordPress_04\/wp-json\/wp\/v2\/media\/4777"}],"wp:attachment":[{"href":"https:\/\/www.taller-palabras.com\/WordPress_04\/wp-json\/wp\/v2\/media?parent=4778"}],"wp:term":[{"taxonomy":"product_brand","embeddable":true,"href":"https:\/\/www.taller-palabras.com\/WordPress_04\/wp-json\/wp\/v2\/product_brand?post=4778"},{"taxonomy":"product_cat","embeddable":true,"href":"https:\/\/www.taller-palabras.com\/WordPress_04\/wp-json\/wp\/v2\/product_cat?post=4778"},{"taxonomy":"product_tag","embeddable":true,"href":"https:\/\/www.taller-palabras.com\/WordPress_04\/wp-json\/wp\/v2\/product_tag?post=4778"}],"curies":[{"name":"wp","href":"https:\/\/api.w.org\/{rel}","templated":true}]}}