{"id":4787,"date":"2021-11-26T10:22:36","date_gmt":"2021-11-26T13:22:36","guid":{"rendered":"https:\/\/www.taller-palabras.com\/WordPress_04\/?post_type=product&#038;p=4787"},"modified":"2024-05-23T16:06:52","modified_gmt":"2024-05-23T19:06:52","slug":"tormento-benito-perez-galdos-ebook","status":"publish","type":"product","link":"https:\/\/www.taller-palabras.com\/WordPress_04\/producto\/tormento-benito-perez-galdos-ebook","title":{"rendered":"Tormento &#8211; Benito Perez Gald\u00f3s \/ebook"},"content":{"rendered":"<figure id=\"attachment_4846\" aria-describedby=\"caption-attachment-4846\" style=\"width: 150px\" class=\"wp-caption alignleft\"><img loading=\"lazy\" decoding=\"async\" class=\"wp-image-4846 size-thumbnail\" src=\"https:\/\/www.taller-palabras.com\/WordPress_04\/wp-content\/uploads\/2021\/11\/Benito-Perez-Galdos-150x150.jpg\" alt=\"\" width=\"150\" height=\"150\" srcset=\"https:\/\/www.taller-palabras.com\/WordPress_04\/wp-content\/uploads\/2021\/11\/Benito-Perez-Galdos-150x150.jpg 150w, https:\/\/www.taller-palabras.com\/WordPress_04\/wp-content\/uploads\/2021\/11\/Benito-Perez-Galdos-100x100.jpg 100w\" sizes=\"auto, (max-width: 150px) 100vw, 150px\" \/><figcaption id=\"caption-attachment-4846\" class=\"wp-caption-text\">Autor Benito Perez Gald\u00f3s<\/figcaption><\/figure>\n<p>Urdida en torno al conflicto entre la libertad de la imaginaci\u00f3n y la opacidad de la realidad, Tormento es una de las obras m\u00e1s significativas de Benito P\u00e9rez Gald\u00f3s. En ella, Pedro Polo se ordena sacerdote movido por el deseo de abandonar la estrechez del medio rural, pero no halla en la vida pastoral cauce para su natural fogoso e imaginativo. Falto de aut\u00e9ntica vocaci\u00f3n religiosa, huir\u00e1 de la realidad cotidiana a trav\u00e9s de la enso\u00f1aci\u00f3n fant\u00e1stica y romper\u00e1 el celibato al seducir a Amparo S\u00e1nchez Emperador.<\/p>\n","protected":false},"excerpt":{"rendered":"<p>Urdida en torno al conflicto entre la libertad de la imaginaci\u00f3n y la opacidad de la realidad, Tormento es una de las obras m\u00e1s significativas de Benito P\u00e9rez Gald\u00f3s. En ella, Pedro Polo se ordena sacerdote movido por el deseo de abandonar la estrechez del medio rural, pero no halla en la vida pastoral cauce [&hellip;]<\/p>\n","protected":false},"featured_media":4845,"template":"","meta":[],"product_brand":[],"product_cat":[25],"product_tag":[648,54,308,649],"class_list":{"0":"post-4787","1":"product","2":"type-product","3":"status-publish","4":"has-post-thumbnail","6":"product_cat-libros-digitales-ebooks","7":"product_tag-benito-perez-galdos","8":"product_tag-descargar-ebook","9":"product_tag-mejores-novela","10":"product_tag-tormento","12":"first","13":"instock","14":"shipping-taxable","15":"purchasable","16":"product-type-variable","17":"has-default-attributes"},"_links":{"self":[{"href":"https:\/\/www.taller-palabras.com\/WordPress_04\/wp-json\/wp\/v2\/product\/4787","targetHints":{"allow":["GET"]}}],"collection":[{"href":"https:\/\/www.taller-palabras.com\/WordPress_04\/wp-json\/wp\/v2\/product"}],"about":[{"href":"https:\/\/www.taller-palabras.com\/WordPress_04\/wp-json\/wp\/v2\/types\/product"}],"wp:featuredmedia":[{"embeddable":true,"href":"https:\/\/www.taller-palabras.com\/WordPress_04\/wp-json\/wp\/v2\/media\/4845"}],"wp:attachment":[{"href":"https:\/\/www.taller-palabras.com\/WordPress_04\/wp-json\/wp\/v2\/media?parent=4787"}],"wp:term":[{"taxonomy":"product_brand","embeddable":true,"href":"https:\/\/www.taller-palabras.com\/WordPress_04\/wp-json\/wp\/v2\/product_brand?post=4787"},{"taxonomy":"product_cat","embeddable":true,"href":"https:\/\/www.taller-palabras.com\/WordPress_04\/wp-json\/wp\/v2\/product_cat?post=4787"},{"taxonomy":"product_tag","embeddable":true,"href":"https:\/\/www.taller-palabras.com\/WordPress_04\/wp-json\/wp\/v2\/product_tag?post=4787"}],"curies":[{"name":"wp","href":"https:\/\/api.w.org\/{rel}","templated":true}]}}