{"id":4821,"date":"2019-03-22T16:57:31","date_gmt":"2019-03-22T19:57:31","guid":{"rendered":"https:\/\/www.taller-palabras.com\/WordPress_04\/?post_type=product&#038;p=4821"},"modified":"2023-10-04T12:21:36","modified_gmt":"2023-10-04T15:21:36","slug":"los-pacientes-del-doctor-garcia-4-almudena-grandes-ebook","status":"publish","type":"product","link":"https:\/\/www.taller-palabras.com\/WordPress_04\/producto\/los-pacientes-del-doctor-garcia-4-almudena-grandes-ebook","title":{"rendered":"Los pacientes del doctor Garcia (4)- Almudena Grandes \/ebook"},"content":{"rendered":"<figure id=\"attachment_457\" aria-describedby=\"caption-attachment-457\" style=\"width: 150px\" class=\"wp-caption alignleft\"><img loading=\"lazy\" decoding=\"async\" class=\"wp-image-457 size-thumbnail\" src=\"https:\/\/www.taller-palabras.com\/WordPress_04\/wp-content\/uploads\/2019\/03\/almudenagrandes-150x150.jpg\" alt=\"\" width=\"150\" height=\"150\" srcset=\"https:\/\/www.taller-palabras.com\/WordPress_04\/wp-content\/uploads\/2019\/03\/almudenagrandes-150x150.jpg 150w, https:\/\/www.taller-palabras.com\/WordPress_04\/wp-content\/uploads\/2019\/03\/almudenagrandes-300x300.jpg 300w, https:\/\/www.taller-palabras.com\/WordPress_04\/wp-content\/uploads\/2019\/03\/almudenagrandes-324x324.jpg 324w, https:\/\/www.taller-palabras.com\/WordPress_04\/wp-content\/uploads\/2019\/03\/almudenagrandes-100x100.jpg 100w, https:\/\/www.taller-palabras.com\/WordPress_04\/wp-content\/uploads\/2019\/03\/almudenagrandes.jpg 400w\" sizes=\"auto, (max-width: 150px) 100vw, 150px\" \/><figcaption id=\"caption-attachment-457\" class=\"wp-caption-text\">Autora Almudena Grandes<\/figcaption><\/figure>\n<p>Tras la victoria de Franco, el doctor Guillermo Garc\u00eda Medina sigue viviendo en Madrid bajo una identidad falsa. La documentaci\u00f3n que lo libr\u00f3 del pared\u00f3n fue un regalo de su mejor amigo, Manuel Arroyo Ben\u00edtez, un diplom\u00e1tico republicano al que salv\u00f3 la vida en 1937. Cree que nunca volver\u00e1 a verlo, pero en septiembre de 1946, Manuel vuelve del exilio con una misi\u00f3n secreta y peligrosa. Pretende infiltrarse en una organizaci\u00f3n clandestina, la red de evasi\u00f3n de criminales de guerra y pr\u00f3fugos del Tercer Reich que dirige desde el barrio de Arg\u00fcelles una mujer alemana y espa\u00f1ola, nazi y falangista, llamada Clara Stauffer. Mientras el doctor Garc\u00eda se deja reclutar por \u00e9l, el nombre de otro espa\u00f1ol se cruza en el destino de los dos amigos. Adri\u00e1n Gallardo Ortega, que tuvo su momento de gloria como boxeador profesional antes de alistarse en la Divisi\u00f3n Azul, para seguir luchando como voluntario de las SS y participar en la \u00faltima defensa de Berl\u00edn, malvive en Alemania, ignorando que alguien pretende suplantar su identidad para huir a la Argentina de Per\u00f3n.<\/p>\n","protected":false},"excerpt":{"rendered":"<p>Tras la victoria de Franco, el doctor Guillermo Garc\u00eda Medina sigue viviendo en Madrid bajo una identidad falsa. La documentaci\u00f3n que lo libr\u00f3 del pared\u00f3n fue un regalo de su mejor amigo, Manuel Arroyo Ben\u00edtez, un diplom\u00e1tico republicano al que salv\u00f3 la vida en 1937. Cree que nunca volver\u00e1 a verlo, pero en septiembre de [&hellip;]<\/p>\n","protected":false},"featured_media":4825,"template":"","meta":[],"product_brand":[],"product_cat":[25],"product_tag":[148,136,645,55],"class_list":{"0":"post-4821","1":"product","2":"type-product","3":"status-publish","4":"has-post-thumbnail","6":"product_cat-libros-digitales-ebooks","7":"product_tag-almudena-grandes","8":"product_tag-decargar-ebook","9":"product_tag-los-pacientes-del-doctor-garcia","10":"product_tag-novelas","12":"first","13":"instock","14":"shipping-taxable","15":"purchasable","16":"product-type-variable","17":"has-default-attributes"},"_links":{"self":[{"href":"https:\/\/www.taller-palabras.com\/WordPress_04\/wp-json\/wp\/v2\/product\/4821","targetHints":{"allow":["GET"]}}],"collection":[{"href":"https:\/\/www.taller-palabras.com\/WordPress_04\/wp-json\/wp\/v2\/product"}],"about":[{"href":"https:\/\/www.taller-palabras.com\/WordPress_04\/wp-json\/wp\/v2\/types\/product"}],"wp:featuredmedia":[{"embeddable":true,"href":"https:\/\/www.taller-palabras.com\/WordPress_04\/wp-json\/wp\/v2\/media\/4825"}],"wp:attachment":[{"href":"https:\/\/www.taller-palabras.com\/WordPress_04\/wp-json\/wp\/v2\/media?parent=4821"}],"wp:term":[{"taxonomy":"product_brand","embeddable":true,"href":"https:\/\/www.taller-palabras.com\/WordPress_04\/wp-json\/wp\/v2\/product_brand?post=4821"},{"taxonomy":"product_cat","embeddable":true,"href":"https:\/\/www.taller-palabras.com\/WordPress_04\/wp-json\/wp\/v2\/product_cat?post=4821"},{"taxonomy":"product_tag","embeddable":true,"href":"https:\/\/www.taller-palabras.com\/WordPress_04\/wp-json\/wp\/v2\/product_tag?post=4821"}],"curies":[{"name":"wp","href":"https:\/\/api.w.org\/{rel}","templated":true}]}}