{"id":4885,"date":"2021-12-01T13:10:00","date_gmt":"2021-12-01T16:10:00","guid":{"rendered":"https:\/\/www.taller-palabras.com\/WordPress_04\/?post_type=product&#038;p=4885"},"modified":"2024-05-25T12:34:08","modified_gmt":"2024-05-25T15:34:08","slug":"el-maravilloso-mago-de-oz-lyman-frank-baum-ebook","status":"publish","type":"product","link":"https:\/\/www.taller-palabras.com\/WordPress_04\/producto\/el-maravilloso-mago-de-oz-lyman-frank-baum-ebook","title":{"rendered":"El maravilloso Mago de Oz &#8211; Lyman Frank Baum \/ebook"},"content":{"rendered":"<figure id=\"attachment_4864\" aria-describedby=\"caption-attachment-4864\" style=\"width: 150px\" class=\"wp-caption alignleft\"><img loading=\"lazy\" decoding=\"async\" class=\"wp-image-4864 size-thumbnail\" src=\"https:\/\/www.taller-palabras.com\/WordPress_04\/wp-content\/uploads\/2021\/12\/L.Frank-Baum-150x150.jpg\" alt=\"\" width=\"150\" height=\"150\" srcset=\"https:\/\/www.taller-palabras.com\/WordPress_04\/wp-content\/uploads\/2021\/12\/L.Frank-Baum-150x150.jpg 150w, https:\/\/www.taller-palabras.com\/WordPress_04\/wp-content\/uploads\/2021\/12\/L.Frank-Baum-324x324.jpg 324w, https:\/\/www.taller-palabras.com\/WordPress_04\/wp-content\/uploads\/2021\/12\/L.Frank-Baum-100x100.jpg 100w\" sizes=\"auto, (max-width: 150px) 100vw, 150px\" \/><figcaption id=\"caption-attachment-4864\" class=\"wp-caption-text\">Autor Lyman Frank Baum<\/figcaption><\/figure>\n<p>Las aventuras de Dorothy empiezan cuando un cicl\u00f3n la arrastra hasta una tierra desconocida. All\u00ed empieza su peregrinaci\u00f3n al pa\u00eds de Oz en busca de un cerebro para el Espantap\u00e1jaros, un coraz\u00f3n para el Le\u00f1ador de Hojalata y valor para el Le\u00f3n Cobarde. Historia que cautiva a ni\u00f1os y mayores, quiz\u00e1 porque, como ha escrito Martin Gardner, \u00abtodos somos ni\u00f1os caminando por una carretera de ladrillos amarillos en un mundo loco, extravagante, oziano. Sabemos que la sabidur\u00eda, el amor y el valor son virtudes esenciales, pero no sabemos si es preferible encontrar un cerebro m\u00e1s capacitado o un coraz\u00f3n m\u00e1s tierno y cari\u00f1oso\u00bb.<\/p>\n","protected":false},"excerpt":{"rendered":"<p>Las aventuras de Dorothy empiezan cuando un cicl\u00f3n la arrastra hasta una tierra desconocida. All\u00ed empieza su peregrinaci\u00f3n al pa\u00eds de Oz en busca de un cerebro para el Espantap\u00e1jaros, un coraz\u00f3n para el Le\u00f1ador de Hojalata y valor para el Le\u00f3n Cobarde. Historia que cautiva a ni\u00f1os y mayores, quiz\u00e1 porque, como ha escrito [&hellip;]<\/p>\n","protected":false},"featured_media":4865,"template":"","meta":[],"product_brand":[],"product_cat":[25],"product_tag":[54,662,661,225],"class_list":{"0":"post-4885","1":"product","2":"type-product","3":"status-publish","4":"has-post-thumbnail","6":"product_cat-libros-digitales-ebooks","7":"product_tag-descargar-ebook","8":"product_tag-el-maravilloso-mago-de-oz","9":"product_tag-lyman-frank-baum","10":"product_tag-mejores-novelas","12":"first","13":"instock","14":"shipping-taxable","15":"purchasable","16":"product-type-variable","17":"has-default-attributes"},"_links":{"self":[{"href":"https:\/\/www.taller-palabras.com\/WordPress_04\/wp-json\/wp\/v2\/product\/4885","targetHints":{"allow":["GET"]}}],"collection":[{"href":"https:\/\/www.taller-palabras.com\/WordPress_04\/wp-json\/wp\/v2\/product"}],"about":[{"href":"https:\/\/www.taller-palabras.com\/WordPress_04\/wp-json\/wp\/v2\/types\/product"}],"wp:featuredmedia":[{"embeddable":true,"href":"https:\/\/www.taller-palabras.com\/WordPress_04\/wp-json\/wp\/v2\/media\/4865"}],"wp:attachment":[{"href":"https:\/\/www.taller-palabras.com\/WordPress_04\/wp-json\/wp\/v2\/media?parent=4885"}],"wp:term":[{"taxonomy":"product_brand","embeddable":true,"href":"https:\/\/www.taller-palabras.com\/WordPress_04\/wp-json\/wp\/v2\/product_brand?post=4885"},{"taxonomy":"product_cat","embeddable":true,"href":"https:\/\/www.taller-palabras.com\/WordPress_04\/wp-json\/wp\/v2\/product_cat?post=4885"},{"taxonomy":"product_tag","embeddable":true,"href":"https:\/\/www.taller-palabras.com\/WordPress_04\/wp-json\/wp\/v2\/product_tag?post=4885"}],"curies":[{"name":"wp","href":"https:\/\/api.w.org\/{rel}","templated":true}]}}