{"id":4889,"date":"2021-12-01T16:23:09","date_gmt":"2021-12-01T19:23:09","guid":{"rendered":"https:\/\/www.taller-palabras.com\/WordPress_04\/?post_type=product&#038;p=4889"},"modified":"2024-05-25T13:43:32","modified_gmt":"2024-05-25T16:43:32","slug":"akelarre-mario-mendoza-ebook","status":"publish","type":"product","link":"https:\/\/www.taller-palabras.com\/WordPress_04\/producto\/akelarre-mario-mendoza-ebook","title":{"rendered":"Akelarre &#8211; Mario Mendoza \/ebook"},"content":{"rendered":"<figure id=\"attachment_4866\" aria-describedby=\"caption-attachment-4866\" style=\"width: 150px\" class=\"wp-caption alignleft\"><img loading=\"lazy\" decoding=\"async\" class=\"wp-image-4866 size-thumbnail\" src=\"https:\/\/www.taller-palabras.com\/WordPress_04\/wp-content\/uploads\/2021\/12\/Mario-Mendoza-150x150.jpg\" alt=\"\" width=\"150\" height=\"150\" srcset=\"https:\/\/www.taller-palabras.com\/WordPress_04\/wp-content\/uploads\/2021\/12\/Mario-Mendoza-150x150.jpg 150w, https:\/\/www.taller-palabras.com\/WordPress_04\/wp-content\/uploads\/2021\/12\/Mario-Mendoza-100x100.jpg 100w\" sizes=\"auto, (max-width: 150px) 100vw, 150px\" \/><figcaption id=\"caption-attachment-4866\" class=\"wp-caption-text\">Autor Mario Mendoza<\/figcaption><\/figure>\n<p>Al investigador privado Frank Molina, borracho, marihuanero y paciente psiqui\u00e1trico, lo alcanza su pasado con una cuenta de cobro cuando la polic\u00eda lo llama para que los asesore con unos extra\u00f1os asesinatos que tuvieron lugar en el barrio Santa Fe. Un imitador de Jack el Destripador est\u00e1 inmerso en una aut\u00e9ntica org\u00eda de sangre y mata prostitutas sin contemplaci\u00f3n. Mientras Molina sigue pistas de un extremo a otro de la capital para dar con el criminal, sus pasos se cruzan con los de su mentor, un sacerdote atormentado por los secretos que esconde de su juventud. Y al fondo de este cuadro g\u00f3tico de la ciudad contempor\u00e1nea, una joven pintora descubre que no es una artista, sino una hechicera que atesora poderes ancestrales.<\/p>\n","protected":false},"excerpt":{"rendered":"<p>Al investigador privado Frank Molina, borracho, marihuanero y paciente psiqui\u00e1trico, lo alcanza su pasado con una cuenta de cobro cuando la polic\u00eda lo llama para que los asesore con unos extra\u00f1os asesinatos que tuvieron lugar en el barrio Santa Fe. Un imitador de Jack el Destripador est\u00e1 inmerso en una aut\u00e9ntica org\u00eda de sangre y [&hellip;]<\/p>\n","protected":false},"featured_media":4856,"template":"","meta":[],"product_brand":[],"product_cat":[25],"product_tag":[653,54,652,225],"class_list":{"0":"post-4889","1":"product","2":"type-product","3":"status-publish","4":"has-post-thumbnail","6":"product_cat-libros-digitales-ebooks","7":"product_tag-akelarre","8":"product_tag-descargar-ebook","9":"product_tag-mario-mendoza","10":"product_tag-mejores-novelas","12":"first","13":"instock","14":"shipping-taxable","15":"purchasable","16":"product-type-variable","17":"has-default-attributes"},"_links":{"self":[{"href":"https:\/\/www.taller-palabras.com\/WordPress_04\/wp-json\/wp\/v2\/product\/4889","targetHints":{"allow":["GET"]}}],"collection":[{"href":"https:\/\/www.taller-palabras.com\/WordPress_04\/wp-json\/wp\/v2\/product"}],"about":[{"href":"https:\/\/www.taller-palabras.com\/WordPress_04\/wp-json\/wp\/v2\/types\/product"}],"wp:featuredmedia":[{"embeddable":true,"href":"https:\/\/www.taller-palabras.com\/WordPress_04\/wp-json\/wp\/v2\/media\/4856"}],"wp:attachment":[{"href":"https:\/\/www.taller-palabras.com\/WordPress_04\/wp-json\/wp\/v2\/media?parent=4889"}],"wp:term":[{"taxonomy":"product_brand","embeddable":true,"href":"https:\/\/www.taller-palabras.com\/WordPress_04\/wp-json\/wp\/v2\/product_brand?post=4889"},{"taxonomy":"product_cat","embeddable":true,"href":"https:\/\/www.taller-palabras.com\/WordPress_04\/wp-json\/wp\/v2\/product_cat?post=4889"},{"taxonomy":"product_tag","embeddable":true,"href":"https:\/\/www.taller-palabras.com\/WordPress_04\/wp-json\/wp\/v2\/product_tag?post=4889"}],"curies":[{"name":"wp","href":"https:\/\/api.w.org\/{rel}","templated":true}]}}