{"id":489,"date":"2023-12-31T13:29:24","date_gmt":"2023-12-31T16:29:24","guid":{"rendered":"https:\/\/www.taller-palabras.com\/WordPress_04\/?post_type=product&#038;p=489"},"modified":"2025-05-27T14:30:20","modified_gmt":"2025-05-27T17:30:20","slug":"de-amor-y-de-sombra-isabel-allende-ebook","status":"publish","type":"product","link":"https:\/\/www.taller-palabras.com\/WordPress_04\/producto\/de-amor-y-de-sombra-isabel-allende-ebook","title":{"rendered":"De amor y de sombra &#8211; Isabel Allende \/ebook"},"content":{"rendered":"<figure id=\"attachment_491\" aria-describedby=\"caption-attachment-491\" style=\"width: 150px\" class=\"wp-caption alignleft\"><img loading=\"lazy\" decoding=\"async\" class=\"wp-image-491 size-thumbnail\" src=\"https:\/\/www.taller-palabras.com\/WordPress_04\/wp-content\/uploads\/2019\/03\/autor-150x150.jpg\" alt=\"\" width=\"150\" height=\"150\" srcset=\"https:\/\/www.taller-palabras.com\/WordPress_04\/wp-content\/uploads\/2019\/03\/autor-150x150.jpg 150w, https:\/\/www.taller-palabras.com\/WordPress_04\/wp-content\/uploads\/2019\/03\/autor-324x324.jpg 324w, https:\/\/www.taller-palabras.com\/WordPress_04\/wp-content\/uploads\/2019\/03\/autor-100x100.jpg 100w\" sizes=\"auto, (max-width: 150px) 100vw, 150px\" \/><figcaption id=\"caption-attachment-491\" class=\"wp-caption-text\">Autora Isabel Allende<\/figcaption><\/figure>\n<p>Fue el segundo gran \u00e9xito de la autora despu\u00e9s de La casa de los esp\u00edritus y llevada al cine 10 a\u00f1os m\u00e1s tarde por la estadounidense Betty Kaplan con Antonio Banderas y Jennifer Connelly como protagonistas. En palabras de la propia autora, es la historia de una mujer y un hombre que se amaron en plenitud, salv\u00e1ndose as\u00ed de una historia vulgar. La he llevado en la memoria cuid\u00e1ndola para que el tiempo no la desgaste, y es s\u00f3lo ahora cuando puedo finalmente contarla. Lo har\u00e9 por ellos y por otros que me confiaron sus vidas para que no las borre el viento&#8230;. Escrita durante su exilio en Venezuela, el amor entre Irene y Francisco es un alegato apasionado a favor de la fe en la libertad y la dignidad humanas. Esta obra encierra los temas sobre los que giran el amor y el odio. Sobre estos dos sentimientos se desarrollan los acontecimientos de la novela como en dos caminos probables que pelean por sobreponerse uno al otro. Finalmente vence el amor con la fe puesta en la libertad y en la dignidad humana. El inicio de un amor, el sentimiento patri\u00f3tico aun en el exilio. La novela esta narrada en tercera persona omnisciente. El narrador omnisciente por momentos se vuelve objetivo en la selecci\u00f3n de los acontecimientos narrados. Toma partida por los protagonistas y acompa\u00f1a los hechos de manera comprometida con esa realidad social de injusticia que vive el pueblo y se quiere denunciar. En algunas partes hay di\u00e1logos, o son los personajes quienes cuentan historias pero por lo general es la narradora quien lo hace.<\/p>\n<p>Con ternura e impecable desmesura literaria, Isabel Allende perfila el destino de Irene y Francisco como parte indisoluble del destino de un continente marcado por el delirio de un r\u00e9gimen inadmisible. Las injusticias sociales y la b\u00fasqueda de la propia identidad se refuerzan tem\u00e1ticamente de manera permanente a lo largo de las 320 p\u00e1ginas de la novela.<br \/>\nUn eslab\u00f3n m\u00e1s del logrado universo narrativo de Isabel Allende, resultado de una l\u00facida conciencia hist\u00f3rica y una sensibilidad social sin tapujos.<\/p>\n","protected":false},"excerpt":{"rendered":"<p>Fue el segundo gran \u00e9xito de la autora despu\u00e9s de La casa de los esp\u00edritus y llevada al cine 10 a\u00f1os m\u00e1s tarde por la estadounidense Betty Kaplan con Antonio Banderas y Jennifer Connelly como protagonistas. En palabras de la propia autora, es la historia de una mujer y un hombre que se amaron en [&hellip;]<\/p>\n","protected":false},"featured_media":490,"template":"","meta":[],"product_brand":[],"product_cat":[25],"product_tag":[140,139,55],"class_list":{"0":"post-489","1":"product","2":"type-product","3":"status-publish","4":"has-post-thumbnail","6":"product_cat-libros-digitales-ebooks","7":"product_tag-de-amor-y-de-sombras-decargar-ebook","8":"product_tag-isabel-allende","9":"product_tag-novelas","11":"first","12":"instock","13":"shipping-taxable","14":"purchasable","15":"product-type-variable","16":"has-default-attributes"},"_links":{"self":[{"href":"https:\/\/www.taller-palabras.com\/WordPress_04\/wp-json\/wp\/v2\/product\/489","targetHints":{"allow":["GET"]}}],"collection":[{"href":"https:\/\/www.taller-palabras.com\/WordPress_04\/wp-json\/wp\/v2\/product"}],"about":[{"href":"https:\/\/www.taller-palabras.com\/WordPress_04\/wp-json\/wp\/v2\/types\/product"}],"wp:featuredmedia":[{"embeddable":true,"href":"https:\/\/www.taller-palabras.com\/WordPress_04\/wp-json\/wp\/v2\/media\/490"}],"wp:attachment":[{"href":"https:\/\/www.taller-palabras.com\/WordPress_04\/wp-json\/wp\/v2\/media?parent=489"}],"wp:term":[{"taxonomy":"product_brand","embeddable":true,"href":"https:\/\/www.taller-palabras.com\/WordPress_04\/wp-json\/wp\/v2\/product_brand?post=489"},{"taxonomy":"product_cat","embeddable":true,"href":"https:\/\/www.taller-palabras.com\/WordPress_04\/wp-json\/wp\/v2\/product_cat?post=489"},{"taxonomy":"product_tag","embeddable":true,"href":"https:\/\/www.taller-palabras.com\/WordPress_04\/wp-json\/wp\/v2\/product_tag?post=489"}],"curies":[{"name":"wp","href":"https:\/\/api.w.org\/{rel}","templated":true}]}}