{"id":4893,"date":"2021-12-01T16:27:37","date_gmt":"2021-12-01T19:27:37","guid":{"rendered":"https:\/\/www.taller-palabras.com\/WordPress_04\/?post_type=product&#038;p=4893"},"modified":"2024-05-25T14:20:58","modified_gmt":"2024-05-25T17:20:58","slug":"la-odisea-homero-ebook","status":"publish","type":"product","link":"https:\/\/www.taller-palabras.com\/WordPress_04\/producto\/la-odisea-homero-ebook","title":{"rendered":"La Odisea &#8211; Homero \/ebook"},"content":{"rendered":"<figure id=\"attachment_4863\" aria-describedby=\"caption-attachment-4863\" style=\"width: 150px\" class=\"wp-caption alignleft\"><img loading=\"lazy\" decoding=\"async\" class=\"wp-image-4863 size-thumbnail\" src=\"https:\/\/www.taller-palabras.com\/WordPress_04\/wp-content\/uploads\/2021\/12\/Homero-150x150.jpg\" alt=\"\" width=\"150\" height=\"150\" srcset=\"https:\/\/www.taller-palabras.com\/WordPress_04\/wp-content\/uploads\/2021\/12\/Homero-150x150.jpg 150w, https:\/\/www.taller-palabras.com\/WordPress_04\/wp-content\/uploads\/2021\/12\/Homero-324x324.jpg 324w, https:\/\/www.taller-palabras.com\/WordPress_04\/wp-content\/uploads\/2021\/12\/Homero-100x100.jpg 100w\" sizes=\"auto, (max-width: 150px) 100vw, 150px\" \/><figcaption id=\"caption-attachment-4863\" class=\"wp-caption-text\">Autor Homero<\/figcaption><\/figure>\n<p>La Odisea es un poema \u00e9pico griego compuesto por 24 cantos, atribuido al poeta griego Homero. Se cree que fue escrito en el siglo VIII a. C., en los asentamientos que Grecia ten\u00eda en la costa oeste del Asia Menor (actual Turqu\u00eda asi\u00e1tica). Seg\u00fan otros autores, la Odisea se completa en el siglo VII a. C. a partir de poemas que s\u00f3lo describ\u00edan partes de la obra actual. Fue originalmente escrita en lo que se ha llamado dialecto hom\u00e9rico. Narra la vuelta a casa del h\u00e9roe griego Odiseo (Ulises en lat\u00edn) tras la Guerra de Troya. Odiseo tarda veinte a\u00f1os en regresar a la isla de \u00cdtaca, donde pose\u00eda el t\u00edtulo de rey, per\u00edodo durante el cual su hijo Tel\u00e9maco y su esposa Pen\u00e9lope han de tolerar en su palacio a los pretendientes que buscan desposarla (pues ya cre\u00edan muerto a Odiseo), al mismo tiempo que consumen los bienes de la familia. La mejor arma de Odiseo es su metis o astucia. Gracias a su inteligencia \u2014adem\u00e1s de la ayuda provista por Palas Atenea, hija de Zeus Cronida\u2014 es capaz de escapar de los continuos problemas a los que ha de enfrentarse por designio de los dioses. Para esto, planea diversas artima\u00f1as, bien sean f\u00edsicas \u2014como pueden serlo disfraces\u2014 o con audaces y enga\u00f1osos discursos de los que se vale para conseguir sus objetivos. El poema es, junto a La Il\u00edada, uno de los primeros textos de la \u00e9pica grecolatina y por tanto de la literatura occidental. Se cree que el poema original fue transmitido por v\u00eda oral durante siglos por aedos que recitaban el poema de memoria, alter\u00e1ndolo consciente o inconscientemente. Era transmitida en dialectos de la Antigua Grecia. Ya en el siglo IX a. C., con la reciente aparici\u00f3n del alfabeto, tanto La Odisea como La Il\u00edada pudieron ser las primeras obras en ser transcritas, aunque la mayor\u00eda de la cr\u00edtica se inclina por datarlas en el siglo VIII a. C. El texto hom\u00e9rico m\u00e1s antiguo que conocemos es la versi\u00f3n de Aristarco de Samotracia (siglo II a. C.). El poema est\u00e1 escrito usando una m\u00e9trica llamada hex\u00e1metro dact\u00edlico. Cada l\u00ednea de La Odisea original estaba formada por seis unidades o pies, siendo cada pie d\u00e1ctilo o espondeo. Los primeros cinco pies eran d\u00e1ctilos y el \u00faltimo pod\u00eda ser un espondeo o bien un troqueo. Los distintos pies van separados por cesuras o pausas.<\/p>\n","protected":false},"excerpt":{"rendered":"<p>La Odisea es un poema \u00e9pico griego compuesto por 24 cantos, atribuido al poeta griego Homero. Se cree que fue escrito en el siglo VIII a. C., en los asentamientos que Grecia ten\u00eda en la costa oeste del Asia Menor (actual Turqu\u00eda asi\u00e1tica). Seg\u00fan otros autores, la Odisea se completa en el siglo VII a. [&hellip;]<\/p>\n","protected":false},"featured_media":4868,"template":"","meta":[],"product_brand":[],"product_cat":[25],"product_tag":[54,654,655,225],"class_list":{"0":"post-4893","1":"product","2":"type-product","3":"status-publish","4":"has-post-thumbnail","6":"product_cat-libros-digitales-ebooks","7":"product_tag-descargar-ebook","8":"product_tag-homero","9":"product_tag-la-odisea","10":"product_tag-mejores-novelas","12":"first","13":"instock","14":"shipping-taxable","15":"purchasable","16":"product-type-variable","17":"has-default-attributes"},"_links":{"self":[{"href":"https:\/\/www.taller-palabras.com\/WordPress_04\/wp-json\/wp\/v2\/product\/4893","targetHints":{"allow":["GET"]}}],"collection":[{"href":"https:\/\/www.taller-palabras.com\/WordPress_04\/wp-json\/wp\/v2\/product"}],"about":[{"href":"https:\/\/www.taller-palabras.com\/WordPress_04\/wp-json\/wp\/v2\/types\/product"}],"wp:featuredmedia":[{"embeddable":true,"href":"https:\/\/www.taller-palabras.com\/WordPress_04\/wp-json\/wp\/v2\/media\/4868"}],"wp:attachment":[{"href":"https:\/\/www.taller-palabras.com\/WordPress_04\/wp-json\/wp\/v2\/media?parent=4893"}],"wp:term":[{"taxonomy":"product_brand","embeddable":true,"href":"https:\/\/www.taller-palabras.com\/WordPress_04\/wp-json\/wp\/v2\/product_brand?post=4893"},{"taxonomy":"product_cat","embeddable":true,"href":"https:\/\/www.taller-palabras.com\/WordPress_04\/wp-json\/wp\/v2\/product_cat?post=4893"},{"taxonomy":"product_tag","embeddable":true,"href":"https:\/\/www.taller-palabras.com\/WordPress_04\/wp-json\/wp\/v2\/product_tag?post=4893"}],"curies":[{"name":"wp","href":"https:\/\/api.w.org\/{rel}","templated":true}]}}