{"id":4901,"date":"2021-12-01T16:38:02","date_gmt":"2021-12-01T19:38:02","guid":{"rendered":"https:\/\/www.taller-palabras.com\/WordPress_04\/?post_type=product&#038;p=4901"},"modified":"2024-05-25T16:10:37","modified_gmt":"2024-05-25T19:10:37","slug":"las-nieblas-de-avalon-marion-zimmer-bradley-ebook","status":"publish","type":"product","link":"https:\/\/www.taller-palabras.com\/WordPress_04\/producto\/las-nieblas-de-avalon-marion-zimmer-bradley-ebook","title":{"rendered":"Saga: Las nieblas de Avalon (completa) &#8211; Marion Zimmer Bradley \/ebook"},"content":{"rendered":"<figure id=\"attachment_4867\" aria-describedby=\"caption-attachment-4867\" style=\"width: 150px\" class=\"wp-caption alignleft\"><img loading=\"lazy\" decoding=\"async\" class=\"wp-image-4867 size-thumbnail\" src=\"https:\/\/www.taller-palabras.com\/WordPress_04\/wp-content\/uploads\/2021\/12\/marion-zimmer-bradley-150x150.jpg\" alt=\"\" width=\"150\" height=\"150\" srcset=\"https:\/\/www.taller-palabras.com\/WordPress_04\/wp-content\/uploads\/2021\/12\/marion-zimmer-bradley-150x150.jpg 150w, https:\/\/www.taller-palabras.com\/WordPress_04\/wp-content\/uploads\/2021\/12\/marion-zimmer-bradley-100x100.jpg 100w\" sizes=\"auto, (max-width: 150px) 100vw, 150px\" \/><figcaption id=\"caption-attachment-4867\" class=\"wp-caption-text\">Autora Marion Zimmer Bradley<\/figcaption><\/figure>\n<p>Estos 4 libros de la saga de Las nieblas de Aval\u00f3n son no s\u00f3lo uno de los \u00e9xitos editoriales m\u00e1s formidables de los \u00faltimos a\u00f1os \u2013con millones de ejemplares vendidos en todo el mundo\u2013 sino tambi\u00e9n una de las versiones m\u00e1s hermosas que se han publicado de la leyenda del rey Arturo. Aunque mucho se ha escrito sobre aquella \u00e9poca m\u00e1gica y misteriosa, Marion Zimmer Bradley lo hace por primera vez desde la perspectiva de los personajes femeninos, por medio de la mirada y las vidas de las mujeres que hicieron posible el mito gracias a la lucha y el sacrificio personal. La antigua tradici\u00f3n celta se enfrenta a la llegada del cristianismo en Aval\u00f3n, un lugar envuelto por la niebla donde Viviana, sacerdotisa y Dama del Lago, tiene como misi\u00f3n encontrar un rey que pueda ser fiel tanto a los ritos ancestrales de Aval\u00f3n como a las nuevas costumbres de los invasores cristianos. Con la ayuda de Merl\u00edn, Viviana har\u00e1 realidad la voluntad de las divinidades celtas cuando su hermana d\u00e9 a luz a al rey Arturo, aunque no sin obst\u00e1culos, pues Arturo deber\u00e1 doblegar primero a su propia hermana, Morgana, mujer de car\u00e1cter fuerte y decidido que no dudar\u00e1 en manipular de forma implacable a los dem\u00e1s protagonistas de esta historia. Adem\u00e1s de una lectura obligada para los amantes de las antiguas leyendas celtas y sajonas, Las nieblas de Aval\u00f3n es una gran epopeya en la que los sentimientos \u2013desde el valor, la lealtad y el coraje hasta el amor, el placer y la traici\u00f3n\u2013 desempe\u00f1an un papel determinante.<\/p>\n","protected":false},"excerpt":{"rendered":"<p>Estos 4 libros de la saga de Las nieblas de Aval\u00f3n son no s\u00f3lo uno de los \u00e9xitos editoriales m\u00e1s formidables de los \u00faltimos a\u00f1os \u2013con millones de ejemplares vendidos en todo el mundo\u2013 sino tambi\u00e9n una de las versiones m\u00e1s hermosas que se han publicado de la leyenda del rey Arturo. Aunque mucho se [&hellip;]<\/p>\n","protected":false},"featured_media":4859,"template":"","meta":[],"product_brand":[],"product_cat":[47],"product_tag":[54,658,657,225],"class_list":{"0":"post-4901","1":"product","2":"type-product","3":"status-publish","4":"has-post-thumbnail","6":"product_cat-libros-digitales-sagas","7":"product_tag-descargar-ebook","8":"product_tag-las-nieblas-de-avalon","9":"product_tag-marion-zimmer-bradley","10":"product_tag-mejores-novelas","12":"first","13":"instock","14":"shipping-taxable","15":"purchasable","16":"product-type-variable","17":"has-default-attributes"},"_links":{"self":[{"href":"https:\/\/www.taller-palabras.com\/WordPress_04\/wp-json\/wp\/v2\/product\/4901","targetHints":{"allow":["GET"]}}],"collection":[{"href":"https:\/\/www.taller-palabras.com\/WordPress_04\/wp-json\/wp\/v2\/product"}],"about":[{"href":"https:\/\/www.taller-palabras.com\/WordPress_04\/wp-json\/wp\/v2\/types\/product"}],"wp:featuredmedia":[{"embeddable":true,"href":"https:\/\/www.taller-palabras.com\/WordPress_04\/wp-json\/wp\/v2\/media\/4859"}],"wp:attachment":[{"href":"https:\/\/www.taller-palabras.com\/WordPress_04\/wp-json\/wp\/v2\/media?parent=4901"}],"wp:term":[{"taxonomy":"product_brand","embeddable":true,"href":"https:\/\/www.taller-palabras.com\/WordPress_04\/wp-json\/wp\/v2\/product_brand?post=4901"},{"taxonomy":"product_cat","embeddable":true,"href":"https:\/\/www.taller-palabras.com\/WordPress_04\/wp-json\/wp\/v2\/product_cat?post=4901"},{"taxonomy":"product_tag","embeddable":true,"href":"https:\/\/www.taller-palabras.com\/WordPress_04\/wp-json\/wp\/v2\/product_tag?post=4901"}],"curies":[{"name":"wp","href":"https:\/\/api.w.org\/{rel}","templated":true}]}}