{"id":4921,"date":"2021-12-12T13:44:22","date_gmt":"2021-12-12T16:44:22","guid":{"rendered":"https:\/\/www.taller-palabras.com\/WordPress_04\/?post_type=product&#038;p=4921"},"modified":"2024-05-26T17:34:08","modified_gmt":"2024-05-26T20:34:08","slug":"el-cartero-de-neruda-antonio-skarmeta-ebook","status":"publish","type":"product","link":"https:\/\/www.taller-palabras.com\/WordPress_04\/producto\/el-cartero-de-neruda-antonio-skarmeta-ebook","title":{"rendered":"El cartero de Neruda &#8211; Antonio Sk\u00e1rmeta \/ebook"},"content":{"rendered":"<figure id=\"attachment_4925\" aria-describedby=\"caption-attachment-4925\" style=\"width: 126px\" class=\"wp-caption alignleft\"><img loading=\"lazy\" decoding=\"async\" class=\"wp-image-4925 size-thumbnail\" src=\"https:\/\/www.taller-palabras.com\/WordPress_04\/wp-content\/uploads\/2021\/12\/Antonio_Skarmeta-126x150.jpg\" alt=\"\" width=\"126\" height=\"150\" \/><figcaption id=\"caption-attachment-4925\" class=\"wp-caption-text\">Autor Antonio Sk\u00e1rmeta<\/figcaption><\/figure>\n<p>Mario Jim\u00e9nez, un joven pescador, decide abandonar su oficio para convertirse en cartero de Isla Negra, donde la \u00fanica persona que recibe y env\u00eda correspondencia es el poeta Pablo Neruda. Jim\u00e9nez admira a Neruda y espera pacientemente que alg\u00fan d\u00eda el poeta le dedique un libro, o que se produzca algo m\u00e1s que un brev\u00edsimo cruce de palabras y el pago de la propina. Su anhelo se ver\u00e1 finalmente recompensado y entre ambos se entablar\u00e1 una relaci\u00f3n muy peculiar.<\/p>\n","protected":false},"excerpt":{"rendered":"<p>Mario Jim\u00e9nez, un joven pescador, decide abandonar su oficio para convertirse en cartero de Isla Negra, donde la \u00fanica persona que recibe y env\u00eda correspondencia es el poeta Pablo Neruda. Jim\u00e9nez admira a Neruda y espera pacientemente que alg\u00fan d\u00eda el poeta le dedique un libro, o que se produzca algo m\u00e1s que un brev\u00edsimo [&hellip;]<\/p>\n","protected":false},"featured_media":4926,"template":"","meta":[],"product_brand":[],"product_cat":[25],"product_tag":[663,54,664,225],"class_list":{"0":"post-4921","1":"product","2":"type-product","3":"status-publish","4":"has-post-thumbnail","6":"product_cat-libros-digitales-ebooks","7":"product_tag-antonio-skarmeta","8":"product_tag-descargar-ebook","9":"product_tag-el-cartero-de-neruda","10":"product_tag-mejores-novelas","12":"first","13":"instock","14":"shipping-taxable","15":"purchasable","16":"product-type-variable","17":"has-default-attributes"},"_links":{"self":[{"href":"https:\/\/www.taller-palabras.com\/WordPress_04\/wp-json\/wp\/v2\/product\/4921","targetHints":{"allow":["GET"]}}],"collection":[{"href":"https:\/\/www.taller-palabras.com\/WordPress_04\/wp-json\/wp\/v2\/product"}],"about":[{"href":"https:\/\/www.taller-palabras.com\/WordPress_04\/wp-json\/wp\/v2\/types\/product"}],"wp:featuredmedia":[{"embeddable":true,"href":"https:\/\/www.taller-palabras.com\/WordPress_04\/wp-json\/wp\/v2\/media\/4926"}],"wp:attachment":[{"href":"https:\/\/www.taller-palabras.com\/WordPress_04\/wp-json\/wp\/v2\/media?parent=4921"}],"wp:term":[{"taxonomy":"product_brand","embeddable":true,"href":"https:\/\/www.taller-palabras.com\/WordPress_04\/wp-json\/wp\/v2\/product_brand?post=4921"},{"taxonomy":"product_cat","embeddable":true,"href":"https:\/\/www.taller-palabras.com\/WordPress_04\/wp-json\/wp\/v2\/product_cat?post=4921"},{"taxonomy":"product_tag","embeddable":true,"href":"https:\/\/www.taller-palabras.com\/WordPress_04\/wp-json\/wp\/v2\/product_tag?post=4921"}],"curies":[{"name":"wp","href":"https:\/\/api.w.org\/{rel}","templated":true}]}}