{"id":4954,"date":"2021-12-15T12:54:17","date_gmt":"2021-12-15T15:54:17","guid":{"rendered":"https:\/\/www.taller-palabras.com\/WordPress_04\/?post_type=product&#038;p=4954"},"modified":"2024-05-28T12:49:48","modified_gmt":"2024-05-28T15:49:48","slug":"muerte-en-un-pais-extrano-donna-leon-ebook","status":"publish","type":"product","link":"https:\/\/www.taller-palabras.com\/WordPress_04\/producto\/muerte-en-un-pais-extrano-donna-leon-ebook","title":{"rendered":"Muerte en un pa\u00eds extra\u00f1o (2) &#8211; Donna Leon \/ebook"},"content":{"rendered":"<figure id=\"attachment_4937\" aria-describedby=\"caption-attachment-4937\" style=\"width: 150px\" class=\"wp-caption alignleft\"><img loading=\"lazy\" decoding=\"async\" class=\"wp-image-4937 size-thumbnail\" src=\"https:\/\/www.taller-palabras.com\/WordPress_04\/wp-content\/uploads\/2021\/12\/DonnaLeon-150x150.jpg\" alt=\"\" width=\"150\" height=\"150\" srcset=\"https:\/\/www.taller-palabras.com\/WordPress_04\/wp-content\/uploads\/2021\/12\/DonnaLeon-150x150.jpg 150w, https:\/\/www.taller-palabras.com\/WordPress_04\/wp-content\/uploads\/2021\/12\/DonnaLeon-100x100.jpg 100w\" sizes=\"auto, (max-width: 150px) 100vw, 150px\" \/><figcaption id=\"caption-attachment-4937\" class=\"wp-caption-text\">Autora Donna Leon<\/figcaption><\/figure>\n<p>Muerte en un pa\u00eds extra\u00f1o arranca con la aparici\u00f3n de un cuerpo en un canal veneciano. El cad\u00e1ver es el de un ciudadano americano y, a pesar de que todas las pistas apuntan a que se trata de un atraco violento, Brunetti, resistiendo a presiones superiores debidas a razones pol\u00edticas, llega a relacionar esta muerte con una trama controlada por el gobierno italiano, el ej\u00e9rcito americano y la mafia. Muerte en un pa\u00eds extra\u00f1o ha sido muy favorablemente acogida en el extranjero por el p\u00fablico y la cr\u00edtica, dando forma a esta serie traducida a veintis\u00e9is idiomas que ha convertido a Donna Leon en una de las m\u00e1s interesantes \u00abdamas del crimen\u00bb.<\/p>\n","protected":false},"excerpt":{"rendered":"<p>Muerte en un pa\u00eds extra\u00f1o arranca con la aparici\u00f3n de un cuerpo en un canal veneciano. El cad\u00e1ver es el de un ciudadano americano y, a pesar de que todas las pistas apuntan a que se trata de un atraco violento, Brunetti, resistiendo a presiones superiores debidas a razones pol\u00edticas, llega a relacionar esta muerte [&hellip;]<\/p>\n","protected":false},"featured_media":4951,"template":"","meta":[],"product_brand":[],"product_cat":[25],"product_tag":[54,665,225,667],"class_list":{"0":"post-4954","1":"product","2":"type-product","3":"status-publish","4":"has-post-thumbnail","6":"product_cat-libros-digitales-ebooks","7":"product_tag-descargar-ebook","8":"product_tag-donna-leon","9":"product_tag-mejores-novelas","10":"product_tag-muerte-en-un-pais-extrano","12":"first","13":"instock","14":"shipping-taxable","15":"purchasable","16":"product-type-variable","17":"has-default-attributes"},"_links":{"self":[{"href":"https:\/\/www.taller-palabras.com\/WordPress_04\/wp-json\/wp\/v2\/product\/4954","targetHints":{"allow":["GET"]}}],"collection":[{"href":"https:\/\/www.taller-palabras.com\/WordPress_04\/wp-json\/wp\/v2\/product"}],"about":[{"href":"https:\/\/www.taller-palabras.com\/WordPress_04\/wp-json\/wp\/v2\/types\/product"}],"wp:featuredmedia":[{"embeddable":true,"href":"https:\/\/www.taller-palabras.com\/WordPress_04\/wp-json\/wp\/v2\/media\/4951"}],"wp:attachment":[{"href":"https:\/\/www.taller-palabras.com\/WordPress_04\/wp-json\/wp\/v2\/media?parent=4954"}],"wp:term":[{"taxonomy":"product_brand","embeddable":true,"href":"https:\/\/www.taller-palabras.com\/WordPress_04\/wp-json\/wp\/v2\/product_brand?post=4954"},{"taxonomy":"product_cat","embeddable":true,"href":"https:\/\/www.taller-palabras.com\/WordPress_04\/wp-json\/wp\/v2\/product_cat?post=4954"},{"taxonomy":"product_tag","embeddable":true,"href":"https:\/\/www.taller-palabras.com\/WordPress_04\/wp-json\/wp\/v2\/product_tag?post=4954"}],"curies":[{"name":"wp","href":"https:\/\/api.w.org\/{rel}","templated":true}]}}