{"id":4981,"date":"2019-12-13T12:08:46","date_gmt":"2019-12-13T15:08:46","guid":{"rendered":"https:\/\/www.taller-palabras.com\/WordPress_04\/?post_type=product&#038;p=4981"},"modified":"2023-10-12T17:57:40","modified_gmt":"2023-10-12T20:57:40","slug":"la-forma-del-agua-andrea-camilleri-ebook","status":"publish","type":"product","link":"https:\/\/www.taller-palabras.com\/WordPress_04\/producto\/la-forma-del-agua-andrea-camilleri-ebook","title":{"rendered":"La forma del agua &#8211; Andrea Camilleri \/ebook"},"content":{"rendered":"<figure id=\"attachment_739\" aria-describedby=\"caption-attachment-739\" style=\"width: 150px\" class=\"wp-caption alignleft\"><img loading=\"lazy\" decoding=\"async\" class=\"wp-image-739 size-thumbnail\" src=\"https:\/\/www.taller-palabras.com\/WordPress_04\/wp-content\/uploads\/2019\/12\/Camilleri-150x150.jpg\" alt=\"\" width=\"150\" height=\"150\" srcset=\"https:\/\/www.taller-palabras.com\/WordPress_04\/wp-content\/uploads\/2019\/12\/Camilleri-150x150.jpg 150w, https:\/\/www.taller-palabras.com\/WordPress_04\/wp-content\/uploads\/2019\/12\/Camilleri-321x324.jpg 321w, https:\/\/www.taller-palabras.com\/WordPress_04\/wp-content\/uploads\/2019\/12\/Camilleri-100x100.jpg 100w\" sizes=\"auto, (max-width: 150px) 100vw, 150px\" \/><figcaption id=\"caption-attachment-739\" class=\"wp-caption-text\">Autor Andrea Camilleri<\/figcaption><\/figure>\n<p>Un conocido politico y empresario aparece muerto en un arrabal donde reinan la droga y la prostituci\u00f3n. Con su natural olfato para las conductas extra\u00f1as Montalbano se propone descubrir la trama sexual y pol\u00edtica que se esconde tras el presunto asesino.<\/p>\n","protected":false},"excerpt":{"rendered":"<p>Un conocido politico y empresario aparece muerto en un arrabal donde reinan la droga y la prostituci\u00f3n. Con su natural olfato para las conductas extra\u00f1as Montalbano se propone descubrir la trama sexual y pol\u00edtica que se esconde tras el presunto asesino.<\/p>\n","protected":false},"featured_media":4947,"template":"","meta":[],"product_brand":[],"product_cat":[25],"product_tag":[185,54,671,225],"class_list":{"0":"post-4981","1":"product","2":"type-product","3":"status-publish","4":"has-post-thumbnail","6":"product_cat-libros-digitales-ebooks","7":"product_tag-andrea-camilleri","8":"product_tag-descargar-ebook","9":"product_tag-la-forma-del-agua","10":"product_tag-mejores-novelas","12":"first","13":"instock","14":"shipping-taxable","15":"purchasable","16":"product-type-variable","17":"has-default-attributes"},"_links":{"self":[{"href":"https:\/\/www.taller-palabras.com\/WordPress_04\/wp-json\/wp\/v2\/product\/4981","targetHints":{"allow":["GET"]}}],"collection":[{"href":"https:\/\/www.taller-palabras.com\/WordPress_04\/wp-json\/wp\/v2\/product"}],"about":[{"href":"https:\/\/www.taller-palabras.com\/WordPress_04\/wp-json\/wp\/v2\/types\/product"}],"wp:featuredmedia":[{"embeddable":true,"href":"https:\/\/www.taller-palabras.com\/WordPress_04\/wp-json\/wp\/v2\/media\/4947"}],"wp:attachment":[{"href":"https:\/\/www.taller-palabras.com\/WordPress_04\/wp-json\/wp\/v2\/media?parent=4981"}],"wp:term":[{"taxonomy":"product_brand","embeddable":true,"href":"https:\/\/www.taller-palabras.com\/WordPress_04\/wp-json\/wp\/v2\/product_brand?post=4981"},{"taxonomy":"product_cat","embeddable":true,"href":"https:\/\/www.taller-palabras.com\/WordPress_04\/wp-json\/wp\/v2\/product_cat?post=4981"},{"taxonomy":"product_tag","embeddable":true,"href":"https:\/\/www.taller-palabras.com\/WordPress_04\/wp-json\/wp\/v2\/product_tag?post=4981"}],"curies":[{"name":"wp","href":"https:\/\/api.w.org\/{rel}","templated":true}]}}