{"id":4987,"date":"2021-12-15T13:48:23","date_gmt":"2021-12-15T16:48:23","guid":{"rendered":"https:\/\/www.taller-palabras.com\/WordPress_04\/?post_type=product&#038;p=4987"},"modified":"2026-04-26T13:39:35","modified_gmt":"2026-04-26T16:39:35","slug":"la-hija-del-canibal-rosa-montero-ebook","status":"publish","type":"product","link":"https:\/\/www.taller-palabras.com\/WordPress_04\/producto\/la-hija-del-canibal-rosa-montero-ebook","title":{"rendered":"La hija del can\u00edbal &#8211; Rosa Montero \/ebook"},"content":{"rendered":"<figure id=\"attachment_4945\" aria-describedby=\"caption-attachment-4945\" style=\"width: 150px\" class=\"wp-caption alignleft\"><img loading=\"lazy\" decoding=\"async\" class=\"wp-image-4945 size-thumbnail\" src=\"https:\/\/www.taller-palabras.com\/WordPress_04\/wp-content\/uploads\/2021\/12\/RosaMontero-150x150.jpg\" alt=\"\" width=\"150\" height=\"150\" srcset=\"https:\/\/www.taller-palabras.com\/WordPress_04\/wp-content\/uploads\/2021\/12\/RosaMontero-150x150.jpg 150w, https:\/\/www.taller-palabras.com\/WordPress_04\/wp-content\/uploads\/2021\/12\/RosaMontero-100x100.jpg 100w\" sizes=\"auto, (max-width: 150px) 100vw, 150px\" \/><figcaption id=\"caption-attachment-4945\" class=\"wp-caption-text\">Autora Rosa Montero<\/figcaption><\/figure>\n<p>Luc\u00eda lleva diez a\u00f1os con Ram\u00f3n. Sus vidas transcurren sin pasiones ni tropiezos, hasta el d\u00eda en que deciden pasar el fin de a\u00f1o en Viena y Ram\u00f3n desaparece en el aeropuerto. Luc\u00eda no se conforma con que el caso lo resuelva la polic\u00eda y, gracias a la ayuda de Adri\u00e1n, un extra\u00f1o joven, y del anarquista Fortuna, investiga por su cuenta el paradero de Ram\u00f3n&#8230; Pero eso que parece un drama se convierte en una oportunidad para vivir con m\u00e1s intensidad.<\/p>\n","protected":false},"excerpt":{"rendered":"<p>Luc\u00eda lleva diez a\u00f1os con Ram\u00f3n. Sus vidas transcurren sin pasiones ni tropiezos, hasta el d\u00eda en que deciden pasar el fin de a\u00f1o en Viena y Ram\u00f3n desaparece en el aeropuerto. Luc\u00eda no se conforma con que el caso lo resuelva la polic\u00eda y, gracias a la ayuda de Adri\u00e1n, un extra\u00f1o joven, y [&hellip;]<\/p>\n","protected":false},"featured_media":4948,"template":"","meta":[],"product_brand":[],"product_cat":[25],"product_tag":[54,673,225,672],"class_list":{"0":"post-4987","1":"product","2":"type-product","3":"status-publish","4":"has-post-thumbnail","6":"product_cat-libros-digitales-ebooks","7":"product_tag-descargar-ebook","8":"product_tag-la-hija-del-canibal","9":"product_tag-mejores-novelas","10":"product_tag-rosa-montero","12":"first","13":"instock","14":"shipping-taxable","15":"purchasable","16":"product-type-variable","17":"has-default-attributes"},"_links":{"self":[{"href":"https:\/\/www.taller-palabras.com\/WordPress_04\/wp-json\/wp\/v2\/product\/4987","targetHints":{"allow":["GET"]}}],"collection":[{"href":"https:\/\/www.taller-palabras.com\/WordPress_04\/wp-json\/wp\/v2\/product"}],"about":[{"href":"https:\/\/www.taller-palabras.com\/WordPress_04\/wp-json\/wp\/v2\/types\/product"}],"wp:featuredmedia":[{"embeddable":true,"href":"https:\/\/www.taller-palabras.com\/WordPress_04\/wp-json\/wp\/v2\/media\/4948"}],"wp:attachment":[{"href":"https:\/\/www.taller-palabras.com\/WordPress_04\/wp-json\/wp\/v2\/media?parent=4987"}],"wp:term":[{"taxonomy":"product_brand","embeddable":true,"href":"https:\/\/www.taller-palabras.com\/WordPress_04\/wp-json\/wp\/v2\/product_brand?post=4987"},{"taxonomy":"product_cat","embeddable":true,"href":"https:\/\/www.taller-palabras.com\/WordPress_04\/wp-json\/wp\/v2\/product_cat?post=4987"},{"taxonomy":"product_tag","embeddable":true,"href":"https:\/\/www.taller-palabras.com\/WordPress_04\/wp-json\/wp\/v2\/product_tag?post=4987"}],"curies":[{"name":"wp","href":"https:\/\/api.w.org\/{rel}","templated":true}]}}