{"id":4995,"date":"2021-12-15T13:47:30","date_gmt":"2021-12-15T16:47:30","guid":{"rendered":"https:\/\/www.taller-palabras.com\/WordPress_04\/?post_type=product&#038;p=4995"},"modified":"2024-05-28T13:37:07","modified_gmt":"2024-05-28T16:37:07","slug":"la-loca-de-la-casa-rosa-montero-ebook","status":"publish","type":"product","link":"https:\/\/www.taller-palabras.com\/WordPress_04\/producto\/la-loca-de-la-casa-rosa-montero-ebook","title":{"rendered":"La loca de la casa &#8211; Rosa Montero \/ebook"},"content":{"rendered":"<figure id=\"attachment_4945\" aria-describedby=\"caption-attachment-4945\" style=\"width: 150px\" class=\"wp-caption alignleft\"><img loading=\"lazy\" decoding=\"async\" class=\"wp-image-4945 size-thumbnail\" src=\"https:\/\/www.taller-palabras.com\/WordPress_04\/wp-content\/uploads\/2021\/12\/RosaMontero-150x150.jpg\" alt=\"\" width=\"150\" height=\"150\" srcset=\"https:\/\/www.taller-palabras.com\/WordPress_04\/wp-content\/uploads\/2021\/12\/RosaMontero-150x150.jpg 150w, https:\/\/www.taller-palabras.com\/WordPress_04\/wp-content\/uploads\/2021\/12\/RosaMontero-100x100.jpg 100w\" sizes=\"auto, (max-width: 150px) 100vw, 150px\" \/><figcaption id=\"caption-attachment-4945\" class=\"wp-caption-text\">Autora Rosa Montero<\/figcaption><\/figure>\n<p>Este libro es una novela, un ensayo, una autobiograf\u00eda. La loca de la casa es la obra m\u00e1s personal de Rosa Montero, un recorrido por los entresijos de la fantas\u00eda, de la creaci\u00f3n art\u00edstica y de los recuerdos m\u00e1s secretos. Es un cofre de mago del que emergen objetos inesperados y asombrosos. La autora emprende un viaje al interior en un juego narrativo lleno de sorpresas. En \u00e9l se mezclan literatura y vida en un c\u00f3ctel afrodis\u00edaco de biograf\u00edas ajenas y autobiograf\u00eda novelada. Y, as\u00ed, descubrimos que el gran Goethe adulaba a los poderosos hasta extremos rid\u00edculos, que Tolstoi era un energ\u00fameno, que Montero, de ni\u00f1a, fue una enana, y que, con veinte a\u00f1os, mantuvo un estrafalario y desternillante romance con un famoso actor. Pero no deber\u00edamos fiarnos de todo lo que la autora cuenta sobre s\u00ed misma: los recuerdos no son siempre lo que parecen. Un libro sobre la fantas\u00eda y los sue\u00f1os, sobre la locura y la pasi\u00f3n, sobre los miedos y las dudas de los escritores, pero tambi\u00e9n de los lectores. La loca de la casa es, sobre todo, la t\u00f3rrida historia de amor y salvaci\u00f3n que hay entre Rosa Montero y su imaginaci\u00f3n.<\/p>\n","protected":false},"excerpt":{"rendered":"<p>Este libro es una novela, un ensayo, una autobiograf\u00eda. La loca de la casa es la obra m\u00e1s personal de Rosa Montero, un recorrido por los entresijos de la fantas\u00eda, de la creaci\u00f3n art\u00edstica y de los recuerdos m\u00e1s secretos. Es un cofre de mago del que emergen objetos inesperados y asombrosos. La autora emprende [&hellip;]<\/p>\n","protected":false},"featured_media":4950,"template":"","meta":[],"product_brand":[],"product_cat":[25],"product_tag":[54,674,225,672],"class_list":{"0":"post-4995","1":"product","2":"type-product","3":"status-publish","4":"has-post-thumbnail","6":"product_cat-libros-digitales-ebooks","7":"product_tag-descargar-ebook","8":"product_tag-la-loca-de-la-casa","9":"product_tag-mejores-novelas","10":"product_tag-rosa-montero","12":"first","13":"instock","14":"shipping-taxable","15":"purchasable","16":"product-type-variable","17":"has-default-attributes"},"_links":{"self":[{"href":"https:\/\/www.taller-palabras.com\/WordPress_04\/wp-json\/wp\/v2\/product\/4995","targetHints":{"allow":["GET"]}}],"collection":[{"href":"https:\/\/www.taller-palabras.com\/WordPress_04\/wp-json\/wp\/v2\/product"}],"about":[{"href":"https:\/\/www.taller-palabras.com\/WordPress_04\/wp-json\/wp\/v2\/types\/product"}],"wp:featuredmedia":[{"embeddable":true,"href":"https:\/\/www.taller-palabras.com\/WordPress_04\/wp-json\/wp\/v2\/media\/4950"}],"wp:attachment":[{"href":"https:\/\/www.taller-palabras.com\/WordPress_04\/wp-json\/wp\/v2\/media?parent=4995"}],"wp:term":[{"taxonomy":"product_brand","embeddable":true,"href":"https:\/\/www.taller-palabras.com\/WordPress_04\/wp-json\/wp\/v2\/product_brand?post=4995"},{"taxonomy":"product_cat","embeddable":true,"href":"https:\/\/www.taller-palabras.com\/WordPress_04\/wp-json\/wp\/v2\/product_cat?post=4995"},{"taxonomy":"product_tag","embeddable":true,"href":"https:\/\/www.taller-palabras.com\/WordPress_04\/wp-json\/wp\/v2\/product_tag?post=4995"}],"curies":[{"name":"wp","href":"https:\/\/api.w.org\/{rel}","templated":true}]}}