{"id":503,"date":"2018-10-29T18:50:22","date_gmt":"2018-10-29T21:50:22","guid":{"rendered":"https:\/\/www.taller-palabras.com\/WordPress_04\/?post_type=product&#038;p=503"},"modified":"2025-06-23T16:08:34","modified_gmt":"2025-06-23T19:08:34","slug":"saga-cancion-de-hielo-y-fuego-2-choque-de-reyes-george-r-r-martin-ebook","status":"publish","type":"product","link":"https:\/\/www.taller-palabras.com\/WordPress_04\/producto\/saga-cancion-de-hielo-y-fuego-2-choque-de-reyes-george-r-r-martin-ebook","title":{"rendered":"Saga: Canci\u00f3n de hielo y fuego (2) Choque de Reyes &#8211; George R. R. Martin  \/ebook"},"content":{"rendered":"<figure id=\"attachment_260\" aria-describedby=\"caption-attachment-260\" style=\"width: 150px\" class=\"wp-caption alignleft\"><img loading=\"lazy\" decoding=\"async\" class=\"wp-image-260 size-thumbnail\" src=\"https:\/\/www.taller-palabras.com\/WordPress_04\/wp-content\/uploads\/2018\/10\/george-rr-martin-150x150.jpg\" alt=\"\" width=\"150\" height=\"150\" srcset=\"https:\/\/www.taller-palabras.com\/WordPress_04\/wp-content\/uploads\/2018\/10\/george-rr-martin-150x150.jpg 150w, https:\/\/www.taller-palabras.com\/WordPress_04\/wp-content\/uploads\/2018\/10\/george-rr-martin-324x324.jpg 324w, https:\/\/www.taller-palabras.com\/WordPress_04\/wp-content\/uploads\/2018\/10\/george-rr-martin-100x100.jpg 100w\" sizes=\"auto, (max-width: 150px) 100vw, 150px\" \/><figcaption id=\"caption-attachment-260\" class=\"wp-caption-text\">Autor George R.R. Martin<\/figcaption><\/figure>\n<p>Un cometa del color de la sangre hiende el cielo, cargado de malos augurios. Y hay razones sobradas para pensar as\u00ed: los Siete Reinos se ven sacudidos por las luchas intestinas entre los nobles por la sucesi\u00f3n al Trono de Hierro. En la otra orilla del mar Angosto, la princesa Daenerys Targaryen conduce a su pueblo de jinetes salvajes a trav\u00e9s del desierto. Y en los p\u00e1ramos helados del norte, m\u00e1s all\u00e1 del Muro, un ej\u00e9rcito implacable avanza hacia un territorio asolado por el caos y las guerras fratricidas.<\/p>\n<p>Choque de reyes, contin\u00faa con el estilo de su predecesor Juegos de Trono: m\u00faltiples protagonistas, personajes con una personalidad compleja y ambiguos en sus intenciones, giros inesperados de la trama y sutiles elementos m\u00e1gicos que ir\u00e1n ganado intensidad en los vol\u00famenes siguientes.<br \/>\nLos protagonistas, trazados con una complejidad asombrosa y a pesar de ello sin contradicciones, son capaces de hacerse odiar o amar desde las primeras p\u00e1ginas.<br \/>\nGeorge R.R. Martin, parece retroalimentarse de situaciones pasadas y generar siempre nuevas instancias no por ello absurdas o repetidas. Es incalificable, y hasta envidiable para cualquier escritor, la capacidad de Martin para ofrecernos un brillante despliegue de personajes y personalidades, en una trama rica, densa y sorprendente.<\/p>\n<p>Estos formatos digitales los puedes leer en cualquier \u00abLector digital\u00bb o en los celulares y\/o tablets con una aplicaci\u00f3n que puedes bajar\u00a0<a href=\"https:\/\/play.google.com\/store\/search?q=ebook&amp;c=apps&amp;hl=es\" target=\"_blank\" rel=\"noopener noreferrer\">AQU\u00cd<\/a> (Recomendamos Aldiko). O si lo quieres leer en tu PC y\/o Laptop puedes bajarte el programa que recomendamos Adobe Digital Edition\u00a0 <a href=\"https:\/\/www.adobe.com\/es\/solutions\/ebook\/digital-editions\/download.html\" target=\"_blank\" rel=\"noopener noreferrer\">AQU\u00cd <\/a>\u00a0.<br \/>\nTambi\u00e9n puedes bajar una Aplicaci\u00f3n de tu Store preferido \ud83d\ude09<\/p>\n","protected":false},"excerpt":{"rendered":"<p>Un cometa del color de la sangre hiende el cielo, cargado de malos augurios. Y hay razones sobradas para pensar as\u00ed: los Siete Reinos se ven sacudidos por las luchas intestinas entre los nobles por la sucesi\u00f3n al Trono de Hierro. En la otra orilla del mar Angosto, la princesa Daenerys Targaryen conduce a su [&hellip;]<\/p>\n","protected":false},"featured_media":504,"template":"","meta":[],"product_brand":[],"product_cat":[25,47],"product_tag":[90,135,136,89,55],"class_list":{"0":"post-503","1":"product","2":"type-product","3":"status-publish","4":"has-post-thumbnail","6":"product_cat-libros-digitales-ebooks","7":"product_cat-libros-digitales-sagas","8":"product_tag-cancion-de-hielo-y-fuego","9":"product_tag-choque-de-reyes","10":"product_tag-decargar-ebook","11":"product_tag-george-r-r-martin","12":"product_tag-novelas","14":"first","15":"instock","16":"shipping-taxable","17":"purchasable","18":"product-type-variable","19":"has-default-attributes"},"_links":{"self":[{"href":"https:\/\/www.taller-palabras.com\/WordPress_04\/wp-json\/wp\/v2\/product\/503","targetHints":{"allow":["GET"]}}],"collection":[{"href":"https:\/\/www.taller-palabras.com\/WordPress_04\/wp-json\/wp\/v2\/product"}],"about":[{"href":"https:\/\/www.taller-palabras.com\/WordPress_04\/wp-json\/wp\/v2\/types\/product"}],"wp:featuredmedia":[{"embeddable":true,"href":"https:\/\/www.taller-palabras.com\/WordPress_04\/wp-json\/wp\/v2\/media\/504"}],"wp:attachment":[{"href":"https:\/\/www.taller-palabras.com\/WordPress_04\/wp-json\/wp\/v2\/media?parent=503"}],"wp:term":[{"taxonomy":"product_brand","embeddable":true,"href":"https:\/\/www.taller-palabras.com\/WordPress_04\/wp-json\/wp\/v2\/product_brand?post=503"},{"taxonomy":"product_cat","embeddable":true,"href":"https:\/\/www.taller-palabras.com\/WordPress_04\/wp-json\/wp\/v2\/product_cat?post=503"},{"taxonomy":"product_tag","embeddable":true,"href":"https:\/\/www.taller-palabras.com\/WordPress_04\/wp-json\/wp\/v2\/product_tag?post=503"}],"curies":[{"name":"wp","href":"https:\/\/api.w.org\/{rel}","templated":true}]}}