{"id":5082,"date":"2022-01-18T08:39:55","date_gmt":"2022-01-18T11:39:55","guid":{"rendered":"https:\/\/www.taller-palabras.com\/WordPress_04\/?post_type=product&#038;p=5082"},"modified":"2024-05-29T13:52:18","modified_gmt":"2024-05-29T16:52:18","slug":"diario-de-una-ninfomana-valerie-tasso-ebook","status":"publish","type":"product","link":"https:\/\/www.taller-palabras.com\/WordPress_04\/producto\/diario-de-una-ninfomana-valerie-tasso-ebook","title":{"rendered":"Diario de una ninf\u00f3mana &#8211; Valerie Tasso \/ebook"},"content":{"rendered":"<figure id=\"attachment_5044\" aria-describedby=\"caption-attachment-5044\" style=\"width: 150px\" class=\"wp-caption alignleft\"><img loading=\"lazy\" decoding=\"async\" class=\"wp-image-5044 size-thumbnail\" src=\"https:\/\/www.taller-palabras.com\/WordPress_04\/wp-content\/uploads\/2022\/01\/Valerie-Tasso-150x150.jpg\" alt=\"\" width=\"150\" height=\"150\" srcset=\"https:\/\/www.taller-palabras.com\/WordPress_04\/wp-content\/uploads\/2022\/01\/Valerie-Tasso-150x150.jpg 150w, https:\/\/www.taller-palabras.com\/WordPress_04\/wp-content\/uploads\/2022\/01\/Valerie-Tasso-100x100.jpg 100w\" sizes=\"auto, (max-width: 150px) 100vw, 150px\" \/><figcaption id=\"caption-attachment-5044\" class=\"wp-caption-text\">Autora Valerie Tasso<\/figcaption><\/figure>\n<p>Diario de una ninf\u00f3mana es el conmovedor relato de una mujer francesa, de buena familia, licenciada en direcci\u00f3n de empresas, que narra su evoluci\u00f3n vital a trav\u00e9s de las relaciones sexuales que va teniendo: con los sepultureros de un cementerio, con un \u00e1rabe \u201cmuy aficionado\u201d a la coca-cola, con un polic\u00eda sin escr\u00fapulos, con desconocidos en lugares imprevistos&#8230; Multitud de vivencias que asume con la m\u00e1xima libertad que tiene cualquier persona: la que uno se concede a s\u00ed mismo y no la que se ve obligado a tener.<br \/>\nEsta peculiar manera de relacionarse la lleva a vivir una verdadera odisea al lado de un hombre maquiav\u00e9lico empe\u00f1ado en maltratarla psicol\u00f3gicamente. Para sobrevivir al dolor y debido a sus ilimitadas ansias de curiosidad, ejercer\u00e1 la prostituci\u00f3n en una agencia de contactos de lujo. All\u00ed se enfrentar\u00e1 a la debilidad de los hombres, a su vulnerabilidad: hombres de reconocido prestigio, hombres de negocios, pol\u00edticos&#8230; Hombres que no le har\u00e1n perder sus ganas de comunicarse con el lenguaje que mejor conoce: el del cuerpo y el de las palabras escritas.<br \/>\nUn libro que no deja indiferente a nadie. Un libro sincero, desgarrado, escrito a contracorriente de la actitud pol\u00edticamente correcta respecto del sexo. Un libro que revela, en definitiva, que hasta en el propio infierno se puede encontrar el amor.<\/p>\n","protected":false},"excerpt":{"rendered":"<p>Diario de una ninf\u00f3mana es el conmovedor relato de una mujer francesa, de buena familia, licenciada en direcci\u00f3n de empresas, que narra su evoluci\u00f3n vital a trav\u00e9s de las relaciones sexuales que va teniendo: con los sepultureros de un cementerio, con un \u00e1rabe \u201cmuy aficionado\u201d a la coca-cola, con un polic\u00eda sin escr\u00fapulos, con desconocidos [&hellip;]<\/p>\n","protected":false},"featured_media":5029,"template":"","meta":[],"product_brand":[],"product_cat":[25],"product_tag":[54,683,45,684],"class_list":{"0":"post-5082","1":"product","2":"type-product","3":"status-publish","4":"has-post-thumbnail","6":"product_cat-libros-digitales-ebooks","7":"product_tag-descargar-ebook","8":"product_tag-diario-de-una-ninfomana","9":"product_tag-mejor-novela","10":"product_tag-valerie-tasso","12":"first","13":"instock","14":"shipping-taxable","15":"purchasable","16":"product-type-variable","17":"has-default-attributes"},"_links":{"self":[{"href":"https:\/\/www.taller-palabras.com\/WordPress_04\/wp-json\/wp\/v2\/product\/5082","targetHints":{"allow":["GET"]}}],"collection":[{"href":"https:\/\/www.taller-palabras.com\/WordPress_04\/wp-json\/wp\/v2\/product"}],"about":[{"href":"https:\/\/www.taller-palabras.com\/WordPress_04\/wp-json\/wp\/v2\/types\/product"}],"wp:featuredmedia":[{"embeddable":true,"href":"https:\/\/www.taller-palabras.com\/WordPress_04\/wp-json\/wp\/v2\/media\/5029"}],"wp:attachment":[{"href":"https:\/\/www.taller-palabras.com\/WordPress_04\/wp-json\/wp\/v2\/media?parent=5082"}],"wp:term":[{"taxonomy":"product_brand","embeddable":true,"href":"https:\/\/www.taller-palabras.com\/WordPress_04\/wp-json\/wp\/v2\/product_brand?post=5082"},{"taxonomy":"product_cat","embeddable":true,"href":"https:\/\/www.taller-palabras.com\/WordPress_04\/wp-json\/wp\/v2\/product_cat?post=5082"},{"taxonomy":"product_tag","embeddable":true,"href":"https:\/\/www.taller-palabras.com\/WordPress_04\/wp-json\/wp\/v2\/product_tag?post=5082"}],"curies":[{"name":"wp","href":"https:\/\/api.w.org\/{rel}","templated":true}]}}