{"id":5090,"date":"2022-01-18T08:50:21","date_gmt":"2022-01-18T11:50:21","guid":{"rendered":"https:\/\/www.taller-palabras.com\/WordPress_04\/?post_type=product&#038;p=5090"},"modified":"2024-05-30T12:26:17","modified_gmt":"2024-05-30T15:26:17","slug":"la-dama-de-las-camelias-alexandre-dumas-hijo-ebook","status":"publish","type":"product","link":"https:\/\/www.taller-palabras.com\/WordPress_04\/producto\/la-dama-de-las-camelias-alexandre-dumas-hijo-ebook","title":{"rendered":"La dama de las camelias &#8211; Alexandre Dumas (hijo) \/ebook"},"content":{"rendered":"<figure id=\"attachment_5035\" aria-describedby=\"caption-attachment-5035\" style=\"width: 150px\" class=\"wp-caption alignleft\"><img loading=\"lazy\" decoding=\"async\" class=\"wp-image-5035 size-thumbnail\" src=\"https:\/\/www.taller-palabras.com\/WordPress_04\/wp-content\/uploads\/2022\/01\/Alejandro-Dumas_hijo-150x150.jpg\" alt=\"\" width=\"150\" height=\"150\" srcset=\"https:\/\/www.taller-palabras.com\/WordPress_04\/wp-content\/uploads\/2022\/01\/Alejandro-Dumas_hijo-150x150.jpg 150w, https:\/\/www.taller-palabras.com\/WordPress_04\/wp-content\/uploads\/2022\/01\/Alejandro-Dumas_hijo-100x100.jpg 100w\" sizes=\"auto, (max-width: 150px) 100vw, 150px\" \/><figcaption id=\"caption-attachment-5035\" class=\"wp-caption-text\">Autor Alexandre Dumas (hijo)<\/figcaption><\/figure>\n<p>Margarita vive para el amor y muere por el amor. Su joven amante, arrebatado por su belleza, est\u00e1 pronto a deso\u00edr las voces que quieren imponerse a su coraz\u00f3n. Toda la vida de la Francia fastuosa del Segundo Imperio se arrastra por los salones de este Par\u00eds, que como monstruo insaciable, consume las v\u00edctimas puestas al alcance de sus garras.<\/p>\n","protected":false},"excerpt":{"rendered":"<p>Margarita vive para el amor y muere por el amor. Su joven amante, arrebatado por su belleza, est\u00e1 pronto a deso\u00edr las voces que quieren imponerse a su coraz\u00f3n. Toda la vida de la Francia fastuosa del Segundo Imperio se arrastra por los salones de este Par\u00eds, que como monstruo insaciable, consume las v\u00edctimas puestas [&hellip;]<\/p>\n","protected":false},"featured_media":5024,"template":"","meta":[],"product_brand":[],"product_cat":[25],"product_tag":[687,54,688,45],"class_list":{"0":"post-5090","1":"product","2":"type-product","3":"status-publish","4":"has-post-thumbnail","6":"product_cat-libros-digitales-ebooks","7":"product_tag-alexandre-dumas","8":"product_tag-descargar-ebook","9":"product_tag-la-dama-de-las-camelias","10":"product_tag-mejor-novela","12":"first","13":"instock","14":"shipping-taxable","15":"purchasable","16":"product-type-variable","17":"has-default-attributes"},"_links":{"self":[{"href":"https:\/\/www.taller-palabras.com\/WordPress_04\/wp-json\/wp\/v2\/product\/5090","targetHints":{"allow":["GET"]}}],"collection":[{"href":"https:\/\/www.taller-palabras.com\/WordPress_04\/wp-json\/wp\/v2\/product"}],"about":[{"href":"https:\/\/www.taller-palabras.com\/WordPress_04\/wp-json\/wp\/v2\/types\/product"}],"wp:featuredmedia":[{"embeddable":true,"href":"https:\/\/www.taller-palabras.com\/WordPress_04\/wp-json\/wp\/v2\/media\/5024"}],"wp:attachment":[{"href":"https:\/\/www.taller-palabras.com\/WordPress_04\/wp-json\/wp\/v2\/media?parent=5090"}],"wp:term":[{"taxonomy":"product_brand","embeddable":true,"href":"https:\/\/www.taller-palabras.com\/WordPress_04\/wp-json\/wp\/v2\/product_brand?post=5090"},{"taxonomy":"product_cat","embeddable":true,"href":"https:\/\/www.taller-palabras.com\/WordPress_04\/wp-json\/wp\/v2\/product_cat?post=5090"},{"taxonomy":"product_tag","embeddable":true,"href":"https:\/\/www.taller-palabras.com\/WordPress_04\/wp-json\/wp\/v2\/product_tag?post=5090"}],"curies":[{"name":"wp","href":"https:\/\/api.w.org\/{rel}","templated":true}]}}