{"id":5094,"date":"2022-01-18T08:57:18","date_gmt":"2022-01-18T11:57:18","guid":{"rendered":"https:\/\/www.taller-palabras.com\/WordPress_04\/?post_type=product&#038;p=5094"},"modified":"2024-06-10T17:21:30","modified_gmt":"2024-06-10T20:21:30","slug":"los-puentes-de-madison-county-robert-james-waller-ebook","status":"publish","type":"product","link":"https:\/\/www.taller-palabras.com\/WordPress_04\/producto\/los-puentes-de-madison-county-robert-james-waller-ebook","title":{"rendered":"Los puentes de Madison County &#8211; Robert James Waller \/ebook"},"content":{"rendered":"<figure id=\"attachment_5043\" aria-describedby=\"caption-attachment-5043\" style=\"width: 150px\" class=\"wp-caption alignleft\"><img loading=\"lazy\" decoding=\"async\" class=\"wp-image-5043 size-thumbnail\" src=\"https:\/\/www.taller-palabras.com\/WordPress_04\/wp-content\/uploads\/2022\/01\/Robert-James-Waller-150x150.jpg\" alt=\"\" width=\"150\" height=\"150\" srcset=\"https:\/\/www.taller-palabras.com\/WordPress_04\/wp-content\/uploads\/2022\/01\/Robert-James-Waller-150x150.jpg 150w, https:\/\/www.taller-palabras.com\/WordPress_04\/wp-content\/uploads\/2022\/01\/Robert-James-Waller-100x100.jpg 100w\" sizes=\"auto, (max-width: 150px) 100vw, 150px\" \/><figcaption id=\"caption-attachment-5043\" class=\"wp-caption-text\">Autor Robert James Waller<\/figcaption><\/figure>\n<p>Mientras se dirige hacia una granja desconocida para preguntar una direcci\u00f3n, Robert Kincaid no puede sospechar que al final del camino arbolado le espera una experiencia \u00fanica, irrepetible, que marcar\u00e1 su vida para siempre. Acostumbrado a la vida trashumante de fot\u00f3grafo profesional, Robert, a sus cincuenta y dos a\u00f1os, es un hombre que s\u00f3lo se encuentra a gusto viajando por los lugares m\u00e1s ex\u00f3ticos del planeta. En esta ocasi\u00f3n, sin embargo, su trabajo le lleva a Madison County, un buc\u00f3lico y apartado rinc\u00f3n de Iowa donde Francesca, due\u00f1a de la granja, vive una pl\u00e1cida madurez, a\u00f1orando la Italia que dej\u00f3 hace a\u00f1os para casarse con un soldado americano. La fuerte atracci\u00f3n que surge entre Robert y Francesca despierta en ellos ese tipo de emociones que se creen olvidadas, pero que habitan en cada uno de nosotros.<\/p>\n","protected":false},"excerpt":{"rendered":"<p>Mientras se dirige hacia una granja desconocida para preguntar una direcci\u00f3n, Robert Kincaid no puede sospechar que al final del camino arbolado le espera una experiencia \u00fanica, irrepetible, que marcar\u00e1 su vida para siempre. Acostumbrado a la vida trashumante de fot\u00f3grafo profesional, Robert, a sus cincuenta y dos a\u00f1os, es un hombre que s\u00f3lo se [&hellip;]<\/p>\n","protected":false},"featured_media":5027,"template":"","meta":[],"product_brand":[],"product_cat":[25],"product_tag":[54,690,45,689],"class_list":{"0":"post-5094","1":"product","2":"type-product","3":"status-publish","4":"has-post-thumbnail","6":"product_cat-libros-digitales-ebooks","7":"product_tag-descargar-ebook","8":"product_tag-los-puentes-de-madison-county","9":"product_tag-mejor-novela","10":"product_tag-robert-james-waller","12":"first","13":"instock","14":"shipping-taxable","15":"purchasable","16":"product-type-variable","17":"has-default-attributes"},"_links":{"self":[{"href":"https:\/\/www.taller-palabras.com\/WordPress_04\/wp-json\/wp\/v2\/product\/5094","targetHints":{"allow":["GET"]}}],"collection":[{"href":"https:\/\/www.taller-palabras.com\/WordPress_04\/wp-json\/wp\/v2\/product"}],"about":[{"href":"https:\/\/www.taller-palabras.com\/WordPress_04\/wp-json\/wp\/v2\/types\/product"}],"wp:featuredmedia":[{"embeddable":true,"href":"https:\/\/www.taller-palabras.com\/WordPress_04\/wp-json\/wp\/v2\/media\/5027"}],"wp:attachment":[{"href":"https:\/\/www.taller-palabras.com\/WordPress_04\/wp-json\/wp\/v2\/media?parent=5094"}],"wp:term":[{"taxonomy":"product_brand","embeddable":true,"href":"https:\/\/www.taller-palabras.com\/WordPress_04\/wp-json\/wp\/v2\/product_brand?post=5094"},{"taxonomy":"product_cat","embeddable":true,"href":"https:\/\/www.taller-palabras.com\/WordPress_04\/wp-json\/wp\/v2\/product_cat?post=5094"},{"taxonomy":"product_tag","embeddable":true,"href":"https:\/\/www.taller-palabras.com\/WordPress_04\/wp-json\/wp\/v2\/product_tag?post=5094"}],"curies":[{"name":"wp","href":"https:\/\/api.w.org\/{rel}","templated":true}]}}