{"id":5098,"date":"2022-01-18T09:02:33","date_gmt":"2022-01-18T12:02:33","guid":{"rendered":"https:\/\/www.taller-palabras.com\/WordPress_04\/?post_type=product&#038;p=5098"},"modified":"2024-06-12T14:39:27","modified_gmt":"2024-06-12T17:39:27","slug":"los-sufrimientos-del-joven-werther-johann-w-von-goethe-ebook","status":"publish","type":"product","link":"https:\/\/www.taller-palabras.com\/WordPress_04\/producto\/los-sufrimientos-del-joven-werther-johann-w-von-goethe-ebook","title":{"rendered":"Los sufrimientos del joven Werther &#8211; Johann W. von Goethe \/ebook"},"content":{"rendered":"<figure id=\"attachment_5038\" aria-describedby=\"caption-attachment-5038\" style=\"width: 150px\" class=\"wp-caption alignleft\"><img loading=\"lazy\" decoding=\"async\" class=\"wp-image-5038 size-thumbnail\" src=\"https:\/\/www.taller-palabras.com\/WordPress_04\/wp-content\/uploads\/2022\/01\/Goethe-150x150.jpg\" alt=\"\" width=\"150\" height=\"150\" srcset=\"https:\/\/www.taller-palabras.com\/WordPress_04\/wp-content\/uploads\/2022\/01\/Goethe-150x150.jpg 150w, https:\/\/www.taller-palabras.com\/WordPress_04\/wp-content\/uploads\/2022\/01\/Goethe-100x100.jpg 100w\" sizes=\"auto, (max-width: 150px) 100vw, 150px\" \/><figcaption id=\"caption-attachment-5038\" class=\"wp-caption-text\">Autor Johann Wolfgang von Goethe<\/figcaption><\/figure>\n<p>Esta es la historia de un joven abocado al suicidio por la infelicidad del desamor, es la primera gran novela tr\u00e1gica de la literatura europea. Basada en el desencanto amoroso sufrido por el propio Goethe con Charlotte Buff, y en la tragedia de Karl Wilhelm Jerusalem, que se suicid\u00f3 desesperado de amor por una mujer casada, el libro alcanz\u00f3 una gran fama como el primero de lo que m\u00e1s tarde se llamar\u00eda literatura confesional. El \u00e9xito de Werther fue r\u00e1pido e inmenso, no tard\u00f3 en convertirse en un objeto de culto y fue parodiado, convertido en \u00f3pera, en poema y en obra de teatro en cientos de versiones. Pero hoy en d\u00eda podemos aislar la novela de su contexto para valorar la capacidad art\u00edstica de su autor sin ruido: su sensible exploraci\u00f3n de la mente de un joven artista en lucha contra la sociedad y escasamente pertrechado para hacer frente a la vida le otorga el valor de una obra maestra.<\/p>\n","protected":false},"excerpt":{"rendered":"<p>Esta es la historia de un joven abocado al suicidio por la infelicidad del desamor, es la primera gran novela tr\u00e1gica de la literatura europea. Basada en el desencanto amoroso sufrido por el propio Goethe con Charlotte Buff, y en la tragedia de Karl Wilhelm Jerusalem, que se suicid\u00f3 desesperado de amor por una mujer [&hellip;]<\/p>\n","protected":false},"featured_media":5034,"template":"","meta":[],"product_brand":[],"product_cat":[25],"product_tag":[54,691,692,45],"class_list":{"0":"post-5098","1":"product","2":"type-product","3":"status-publish","4":"has-post-thumbnail","6":"product_cat-libros-digitales-ebooks","7":"product_tag-descargar-ebook","8":"product_tag-johann-wolfgang-von-goethe","9":"product_tag-los-sufrimientos-del-joven-werther","10":"product_tag-mejor-novela","12":"first","13":"instock","14":"shipping-taxable","15":"purchasable","16":"product-type-variable","17":"has-default-attributes"},"_links":{"self":[{"href":"https:\/\/www.taller-palabras.com\/WordPress_04\/wp-json\/wp\/v2\/product\/5098","targetHints":{"allow":["GET"]}}],"collection":[{"href":"https:\/\/www.taller-palabras.com\/WordPress_04\/wp-json\/wp\/v2\/product"}],"about":[{"href":"https:\/\/www.taller-palabras.com\/WordPress_04\/wp-json\/wp\/v2\/types\/product"}],"wp:featuredmedia":[{"embeddable":true,"href":"https:\/\/www.taller-palabras.com\/WordPress_04\/wp-json\/wp\/v2\/media\/5034"}],"wp:attachment":[{"href":"https:\/\/www.taller-palabras.com\/WordPress_04\/wp-json\/wp\/v2\/media?parent=5098"}],"wp:term":[{"taxonomy":"product_brand","embeddable":true,"href":"https:\/\/www.taller-palabras.com\/WordPress_04\/wp-json\/wp\/v2\/product_brand?post=5098"},{"taxonomy":"product_cat","embeddable":true,"href":"https:\/\/www.taller-palabras.com\/WordPress_04\/wp-json\/wp\/v2\/product_cat?post=5098"},{"taxonomy":"product_tag","embeddable":true,"href":"https:\/\/www.taller-palabras.com\/WordPress_04\/wp-json\/wp\/v2\/product_tag?post=5098"}],"curies":[{"name":"wp","href":"https:\/\/api.w.org\/{rel}","templated":true}]}}