{"id":510,"date":"2019-04-01T17:37:15","date_gmt":"2019-04-01T20:37:15","guid":{"rendered":"https:\/\/www.taller-palabras.com\/WordPress_04\/?post_type=product&#038;p=510"},"modified":"2023-10-09T11:40:16","modified_gmt":"2023-10-09T14:40:16","slug":"el-tiempo-entre-costuras-maria-duenas-ebook","status":"publish","type":"product","link":"https:\/\/www.taller-palabras.com\/WordPress_04\/producto\/el-tiempo-entre-costuras-maria-duenas-ebook","title":{"rendered":"El tiempo entre costuras &#8211; Maria Due\u00f1as  \/ebook"},"content":{"rendered":"<figure id=\"attachment_511\" aria-describedby=\"caption-attachment-511\" style=\"width: 150px\" class=\"wp-caption alignleft\"><img loading=\"lazy\" decoding=\"async\" class=\"wp-image-511 size-thumbnail\" src=\"https:\/\/www.taller-palabras.com\/WordPress_04\/wp-content\/uploads\/2019\/04\/Maria_Duenas-150x150.jpg\" alt=\"\" width=\"150\" height=\"150\" srcset=\"https:\/\/www.taller-palabras.com\/WordPress_04\/wp-content\/uploads\/2019\/04\/Maria_Duenas-150x150.jpg 150w, https:\/\/www.taller-palabras.com\/WordPress_04\/wp-content\/uploads\/2019\/04\/Maria_Duenas-324x324.jpg 324w, https:\/\/www.taller-palabras.com\/WordPress_04\/wp-content\/uploads\/2019\/04\/Maria_Duenas-100x100.jpg 100w\" sizes=\"auto, (max-width: 150px) 100vw, 150px\" \/><figcaption id=\"caption-attachment-511\" class=\"wp-caption-text\">Autora Mar\u00eda Due\u00f1as Vinuesa<\/figcaption><\/figure>\n<p>La joven modista Sira Quiroga abandona Madrid en los meses previos al alzamiento, arrastrada por el amor desbocado hacia un hombre a quien apenas conoce. Juntos se instalan en T\u00e1nger, una ciudad mundana, ex\u00f3tica y vibrante donde todo lo impensable puede hacerse realidad. Incluso, la traici\u00f3n y el abandono. Sola y acuciada por deudas ajenas, Sira se traslada a Tetu\u00e1n, la capital del Protectorado espa\u00f1ol en Marruecos. Con argucias inconfesables y ayudada por amistades de reputaci\u00f3n dudosa, forja una nueva identidad y logra poner en marcha un selecto atelier en el que atiende a clientas de or\u00edgenes remotos y presentes insospechados. A partir de entonces, con la contienda espa\u00f1ola reci\u00e9n terminada y la europea a punto de comenzar, el destino de la protagonista queda ligado a un pu\u00f1ado de personajes hist\u00f3ricos entre los que destacan Juan Luis Beigbeder \u2014el enigm\u00e1tico y escasamente conocido ministro de Asuntos Exteriores del primer franquismo\u2014, su amante, la exc\u00e9ntrica Rosalinda Fox, y el agregado naval Alan Hillgarth, jefe de la inteligencia brit\u00e1nica en Espa\u00f1a durante la segunda guerra mundial. Entre todos ellos la empujar\u00e1n hacia un arriesgado compromiso en el que las telas, las puntadas y los patrones de su oficio se convertir\u00e1n en la fachada visible de algo mucho m\u00e1s turbio y peligroso.<\/p>\n<p>No es f\u00e1cil debutar, menos con una novela.<br \/>\nDebutar, comenzar, iniciarse. Es lo que Mar\u00eda Due\u00f1as hace con \u00abEl tiempo entre costuras\u00bb, su primera novela. Y no le ha ido nada mal si de ventas se trata, el libro se convirti\u00f3 inmediatamente en un best seller en Espa\u00f1a y el resto del mundo. El libro dio pie para una miniserie televisiva, de la que no hablar\u00e9 porque no he visto, que seg\u00fan he le\u00eddo atrapa a millones de espa\u00f1oles tambi\u00e9n.<br \/>\nY es que Mar\u00eda Due\u00f1as se adue\u00f1a de los lectores, no tanto de los sabios lectores sino del grupo m\u00e1s numeroso, aquellos que hacen de una historia la m\u00e1s vendida. Y parece que lo ha logrado muy a su pesar, porque esta profesora de ingl\u00e9s escribi\u00f3 una novela por placer y en poqu\u00edsimos a\u00f1os ha vendido tres millones de libros, y sigue.<\/p>\n","protected":false},"excerpt":{"rendered":"<p>La joven modista Sira Quiroga abandona Madrid en los meses previos al alzamiento, arrastrada por el amor desbocado hacia un hombre a quien apenas conoce. Juntos se instalan en T\u00e1nger, una ciudad mundana, ex\u00f3tica y vibrante donde todo lo impensable puede hacerse realidad. Incluso, la traici\u00f3n y el abandono. Sola y acuciada por deudas ajenas, [&hellip;]<\/p>\n","protected":false},"featured_media":512,"template":"","meta":[],"product_brand":[],"product_cat":[25],"product_tag":[54,133,132,55],"class_list":{"0":"post-510","1":"product","2":"type-product","3":"status-publish","4":"has-post-thumbnail","6":"product_cat-libros-digitales-ebooks","7":"product_tag-descargar-ebook","8":"product_tag-el-tiempo-entre-costuras","9":"product_tag-maria-duenas","10":"product_tag-novelas","12":"first","13":"instock","14":"shipping-taxable","15":"purchasable","16":"product-type-variable","17":"has-default-attributes"},"_links":{"self":[{"href":"https:\/\/www.taller-palabras.com\/WordPress_04\/wp-json\/wp\/v2\/product\/510","targetHints":{"allow":["GET"]}}],"collection":[{"href":"https:\/\/www.taller-palabras.com\/WordPress_04\/wp-json\/wp\/v2\/product"}],"about":[{"href":"https:\/\/www.taller-palabras.com\/WordPress_04\/wp-json\/wp\/v2\/types\/product"}],"wp:featuredmedia":[{"embeddable":true,"href":"https:\/\/www.taller-palabras.com\/WordPress_04\/wp-json\/wp\/v2\/media\/512"}],"wp:attachment":[{"href":"https:\/\/www.taller-palabras.com\/WordPress_04\/wp-json\/wp\/v2\/media?parent=510"}],"wp:term":[{"taxonomy":"product_brand","embeddable":true,"href":"https:\/\/www.taller-palabras.com\/WordPress_04\/wp-json\/wp\/v2\/product_brand?post=510"},{"taxonomy":"product_cat","embeddable":true,"href":"https:\/\/www.taller-palabras.com\/WordPress_04\/wp-json\/wp\/v2\/product_cat?post=510"},{"taxonomy":"product_tag","embeddable":true,"href":"https:\/\/www.taller-palabras.com\/WordPress_04\/wp-json\/wp\/v2\/product_tag?post=510"}],"curies":[{"name":"wp","href":"https:\/\/api.w.org\/{rel}","templated":true}]}}