{"id":5102,"date":"2022-01-18T09:08:00","date_gmt":"2022-01-18T12:08:00","guid":{"rendered":"https:\/\/www.taller-palabras.com\/WordPress_04\/?post_type=product&#038;p=5102"},"modified":"2025-03-03T14:30:36","modified_gmt":"2025-03-03T17:30:36","slug":"posdata-te-amo-cecelia-ahern-ebook","status":"publish","type":"product","link":"https:\/\/www.taller-palabras.com\/WordPress_04\/producto\/posdata-te-amo-cecelia-ahern-ebook","title":{"rendered":"Posdata, te amo &#8211; Cecelia Ahern \/ebook"},"content":{"rendered":"<figure id=\"attachment_5036\" aria-describedby=\"caption-attachment-5036\" style=\"width: 150px\" class=\"wp-caption alignleft\"><img loading=\"lazy\" decoding=\"async\" class=\"wp-image-5036 size-thumbnail\" src=\"https:\/\/www.taller-palabras.com\/WordPress_04\/wp-content\/uploads\/2022\/01\/Cecelia-Ahern-150x150.jpg\" alt=\"\" width=\"150\" height=\"150\" srcset=\"https:\/\/www.taller-palabras.com\/WordPress_04\/wp-content\/uploads\/2022\/01\/Cecelia-Ahern-150x150.jpg 150w, https:\/\/www.taller-palabras.com\/WordPress_04\/wp-content\/uploads\/2022\/01\/Cecelia-Ahern-100x100.jpg 100w\" sizes=\"auto, (max-width: 150px) 100vw, 150px\" \/><figcaption id=\"caption-attachment-5036\" class=\"wp-caption-text\">Autora Cecelia Ahern<\/figcaption><\/figure>\n<p>Hay personas que esperan toda la vida para encontrar a su alma gemela, pero ese no es el caso de Holly y Gerry. Se conoc\u00edan desde el instituto, y sent\u00edan como si siempre hubiesen estado juntos. Pod\u00edan acabar las frases del otro, e incluso cuando discut\u00edan lo hac\u00edan riendo. Holly pensaba que no podr\u00eda vivir sin Gerry. Pero tres meses despu\u00e9s de su muerte, recibe un misterioso paquete. \u00c9l le ha dejado una serie de cartas, en las que con ternura, sabidur\u00eda y humor, la anima a seguir adelante.<\/p>\n","protected":false},"excerpt":{"rendered":"<p>Hay personas que esperan toda la vida para encontrar a su alma gemela, pero ese no es el caso de Holly y Gerry. Se conoc\u00edan desde el instituto, y sent\u00edan como si siempre hubiesen estado juntos. Pod\u00edan acabar las frases del otro, e incluso cuando discut\u00edan lo hac\u00edan riendo. Holly pensaba que no podr\u00eda vivir [&hellip;]<\/p>\n","protected":false},"featured_media":5031,"template":"","meta":[],"product_brand":[],"product_cat":[25],"product_tag":[693,54,45,694,695],"class_list":{"0":"post-5102","1":"product","2":"type-product","3":"status-publish","4":"has-post-thumbnail","6":"product_cat-libros-digitales-ebooks","7":"product_tag-cecelia-ahern","8":"product_tag-descargar-ebook","9":"product_tag-mejor-novela","10":"product_tag-posdata","11":"product_tag-te-amo","13":"first","14":"instock","15":"shipping-taxable","16":"purchasable","17":"product-type-variable","18":"has-default-attributes"},"_links":{"self":[{"href":"https:\/\/www.taller-palabras.com\/WordPress_04\/wp-json\/wp\/v2\/product\/5102","targetHints":{"allow":["GET"]}}],"collection":[{"href":"https:\/\/www.taller-palabras.com\/WordPress_04\/wp-json\/wp\/v2\/product"}],"about":[{"href":"https:\/\/www.taller-palabras.com\/WordPress_04\/wp-json\/wp\/v2\/types\/product"}],"wp:featuredmedia":[{"embeddable":true,"href":"https:\/\/www.taller-palabras.com\/WordPress_04\/wp-json\/wp\/v2\/media\/5031"}],"wp:attachment":[{"href":"https:\/\/www.taller-palabras.com\/WordPress_04\/wp-json\/wp\/v2\/media?parent=5102"}],"wp:term":[{"taxonomy":"product_brand","embeddable":true,"href":"https:\/\/www.taller-palabras.com\/WordPress_04\/wp-json\/wp\/v2\/product_brand?post=5102"},{"taxonomy":"product_cat","embeddable":true,"href":"https:\/\/www.taller-palabras.com\/WordPress_04\/wp-json\/wp\/v2\/product_cat?post=5102"},{"taxonomy":"product_tag","embeddable":true,"href":"https:\/\/www.taller-palabras.com\/WordPress_04\/wp-json\/wp\/v2\/product_tag?post=5102"}],"curies":[{"name":"wp","href":"https:\/\/api.w.org\/{rel}","templated":true}]}}