{"id":5106,"date":"2022-01-18T09:13:05","date_gmt":"2022-01-18T12:13:05","guid":{"rendered":"https:\/\/www.taller-palabras.com\/WordPress_04\/?post_type=product&#038;p=5106"},"modified":"2024-06-12T14:54:45","modified_gmt":"2024-06-12T17:54:45","slug":"rebeca-daphne-du-maurier-ebook","status":"publish","type":"product","link":"https:\/\/www.taller-palabras.com\/WordPress_04\/producto\/rebeca-daphne-du-maurier-ebook","title":{"rendered":"Rebeca &#8211; Daphne du Maurier \/ebook"},"content":{"rendered":"<figure id=\"attachment_5037\" aria-describedby=\"caption-attachment-5037\" style=\"width: 150px\" class=\"wp-caption alignleft\"><img loading=\"lazy\" decoding=\"async\" class=\"wp-image-5037 size-thumbnail\" src=\"https:\/\/www.taller-palabras.com\/WordPress_04\/wp-content\/uploads\/2022\/01\/DaphneduMaurier-150x150.jpg\" alt=\"\" width=\"150\" height=\"150\" srcset=\"https:\/\/www.taller-palabras.com\/WordPress_04\/wp-content\/uploads\/2022\/01\/DaphneduMaurier-150x150.jpg 150w, https:\/\/www.taller-palabras.com\/WordPress_04\/wp-content\/uploads\/2022\/01\/DaphneduMaurier-100x100.jpg 100w\" sizes=\"auto, (max-width: 150px) 100vw, 150px\" \/><figcaption id=\"caption-attachment-5037\" class=\"wp-caption-text\">Autora Daphne du Maurier<\/figcaption><\/figure>\n<p>A la mansi\u00f3n de Manderley llegan Maxim de Winter y su nueva esposa, una mujer joven, t\u00edmida e inocente. Pronto \u00e9sta se ver\u00e1 apresada por el perturbador recuerdo de la primera mujer de su marido, llamada Rebeca. Una mujer brillante en todos los aspectos a la que todos parecen adorar, y que muri\u00f3 mientras guiaba su velero durante una tormenta. La presencia obsesiva de su recuerdo en todo lo que les rodea, y en especial la arisca actitud de la siniestra y misteriosa ama de llaves (antigua ni\u00f1era de Rebeca), est\u00e1 a punto de destrozarles la relaci\u00f3n y hasta la existencia. Nadie que conozca la pel\u00edcula basada en esta novela ha olvidado el conflicto de pasiones e intereses que se desarrolla en la mansi\u00f3n de Manderley. Pero s\u00f3lo la lectura del libro le permitir\u00e1 penetrar en la psicolog\u00eda de los protagonistas y comprender sus reacciones, profundamente humanas y convincentes. Los personajes de esta novela son seres complejos, pero el arte de la autora, de extraordinaria fuerza dram\u00e1tica, los recrea hasta lo m\u00e1s m\u00ednimo.<\/p>\n","protected":false},"excerpt":{"rendered":"<p>A la mansi\u00f3n de Manderley llegan Maxim de Winter y su nueva esposa, una mujer joven, t\u00edmida e inocente. Pronto \u00e9sta se ver\u00e1 apresada por el perturbador recuerdo de la primera mujer de su marido, llamada Rebeca. Una mujer brillante en todos los aspectos a la que todos parecen adorar, y que muri\u00f3 mientras guiaba [&hellip;]<\/p>\n","protected":false},"featured_media":5032,"template":"","meta":[],"product_brand":[],"product_cat":[25],"product_tag":[696,54,45,697],"class_list":{"0":"post-5106","1":"product","2":"type-product","3":"status-publish","4":"has-post-thumbnail","6":"product_cat-libros-digitales-ebooks","7":"product_tag-daphne-du-maurier","8":"product_tag-descargar-ebook","9":"product_tag-mejor-novela","10":"product_tag-rebeca","12":"first","13":"instock","14":"shipping-taxable","15":"purchasable","16":"product-type-variable","17":"has-default-attributes"},"_links":{"self":[{"href":"https:\/\/www.taller-palabras.com\/WordPress_04\/wp-json\/wp\/v2\/product\/5106","targetHints":{"allow":["GET"]}}],"collection":[{"href":"https:\/\/www.taller-palabras.com\/WordPress_04\/wp-json\/wp\/v2\/product"}],"about":[{"href":"https:\/\/www.taller-palabras.com\/WordPress_04\/wp-json\/wp\/v2\/types\/product"}],"wp:featuredmedia":[{"embeddable":true,"href":"https:\/\/www.taller-palabras.com\/WordPress_04\/wp-json\/wp\/v2\/media\/5032"}],"wp:attachment":[{"href":"https:\/\/www.taller-palabras.com\/WordPress_04\/wp-json\/wp\/v2\/media?parent=5106"}],"wp:term":[{"taxonomy":"product_brand","embeddable":true,"href":"https:\/\/www.taller-palabras.com\/WordPress_04\/wp-json\/wp\/v2\/product_brand?post=5106"},{"taxonomy":"product_cat","embeddable":true,"href":"https:\/\/www.taller-palabras.com\/WordPress_04\/wp-json\/wp\/v2\/product_cat?post=5106"},{"taxonomy":"product_tag","embeddable":true,"href":"https:\/\/www.taller-palabras.com\/WordPress_04\/wp-json\/wp\/v2\/product_tag?post=5106"}],"curies":[{"name":"wp","href":"https:\/\/api.w.org\/{rel}","templated":true}]}}