{"id":5114,"date":"2022-01-18T09:15:50","date_gmt":"2022-01-18T12:15:50","guid":{"rendered":"https:\/\/www.taller-palabras.com\/WordPress_04\/?post_type=product&#038;p=5114"},"modified":"2024-06-18T13:10:31","modified_gmt":"2024-06-18T16:10:31","slug":"tropico-de-capricornio-henry-miller-ebook","status":"publish","type":"product","link":"https:\/\/www.taller-palabras.com\/WordPress_04\/producto\/tropico-de-capricornio-henry-miller-ebook","title":{"rendered":"Tropico de Capricornio &#8211; Henry Miller\/ebook"},"content":{"rendered":"<figure id=\"attachment_5041\" aria-describedby=\"caption-attachment-5041\" style=\"width: 150px\" class=\"wp-caption alignleft\"><img loading=\"lazy\" decoding=\"async\" class=\"wp-image-5041 size-thumbnail\" src=\"https:\/\/www.taller-palabras.com\/WordPress_04\/wp-content\/uploads\/2022\/01\/Henry-Miller-150x150.jpg\" alt=\"\" width=\"150\" height=\"150\" srcset=\"https:\/\/www.taller-palabras.com\/WordPress_04\/wp-content\/uploads\/2022\/01\/Henry-Miller-150x150.jpg 150w, https:\/\/www.taller-palabras.com\/WordPress_04\/wp-content\/uploads\/2022\/01\/Henry-Miller-100x100.jpg 100w\" sizes=\"auto, (max-width: 150px) 100vw, 150px\" \/><figcaption id=\"caption-attachment-5041\" class=\"wp-caption-text\">Autor Henry Miller<\/figcaption><\/figure>\n<p>Tras la fama que le report\u00f3 Tr\u00f3pico de C\u00e1ncer (1934), Henry Miller confirm\u00f3 la val\u00eda de su propuesta literaria con Tr\u00f3pico de Capricornio (1939), que lo situ\u00f3 definitivamente entre las voces m\u00e1s recias y profundas del siglo XX. Las experiencias sexuales, laborales y familiares de un empleado de la Western Union sirven de hilo conductor a una ficci\u00f3n autobiogr\u00e1fica de la que surge con inusitada fuerza la cr\u00edtica mirada de Miller hacia el mundo y los hombres que le rodean, sus disquisiciones filos\u00f3ficas y su poderoso canto a la individualidad. Convencido de que el futuro de la literatura estaba en lo autobiogr\u00e1fico, una senda que tendr\u00eda continuidad en Jack Keoruac y posteriormente toda una legi\u00f3n de escritores norteamericanos, Miller dio un paso realmente importante en la evoluci\u00f3n de la literatura con su personal modo de enfocar el arte narrativo.<\/p>\n","protected":false},"excerpt":{"rendered":"<p>Tras la fama que le report\u00f3 Tr\u00f3pico de C\u00e1ncer (1934), Henry Miller confirm\u00f3 la val\u00eda de su propuesta literaria con Tr\u00f3pico de Capricornio (1939), que lo situ\u00f3 definitivamente entre las voces m\u00e1s recias y profundas del siglo XX. Las experiencias sexuales, laborales y familiares de un empleado de la Western Union sirven de hilo conductor [&hellip;]<\/p>\n","protected":false},"featured_media":5026,"template":"","meta":[],"product_brand":[],"product_cat":[25],"product_tag":[54,698,45,700],"class_list":{"0":"post-5114","1":"product","2":"type-product","3":"status-publish","4":"has-post-thumbnail","6":"product_cat-libros-digitales-ebooks","7":"product_tag-descargar-ebook","8":"product_tag-henry-miller","9":"product_tag-mejor-novela","10":"product_tag-tropico-de-capricornio","12":"first","13":"instock","14":"shipping-taxable","15":"purchasable","16":"product-type-variable","17":"has-default-attributes"},"_links":{"self":[{"href":"https:\/\/www.taller-palabras.com\/WordPress_04\/wp-json\/wp\/v2\/product\/5114","targetHints":{"allow":["GET"]}}],"collection":[{"href":"https:\/\/www.taller-palabras.com\/WordPress_04\/wp-json\/wp\/v2\/product"}],"about":[{"href":"https:\/\/www.taller-palabras.com\/WordPress_04\/wp-json\/wp\/v2\/types\/product"}],"wp:featuredmedia":[{"embeddable":true,"href":"https:\/\/www.taller-palabras.com\/WordPress_04\/wp-json\/wp\/v2\/media\/5026"}],"wp:attachment":[{"href":"https:\/\/www.taller-palabras.com\/WordPress_04\/wp-json\/wp\/v2\/media?parent=5114"}],"wp:term":[{"taxonomy":"product_brand","embeddable":true,"href":"https:\/\/www.taller-palabras.com\/WordPress_04\/wp-json\/wp\/v2\/product_brand?post=5114"},{"taxonomy":"product_cat","embeddable":true,"href":"https:\/\/www.taller-palabras.com\/WordPress_04\/wp-json\/wp\/v2\/product_cat?post=5114"},{"taxonomy":"product_tag","embeddable":true,"href":"https:\/\/www.taller-palabras.com\/WordPress_04\/wp-json\/wp\/v2\/product_tag?post=5114"}],"curies":[{"name":"wp","href":"https:\/\/api.w.org\/{rel}","templated":true}]}}