{"id":5141,"date":"2022-01-22T10:18:23","date_gmt":"2022-01-22T13:18:23","guid":{"rendered":"https:\/\/www.taller-palabras.com\/WordPress_04\/?post_type=product&#038;p=5141"},"modified":"2024-06-19T14:24:08","modified_gmt":"2024-06-19T17:24:08","slug":"el-senor-de-las-moscas-william-golding-ebook","status":"publish","type":"product","link":"https:\/\/www.taller-palabras.com\/WordPress_04\/producto\/el-senor-de-las-moscas-william-golding-ebook","title":{"rendered":"El se\u00f1or de las moscas &#8211; William Golding \/ebook"},"content":{"rendered":"<figure id=\"attachment_5131\" aria-describedby=\"caption-attachment-5131\" style=\"width: 150px\" class=\"wp-caption alignleft\"><img loading=\"lazy\" decoding=\"async\" class=\"wp-image-5131 size-thumbnail\" src=\"https:\/\/www.taller-palabras.com\/WordPress_04\/wp-content\/uploads\/2022\/01\/William-Golding-150x150.jpg\" alt=\"\" width=\"150\" height=\"150\" srcset=\"https:\/\/www.taller-palabras.com\/WordPress_04\/wp-content\/uploads\/2022\/01\/William-Golding-150x150.jpg 150w, https:\/\/www.taller-palabras.com\/WordPress_04\/wp-content\/uploads\/2022\/01\/William-Golding-100x100.jpg 100w\" sizes=\"auto, (max-width: 150px) 100vw, 150px\" \/><figcaption id=\"caption-attachment-5131\" class=\"wp-caption-text\">Autor William Golding<\/figcaption><\/figure>\n<p>Una treintena de muchachos son los \u00fanicos supervivientes de un naufragio en el que perecen todos los adultos. Enseguida se plantea c\u00f3mo sobrevivir en tales condiciones, y no tardan en crearse dos grupos con sus respectivos l\u00edderes. Ralph se convierte en el cabecilla de quienes est\u00e1n dispuestos a construir refugios y a recolectar, mientras que Jack se convierte en el jefe de los cazadores, animados por un esp\u00edritu m\u00e1s aventurero. Las tensiones entre ambos bandos desembocan en un enfrentamiento que se resuelve en un ba\u00f1o de sangre. El se\u00f1or de las moscas es un nombre para el mal en la cultura jud\u00eda, y este es uno de los temas principales de la novela, junto con la contraposici\u00f3n entre civilizaci\u00f3n y barbarie y la validez de la disciplina, entre otros muchos.<\/p>\n","protected":false},"excerpt":{"rendered":"<p>Una treintena de muchachos son los \u00fanicos supervivientes de un naufragio en el que perecen todos los adultos. Enseguida se plantea c\u00f3mo sobrevivir en tales condiciones, y no tardan en crearse dos grupos con sus respectivos l\u00edderes. Ralph se convierte en el cabecilla de quienes est\u00e1n dispuestos a construir refugios y a recolectar, mientras que [&hellip;]<\/p>\n","protected":false},"featured_media":5128,"template":"","meta":[],"product_brand":[],"product_cat":[25],"product_tag":[54,704,45,703],"class_list":{"0":"post-5141","1":"product","2":"type-product","3":"status-publish","4":"has-post-thumbnail","6":"product_cat-libros-digitales-ebooks","7":"product_tag-descargar-ebook","8":"product_tag-el-senor-de-las-moscas","9":"product_tag-mejor-novela","10":"product_tag-william-golding","12":"first","13":"instock","14":"shipping-taxable","15":"purchasable","16":"product-type-variable","17":"has-default-attributes"},"_links":{"self":[{"href":"https:\/\/www.taller-palabras.com\/WordPress_04\/wp-json\/wp\/v2\/product\/5141","targetHints":{"allow":["GET"]}}],"collection":[{"href":"https:\/\/www.taller-palabras.com\/WordPress_04\/wp-json\/wp\/v2\/product"}],"about":[{"href":"https:\/\/www.taller-palabras.com\/WordPress_04\/wp-json\/wp\/v2\/types\/product"}],"wp:featuredmedia":[{"embeddable":true,"href":"https:\/\/www.taller-palabras.com\/WordPress_04\/wp-json\/wp\/v2\/media\/5128"}],"wp:attachment":[{"href":"https:\/\/www.taller-palabras.com\/WordPress_04\/wp-json\/wp\/v2\/media?parent=5141"}],"wp:term":[{"taxonomy":"product_brand","embeddable":true,"href":"https:\/\/www.taller-palabras.com\/WordPress_04\/wp-json\/wp\/v2\/product_brand?post=5141"},{"taxonomy":"product_cat","embeddable":true,"href":"https:\/\/www.taller-palabras.com\/WordPress_04\/wp-json\/wp\/v2\/product_cat?post=5141"},{"taxonomy":"product_tag","embeddable":true,"href":"https:\/\/www.taller-palabras.com\/WordPress_04\/wp-json\/wp\/v2\/product_tag?post=5141"}],"curies":[{"name":"wp","href":"https:\/\/api.w.org\/{rel}","templated":true}]}}