{"id":5145,"date":"2022-01-22T10:25:48","date_gmt":"2022-01-22T13:25:48","guid":{"rendered":"https:\/\/www.taller-palabras.com\/WordPress_04\/?post_type=product&#038;p=5145"},"modified":"2024-06-21T12:40:54","modified_gmt":"2024-06-21T15:40:54","slug":"los-versos-satanicos-salman-rushdie-ebook","status":"publish","type":"product","link":"https:\/\/www.taller-palabras.com\/WordPress_04\/producto\/los-versos-satanicos-salman-rushdie-ebook","title":{"rendered":"Los versos sat\u00e1nicos &#8211; Salman Rushdie \/ebook"},"content":{"rendered":"<figure id=\"attachment_5129\" aria-describedby=\"caption-attachment-5129\" style=\"width: 150px\" class=\"wp-caption alignleft\"><img loading=\"lazy\" decoding=\"async\" class=\"wp-image-5129 size-thumbnail\" src=\"https:\/\/www.taller-palabras.com\/WordPress_04\/wp-content\/uploads\/2022\/01\/Salman-Rushdie-150x150.jpg\" alt=\"\" width=\"150\" height=\"150\" srcset=\"https:\/\/www.taller-palabras.com\/WordPress_04\/wp-content\/uploads\/2022\/01\/Salman-Rushdie-150x150.jpg 150w, https:\/\/www.taller-palabras.com\/WordPress_04\/wp-content\/uploads\/2022\/01\/Salman-Rushdie-100x100.jpg 100w, https:\/\/www.taller-palabras.com\/WordPress_04\/wp-content\/uploads\/2022\/01\/Salman-Rushdie.jpg 225w\" sizes=\"auto, (max-width: 150px) 100vw, 150px\" \/><figcaption id=\"caption-attachment-5129\" class=\"wp-caption-text\">Autor Salman Rushdie<\/figcaption><\/figure>\n<p>Un avi\u00f3n secuestrado estalla a gran altura sobre el canal de la Mancha. Dos supervivientes caen al mar: Gibrel Farishta, un legendario gal\u00e1n cinematogr\u00e1fico, y Saladin Chamcha, el hombre de las mil voces, autodidacta y angl\u00f3filo furibundo. Consiguen llegar a una playa inglesa y notan unos extra\u00f1os cambios: uno ha adquirido una aureola y el otro ve con horror c\u00f3mo crece el vello de sus piernas, los pies se le convierten en cascos y las sienes le abultan&#8230; Los versos sat\u00e1nicos es la novela m\u00e1s c\u00e9lebre, iconoclasta y pol\u00e9mica de Salman Rushdie. Una referencia ineludible de la literatura de nuestro tiempo.<\/p>\n","protected":false},"excerpt":{"rendered":"<p>Un avi\u00f3n secuestrado estalla a gran altura sobre el canal de la Mancha. Dos supervivientes caen al mar: Gibrel Farishta, un legendario gal\u00e1n cinematogr\u00e1fico, y Saladin Chamcha, el hombre de las mil voces, autodidacta y angl\u00f3filo furibundo. Consiguen llegar a una playa inglesa y notan unos extra\u00f1os cambios: uno ha adquirido una aureola y el [&hellip;]<\/p>\n","protected":false},"featured_media":5130,"template":"","meta":[],"product_brand":[],"product_cat":[25],"product_tag":[54,706,45,705],"class_list":{"0":"post-5145","1":"product","2":"type-product","3":"status-publish","4":"has-post-thumbnail","6":"product_cat-libros-digitales-ebooks","7":"product_tag-descargar-ebook","8":"product_tag-los-versos-satanicos","9":"product_tag-mejor-novela","10":"product_tag-salman-rushdie","12":"first","13":"instock","14":"shipping-taxable","15":"purchasable","16":"product-type-variable","17":"has-default-attributes"},"_links":{"self":[{"href":"https:\/\/www.taller-palabras.com\/WordPress_04\/wp-json\/wp\/v2\/product\/5145","targetHints":{"allow":["GET"]}}],"collection":[{"href":"https:\/\/www.taller-palabras.com\/WordPress_04\/wp-json\/wp\/v2\/product"}],"about":[{"href":"https:\/\/www.taller-palabras.com\/WordPress_04\/wp-json\/wp\/v2\/types\/product"}],"wp:featuredmedia":[{"embeddable":true,"href":"https:\/\/www.taller-palabras.com\/WordPress_04\/wp-json\/wp\/v2\/media\/5130"}],"wp:attachment":[{"href":"https:\/\/www.taller-palabras.com\/WordPress_04\/wp-json\/wp\/v2\/media?parent=5145"}],"wp:term":[{"taxonomy":"product_brand","embeddable":true,"href":"https:\/\/www.taller-palabras.com\/WordPress_04\/wp-json\/wp\/v2\/product_brand?post=5145"},{"taxonomy":"product_cat","embeddable":true,"href":"https:\/\/www.taller-palabras.com\/WordPress_04\/wp-json\/wp\/v2\/product_cat?post=5145"},{"taxonomy":"product_tag","embeddable":true,"href":"https:\/\/www.taller-palabras.com\/WordPress_04\/wp-json\/wp\/v2\/product_tag?post=5145"}],"curies":[{"name":"wp","href":"https:\/\/api.w.org\/{rel}","templated":true}]}}