{"id":5158,"date":"2021-11-28T12:56:11","date_gmt":"2021-11-28T15:56:11","guid":{"rendered":"https:\/\/www.taller-palabras.com\/WordPress_04\/?post_type=product&#038;p=5158"},"modified":"2024-01-15T12:25:48","modified_gmt":"2024-01-15T15:25:48","slug":"los-hermanos-karamazov-fiodor-dostoyevski-ebook","status":"publish","type":"product","link":"https:\/\/www.taller-palabras.com\/WordPress_04\/producto\/los-hermanos-karamazov-fiodor-dostoyevski-ebook","title":{"rendered":"Los hermanos Karamazov &#8211; Fiodor Dostoyevski \/ebook"},"content":{"rendered":"<figure id=\"attachment_2696\" aria-describedby=\"caption-attachment-2696\" style=\"width: 150px\" class=\"wp-caption alignleft\"><img loading=\"lazy\" decoding=\"async\" class=\"wp-image-2696 size-thumbnail\" src=\"https:\/\/www.taller-palabras.com\/WordPress_04\/wp-content\/uploads\/2020\/11\/FiodorDostoyevski-150x150.jpg\" alt=\"\" width=\"150\" height=\"150\" srcset=\"https:\/\/www.taller-palabras.com\/WordPress_04\/wp-content\/uploads\/2020\/11\/FiodorDostoyevski-150x150.jpg 150w, https:\/\/www.taller-palabras.com\/WordPress_04\/wp-content\/uploads\/2020\/11\/FiodorDostoyevski-100x100.jpg 100w\" sizes=\"auto, (max-width: 150px) 100vw, 150px\" \/><figcaption id=\"caption-attachment-2696\" class=\"wp-caption-text\">Autor Fiodor Dostoyevski<\/figcaption><\/figure>\n<p>En Los hermanos Karamazov, \u00faltima obra y s\u00edntesis monumental de su pensamiento y de su arte, desarrolla su \u00edntimo convencimiento de la necesidad de un cambio radical en los destinos sociales y morales de la humanidad. El autor plasma un tr\u00e1gico cuadro de la sociedad de su tiempo y denuncia la corrupci\u00f3n engendrada por el poder del dinero, las pasiones incontroladas, el ego\u00edsmo y la ignominia espiritual.<\/p>\n","protected":false},"excerpt":{"rendered":"<p>En Los hermanos Karamazov, \u00faltima obra y s\u00edntesis monumental de su pensamiento y de su arte, desarrolla su \u00edntimo convencimiento de la necesidad de un cambio radical en los destinos sociales y morales de la humanidad. El autor plasma un tr\u00e1gico cuadro de la sociedad de su tiempo y denuncia la corrupci\u00f3n engendrada por el [&hellip;]<\/p>\n","protected":false},"featured_media":5162,"template":"","meta":[],"product_brand":[],"product_cat":[25],"product_tag":[54,315,709,45],"class_list":{"0":"post-5158","1":"product","2":"type-product","3":"status-publish","4":"has-post-thumbnail","6":"product_cat-libros-digitales-ebooks","7":"product_tag-descargar-ebook","8":"product_tag-fiodor-dostoyevski","9":"product_tag-los-hermanos-karamazov","10":"product_tag-mejor-novela","12":"first","13":"instock","14":"shipping-taxable","15":"purchasable","16":"product-type-variable","17":"has-default-attributes"},"_links":{"self":[{"href":"https:\/\/www.taller-palabras.com\/WordPress_04\/wp-json\/wp\/v2\/product\/5158","targetHints":{"allow":["GET"]}}],"collection":[{"href":"https:\/\/www.taller-palabras.com\/WordPress_04\/wp-json\/wp\/v2\/product"}],"about":[{"href":"https:\/\/www.taller-palabras.com\/WordPress_04\/wp-json\/wp\/v2\/types\/product"}],"wp:featuredmedia":[{"embeddable":true,"href":"https:\/\/www.taller-palabras.com\/WordPress_04\/wp-json\/wp\/v2\/media\/5162"}],"wp:attachment":[{"href":"https:\/\/www.taller-palabras.com\/WordPress_04\/wp-json\/wp\/v2\/media?parent=5158"}],"wp:term":[{"taxonomy":"product_brand","embeddable":true,"href":"https:\/\/www.taller-palabras.com\/WordPress_04\/wp-json\/wp\/v2\/product_brand?post=5158"},{"taxonomy":"product_cat","embeddable":true,"href":"https:\/\/www.taller-palabras.com\/WordPress_04\/wp-json\/wp\/v2\/product_cat?post=5158"},{"taxonomy":"product_tag","embeddable":true,"href":"https:\/\/www.taller-palabras.com\/WordPress_04\/wp-json\/wp\/v2\/product_tag?post=5158"}],"curies":[{"name":"wp","href":"https:\/\/api.w.org\/{rel}","templated":true}]}}