{"id":5172,"date":"2022-02-12T12:31:08","date_gmt":"2022-02-12T15:31:08","guid":{"rendered":"https:\/\/www.taller-palabras.com\/WordPress_04\/?post_type=product&#038;p=5172"},"modified":"2024-06-21T13:02:57","modified_gmt":"2024-06-21T16:02:57","slug":"el-hombre-mediocre-jose-ingenieros-ebook","status":"publish","type":"product","link":"https:\/\/www.taller-palabras.com\/WordPress_04\/producto\/el-hombre-mediocre-jose-ingenieros-ebook","title":{"rendered":"El hombre mediocre &#8211; Jos\u00e9 Ingenieros \/ebook"},"content":{"rendered":"<figure id=\"attachment_5180\" aria-describedby=\"caption-attachment-5180\" style=\"width: 150px\" class=\"wp-caption alignleft\"><img loading=\"lazy\" decoding=\"async\" class=\"wp-image-5180 size-thumbnail\" src=\"https:\/\/www.taller-palabras.com\/WordPress_04\/wp-content\/uploads\/2022\/02\/JoseIngenieros-150x150.jpg\" alt=\"\" width=\"150\" height=\"150\" srcset=\"https:\/\/www.taller-palabras.com\/WordPress_04\/wp-content\/uploads\/2022\/02\/JoseIngenieros-150x150.jpg 150w, https:\/\/www.taller-palabras.com\/WordPress_04\/wp-content\/uploads\/2022\/02\/JoseIngenieros-324x324.jpg 324w, https:\/\/www.taller-palabras.com\/WordPress_04\/wp-content\/uploads\/2022\/02\/JoseIngenieros-100x100.jpg 100w\" sizes=\"auto, (max-width: 150px) 100vw, 150px\" \/><figcaption id=\"caption-attachment-5180\" class=\"wp-caption-text\">Autor Jos\u00e9 Ingenieros<\/figcaption><\/figure>\n<p>Filos\u00f3ficamente, Ingenieros fue la cabeza m\u00e1s visible y prestigiosa del positivismo. En El hombre mediocre, el autor se propuso una noble tarea: estigmatizar la rutina, la hipocres\u00eda, y el servilismo, esas funestas lacras morales que impiden la formaci\u00f3n de ideales y el ennoblecimiento de la vida. El mensaje de Ingenieros sigue vigente. En este libro, sobre todo, donde hace una radiograf\u00eda tan certera de la mediocridad como la madre de todos los vicios y perdiciones de la conducta humana y, por ende, de la sociedad. Sus conocimientos de la psicolog\u00eda social est\u00e1n presentes como nunca. Y tambi\u00e9n est\u00e1 presente su lenguaje desprovisto de toda ret\u00f3rica cientificista e impregnado de un cautivante humanismo.<\/p>\n","protected":false},"excerpt":{"rendered":"<p>Filos\u00f3ficamente, Ingenieros fue la cabeza m\u00e1s visible y prestigiosa del positivismo. En El hombre mediocre, el autor se propuso una noble tarea: estigmatizar la rutina, la hipocres\u00eda, y el servilismo, esas funestas lacras morales que impiden la formaci\u00f3n de ideales y el ennoblecimiento de la vida. El mensaje de Ingenieros sigue vigente. En este libro, [&hellip;]<\/p>\n","protected":false},"featured_media":5181,"template":"","meta":[],"product_brand":[],"product_cat":[25],"product_tag":[54,711,710,45],"class_list":{"0":"post-5172","1":"product","2":"type-product","3":"status-publish","4":"has-post-thumbnail","6":"product_cat-libros-digitales-ebooks","7":"product_tag-descargar-ebook","8":"product_tag-el-hombre-mediocre","9":"product_tag-jose-ingenieros","10":"product_tag-mejor-novela","12":"first","13":"instock","14":"shipping-taxable","15":"purchasable","16":"product-type-variable","17":"has-default-attributes"},"_links":{"self":[{"href":"https:\/\/www.taller-palabras.com\/WordPress_04\/wp-json\/wp\/v2\/product\/5172","targetHints":{"allow":["GET"]}}],"collection":[{"href":"https:\/\/www.taller-palabras.com\/WordPress_04\/wp-json\/wp\/v2\/product"}],"about":[{"href":"https:\/\/www.taller-palabras.com\/WordPress_04\/wp-json\/wp\/v2\/types\/product"}],"wp:featuredmedia":[{"embeddable":true,"href":"https:\/\/www.taller-palabras.com\/WordPress_04\/wp-json\/wp\/v2\/media\/5181"}],"wp:attachment":[{"href":"https:\/\/www.taller-palabras.com\/WordPress_04\/wp-json\/wp\/v2\/media?parent=5172"}],"wp:term":[{"taxonomy":"product_brand","embeddable":true,"href":"https:\/\/www.taller-palabras.com\/WordPress_04\/wp-json\/wp\/v2\/product_brand?post=5172"},{"taxonomy":"product_cat","embeddable":true,"href":"https:\/\/www.taller-palabras.com\/WordPress_04\/wp-json\/wp\/v2\/product_cat?post=5172"},{"taxonomy":"product_tag","embeddable":true,"href":"https:\/\/www.taller-palabras.com\/WordPress_04\/wp-json\/wp\/v2\/product_tag?post=5172"}],"curies":[{"name":"wp","href":"https:\/\/api.w.org\/{rel}","templated":true}]}}