{"id":5196,"date":"2022-02-12T12:50:08","date_gmt":"2022-02-12T15:50:08","guid":{"rendered":"https:\/\/www.taller-palabras.com\/WordPress_04\/?post_type=product&#038;p=5196"},"modified":"2024-06-21T14:07:23","modified_gmt":"2024-06-21T17:07:23","slug":"la-feria-de-las-vanidades-william-m-thackeray-ebook","status":"publish","type":"product","link":"https:\/\/www.taller-palabras.com\/WordPress_04\/producto\/la-feria-de-las-vanidades-william-m-thackeray-ebook","title":{"rendered":"La feria de las vanidades &#8211; William M Thackeray \/ebook"},"content":{"rendered":"<figure id=\"attachment_5184\" aria-describedby=\"caption-attachment-5184\" style=\"width: 150px\" class=\"wp-caption alignleft\"><img loading=\"lazy\" decoding=\"async\" class=\"wp-image-5184 size-thumbnail\" src=\"https:\/\/www.taller-palabras.com\/WordPress_04\/wp-content\/uploads\/2022\/02\/WilliamThackeray-150x150.jpg\" alt=\"\" width=\"150\" height=\"150\" srcset=\"https:\/\/www.taller-palabras.com\/WordPress_04\/wp-content\/uploads\/2022\/02\/WilliamThackeray-150x150.jpg 150w, https:\/\/www.taller-palabras.com\/WordPress_04\/wp-content\/uploads\/2022\/02\/WilliamThackeray-100x100.jpg 100w\" sizes=\"auto, (max-width: 150px) 100vw, 150px\" \/><figcaption id=\"caption-attachment-5184\" class=\"wp-caption-text\">Autor William M Thackeray<\/figcaption><\/figure>\n<p>En el recinto de la Feria se erige suntuoso uno de los mejores retratos de la sociedad inglesa de inicios del siglo XIX, cuyo director de escena de mirada desencantada no es otro que William M. Thackeray, maestro en el arte de crear personajes femeninos. As\u00ed, pronto veremos pisar el escenario a dos mujeres inolvidables: la dulce y apocada Amelia Sedley y la inteligente y ambiciosa Becky Sharp cobran vida en un juego fascinante, lleno de trampas y de emoci\u00f3n, en una obra magistral de la literatura de todos los tiempos. La cl\u00e1sica traducci\u00f3n que en su d\u00eda realizara Alfonso Nadal viene precedida en la presente edici\u00f3n por un esclarecedor estudio introductorio. Lo firma John Carey, catedr\u00e1tico em\u00e9rito de literatura inglesa en la Universidad de Oxford y cr\u00edtico literario de renombre indiscutible.<\/p>\n","protected":false},"excerpt":{"rendered":"<p>En el recinto de la Feria se erige suntuoso uno de los mejores retratos de la sociedad inglesa de inicios del siglo XIX, cuyo director de escena de mirada desencantada no es otro que William M. Thackeray, maestro en el arte de crear personajes femeninos. As\u00ed, pronto veremos pisar el escenario a dos mujeres inolvidables: [&hellip;]<\/p>\n","protected":false},"featured_media":5183,"template":"","meta":[],"product_brand":[],"product_cat":[25],"product_tag":[54,713,45,712],"class_list":{"0":"post-5196","1":"product","2":"type-product","3":"status-publish","4":"has-post-thumbnail","6":"product_cat-libros-digitales-ebooks","7":"product_tag-descargar-ebook","8":"product_tag-la-feria-de-las-vanidades","9":"product_tag-mejor-novela","10":"product_tag-william-thackeray","12":"first","13":"instock","14":"shipping-taxable","15":"purchasable","16":"product-type-variable","17":"has-default-attributes"},"_links":{"self":[{"href":"https:\/\/www.taller-palabras.com\/WordPress_04\/wp-json\/wp\/v2\/product\/5196","targetHints":{"allow":["GET"]}}],"collection":[{"href":"https:\/\/www.taller-palabras.com\/WordPress_04\/wp-json\/wp\/v2\/product"}],"about":[{"href":"https:\/\/www.taller-palabras.com\/WordPress_04\/wp-json\/wp\/v2\/types\/product"}],"wp:featuredmedia":[{"embeddable":true,"href":"https:\/\/www.taller-palabras.com\/WordPress_04\/wp-json\/wp\/v2\/media\/5183"}],"wp:attachment":[{"href":"https:\/\/www.taller-palabras.com\/WordPress_04\/wp-json\/wp\/v2\/media?parent=5196"}],"wp:term":[{"taxonomy":"product_brand","embeddable":true,"href":"https:\/\/www.taller-palabras.com\/WordPress_04\/wp-json\/wp\/v2\/product_brand?post=5196"},{"taxonomy":"product_cat","embeddable":true,"href":"https:\/\/www.taller-palabras.com\/WordPress_04\/wp-json\/wp\/v2\/product_cat?post=5196"},{"taxonomy":"product_tag","embeddable":true,"href":"https:\/\/www.taller-palabras.com\/WordPress_04\/wp-json\/wp\/v2\/product_tag?post=5196"}],"curies":[{"name":"wp","href":"https:\/\/api.w.org\/{rel}","templated":true}]}}